{"id":105413,"date":"2025-03-28T12:07:38","date_gmt":"2025-03-28T15:07:38","guid":{"rendered":"https:\/\/lightsteelblue-fish-559119.hostingersite.com\/industriasdeprecisao\/?page_id=105413"},"modified":"2026-03-25T09:28:50","modified_gmt":"2026-03-25T12:28:50","slug":"portal-de-transparencia","status":"publish","type":"page","link":"https:\/\/nilko.com.br\/industriasdeprecisao\/portal-de-transparencia\/","title":{"rendered":"Portal de Transpar\u00eancia"},"content":{"rendered":"<p>[et_pb_section fb_built=&#8221;1&#8243; _builder_version=&#8221;4.25.0&#8243; _module_preset=&#8221;default&#8221; global_colors_info=&#8221;{}&#8221;][et_pb_row _builder_version=&#8221;4.25.0&#8243; _module_preset=&#8221;default&#8221; global_colors_info=&#8221;{}&#8221;][et_pb_column type=&#8221;4_4&#8243; _builder_version=&#8221;4.25.0&#8243; _module_preset=&#8221;default&#8221; global_colors_info=&#8221;{}&#8221;][et_pb_heading title=&#8221;Portal de Transpar\u00eancia&#8221; _builder_version=&#8221;4.27.2&#8243; _module_preset=&#8221;default&#8221; global_colors_info=&#8221;{}&#8221;][\/et_pb_heading][et_pb_heading title=&#8221;Em atendimento a Lei N\u00b0 14.611, de 03\/07\/2023, a Nilko publica seu Relat\u00f3rio de Transpar\u00eancia e Igualdade Salarial de Mulheres e Homens.&#8221; _builder_version=&#8221;4.25.0&#8243; _module_preset=&#8221;default&#8221; global_colors_info=&#8221;{}&#8221;][\/et_pb_heading][\/et_pb_column][\/et_pb_row][et_pb_row _builder_version=&#8221;4.25.0&#8243; _module_preset=&#8221;default&#8221; global_colors_info=&#8221;{}&#8221;][et_pb_column type=&#8221;4_4&#8243; _builder_version=&#8221;4.25.0&#8243; _module_preset=&#8221;default&#8221; global_colors_info=&#8221;{}&#8221;][et_pb_image src=&#8221;https:\/\/nilko.com.br\/industriasdeprecisao\/wp-content\/uploads\/2026\/03\/RelatorioIgualdadeSalarialLote_2026_1_75086785000166.png&#8221; title_text=&#8221;RelatorioIgualdadeSalarialLote_2026_1_75086785000166&#8243; _builder_version=&#8221;4.27.2&#8243; _module_preset=&#8221;default&#8221; hover_enabled=&#8221;0&#8243; global_colors_info=&#8221;{}&#8221; sticky_enabled=&#8221;0&#8243;][\/et_pb_image][\/et_pb_column][\/et_pb_row][\/et_pb_section]<\/p>\n","protected":false},"excerpt":{"rendered":"","protected":false},"author":2,"featured_media":0,"parent":0,"menu_order":0,"comment_status":"closed","ping_status":"closed","template":"","meta":{"_et_pb_use_builder":"on","_et_pb_old_content":"","_et_gb_content_width":"","footnotes":""},"class_list":["post-105413","page","type-page","status-publish","hentry"],"yoast_head":"<!-- This site is optimized with the Yoast SEO plugin v27.4 - https:\/\/yoast.com\/product\/yoast-seo-wordpress\/ -->\n<title>Portal de Transpar\u00eancia - Nilko Ind\u00fastrias de Alta Precis\u00e3o<\/title>\n<meta name=\"robots\" content=\"index, follow, max-snippet:-1, max-image-preview:large, max-video-preview:-1\" \/>\n<link rel=\"canonical\" href=\"https:\/\/nilko.com.br\/industriasdeprecisao\/portal-de-transparencia\/\" \/>\n<meta property=\"og:locale\" content=\"pt_BR\" \/>\n<meta property=\"og:type\" content=\"article\" \/>\n<meta property=\"og:title\" content=\"Portal de Transpar\u00eancia - Nilko Ind\u00fastrias de Alta Precis\u00e3o\" \/>\n<meta property=\"og:url\" content=\"https:\/\/nilko.com.br\/industriasdeprecisao\/portal-de-transparencia\/\" \/>\n<meta property=\"og:site_name\" content=\"Nilko Ind\u00fastrias de Alta Precis\u00e3o\" \/>\n<meta property=\"article:modified_time\" content=\"2026-03-25T12:28:50+00:00\" \/>\n<meta name=\"twitter:card\" content=\"summary_large_image\" \/>\n<script type=\"application\/ld+json\" class=\"yoast-schema-graph\">{\"@context\":\"https:\\\/\\\/schema.org\",\"@graph\":[{\"@type\":\"WebPage\",\"@id\":\"https:\\\/\\\/nilko.com.br\\\/industriasdeprecisao\\\/portal-de-transparencia\\\/\",\"url\":\"https:\\\/\\\/nilko.com.br\\\/industriasdeprecisao\\\/portal-de-transparencia\\\/\",\"name\":\"Portal de Transpar\u00eancia - Nilko Ind\u00fastrias de Alta Precis\u00e3o\",\"isPartOf\":{\"@id\":\"https:\\\/\\\/nilko.com.br\\\/industriasdeprecisao\\\/#website\"},\"datePublished\":\"2025-03-28T15:07:38+00:00\",\"dateModified\":\"2026-03-25T12:28:50+00:00\",\"breadcrumb\":{\"@id\":\"https:\\\/\\\/nilko.com.br\\\/industriasdeprecisao\\\/portal-de-transparencia\\\/#breadcrumb\"},\"inLanguage\":\"pt-BR\",\"potentialAction\":[{\"@type\":\"ReadAction\",\"target\":[\"https:\\\/\\\/nilko.com.br\\\/industriasdeprecisao\\\/portal-de-transparencia\\\/\"]}]},{\"@type\":\"BreadcrumbList\",\"@id\":\"https:\\\/\\\/nilko.com.br\\\/industriasdeprecisao\\\/portal-de-transparencia\\\/#breadcrumb\",\"itemListElement\":[{\"@type\":\"ListItem\",\"position\":1,\"name\":\"In\u00edcio\",\"item\":\"https:\\\/\\\/nilko.com.br\\\/industriasdeprecisao\\\/\"},{\"@type\":\"ListItem\",\"position\":2,\"name\":\"Portal de Transpar\u00eancia\"}]},{\"@type\":\"WebSite\",\"@id\":\"https:\\\/\\\/nilko.com.br\\\/industriasdeprecisao\\\/#website\",\"url\":\"https:\\\/\\\/nilko.com.br\\\/industriasdeprecisao\\\/\",\"name\":\"Nilko Ind\u00fastrias de Alta Precis\u00e3o\",\"description\":\"\",\"potentialAction\":[{\"@type\":\"SearchAction\",\"target\":{\"@type\":\"EntryPoint\",\"urlTemplate\":\"https:\\\/\\\/nilko.com.br\\\/industriasdeprecisao\\\/?s={search_term_string}\"},\"query-input\":{\"@type\":\"PropertyValueSpecification\",\"valueRequired\":true,\"valueName\":\"search_term_string\"}}],\"inLanguage\":\"pt-BR\"}]}<\/script>\n<!-- \/ Yoast SEO plugin. -->","yoast_head_json":{"title":"Portal de Transpar\u00eancia - Nilko Ind\u00fastrias de Alta Precis\u00e3o","robots":{"index":"index","follow":"follow","max-snippet":"max-snippet:-1","max-image-preview":"max-image-preview:large","max-video-preview":"max-video-preview:-1"},"canonical":"https:\/\/nilko.com.br\/industriasdeprecisao\/portal-de-transparencia\/","og_locale":"pt_BR","og_type":"article","og_title":"Portal de Transpar\u00eancia - Nilko Ind\u00fastrias de Alta Precis\u00e3o","og_url":"https:\/\/nilko.com.br\/industriasdeprecisao\/portal-de-transparencia\/","og_site_name":"Nilko Ind\u00fastrias de Alta Precis\u00e3o","article_modified_time":"2026-03-25T12:28:50+00:00","twitter_card":"summary_large_image","schema":{"@context":"https:\/\/schema.org","@graph":[{"@type":"WebPage","@id":"https:\/\/nilko.com.br\/industriasdeprecisao\/portal-de-transparencia\/","url":"https:\/\/nilko.com.br\/industriasdeprecisao\/portal-de-transparencia\/","name":"Portal de Transpar\u00eancia - Nilko Ind\u00fastrias de Alta Precis\u00e3o","isPartOf":{"@id":"https:\/\/nilko.com.br\/industriasdeprecisao\/#website"},"datePublished":"2025-03-28T15:07:38+00:00","dateModified":"2026-03-25T12:28:50+00:00","breadcrumb":{"@id":"https:\/\/nilko.com.br\/industriasdeprecisao\/portal-de-transparencia\/#breadcrumb"},"inLanguage":"pt-BR","potentialAction":[{"@type":"ReadAction","target":["https:\/\/nilko.com.br\/industriasdeprecisao\/portal-de-transparencia\/"]}]},{"@type":"BreadcrumbList","@id":"https:\/\/nilko.com.br\/industriasdeprecisao\/portal-de-transparencia\/#breadcrumb","itemListElement":[{"@type":"ListItem","position":1,"name":"In\u00edcio","item":"https:\/\/nilko.com.br\/industriasdeprecisao\/"},{"@type":"ListItem","position":2,"name":"Portal de Transpar\u00eancia"}]},{"@type":"WebSite","@id":"https:\/\/nilko.com.br\/industriasdeprecisao\/#website","url":"https:\/\/nilko.com.br\/industriasdeprecisao\/","name":"Nilko Ind\u00fastrias de Alta Precis\u00e3o","description":"","potentialAction":[{"@type":"SearchAction","target":{"@type":"EntryPoint","urlTemplate":"https:\/\/nilko.com.br\/industriasdeprecisao\/?s={search_term_string}"},"query-input":{"@type":"PropertyValueSpecification","valueRequired":true,"valueName":"search_term_string"}}],"inLanguage":"pt-BR"}]}},"_links":{"self":[{"href":"https:\/\/nilko.com.br\/industriasdeprecisao\/wp-json\/wp\/v2\/pages\/105413","targetHints":{"allow":["GET"]}}],"collection":[{"href":"https:\/\/nilko.com.br\/industriasdeprecisao\/wp-json\/wp\/v2\/pages"}],"about":[{"href":"https:\/\/nilko.com.br\/industriasdeprecisao\/wp-json\/wp\/v2\/types\/page"}],"author":[{"embeddable":true,"href":"https:\/\/nilko.com.br\/industriasdeprecisao\/wp-json\/wp\/v2\/users\/2"}],"replies":[{"embeddable":true,"href":"https:\/\/nilko.com.br\/industriasdeprecisao\/wp-json\/wp\/v2\/comments?post=105413"}],"version-history":[{"count":5,"href":"https:\/\/nilko.com.br\/industriasdeprecisao\/wp-json\/wp\/v2\/pages\/105413\/revisions"}],"predecessor-version":[{"id":105439,"href":"https:\/\/nilko.com.br\/industriasdeprecisao\/wp-json\/wp\/v2\/pages\/105413\/revisions\/105439"}],"wp:attachment":[{"href":"https:\/\/nilko.com.br\/industriasdeprecisao\/wp-json\/wp\/v2\/media?parent=105413"}],"curies":[{"name":"wp","href":"https:\/\/api.w.org\/{rel}","templated":true}]}}