{"id":105070,"date":"2024-05-28T14:52:15","date_gmt":"2024-05-28T17:52:15","guid":{"rendered":"https:\/\/lightsteelblue-fish-559119.hostingersite.com\/industriasdeprecisao\/?page_id=105070"},"modified":"2024-11-25T09:17:14","modified_gmt":"2024-11-25T12:17:14","slug":"trabalhe-conosco","status":"publish","type":"page","link":"https:\/\/nilko.com.br\/industriasdeprecisao\/trabalhe-conosco\/","title":{"rendered":"Trabalhe conosco"},"content":{"rendered":"<p>[et_pb_section fb_built=&#8221;1&#8243; _builder_version=&#8221;4.24.2&#8243; _module_preset=&#8221;default&#8221; global_colors_info=&#8221;{}&#8221;][et_pb_row _builder_version=&#8221;4.24.2&#8243; _module_preset=&#8221;default&#8221; global_colors_info=&#8221;{}&#8221;][et_pb_column type=&#8221;4_4&#8243; _builder_version=&#8221;4.24.2&#8243; _module_preset=&#8221;default&#8221; global_colors_info=&#8221;{}&#8221;][et_pb_heading title=&#8221;Trabalhe Conosco&#8221; _builder_version=&#8221;4.24.2&#8243; _module_preset=&#8221;default&#8221; title_text_color=&#8221;#00245B&#8221; title_font_size=&#8221;39px&#8221; global_colors_info=&#8221;{}&#8221;][\/et_pb_heading][et_pb_text _builder_version=&#8221;4.27.2&#8243; _module_preset=&#8221;default&#8221; global_colors_info=&#8221;{}&#8221;]<\/p>\n<p>Bem-vindo \u00e0 nossa p\u00e1gina &#8220;Trabalhe Conosco&#8221;! Estamos entusiasmados por voc\u00ea estar interessado em fazer parte da nossa equipe. Aqui, valorizamos a diversidade de talentos e acreditamos que cada novo colaborador traz consigo experi\u00eancias \u00fanicas que podem enriquecer nossa cultura organizacional.<\/p>\n<p>Se voc\u00ea est\u00e1 em busca de uma oportunidade que ofere\u00e7a crescimento profissional, um ambiente colaborativo e desafios estimulantes, voc\u00ea est\u00e1 no lugar certo. Nossa empresa \u00e9 comprometida com a forma\u00e7\u00e3o de um time que n\u00e3o s\u00f3 desempenha fun\u00e7\u00f5es, mas que tamb\u00e9m compartilha valores de \u00e9tica, inova\u00e7\u00e3o e respeito. Acreditamos que um bom ambiente de trabalho \u00e9 aquele onde todos se sentem valorizados e motivados a dar o melhor de si.<\/p>\n<p>Nesta p\u00e1gina, voc\u00ea ter\u00e1 a chance de deixar seus dados de contato, curriculo e, se poss\u00edvel, uma breve descri\u00e7\u00e3o de sua experi\u00eancia e interesse. Assim, nossa equipe poder\u00e1 analisar seu perfil e entrar em contato para futuras oportunidades que se alinhem ao seu potencial.<\/p>\n<p>Estamos ansiosos para conhecer voc\u00ea e descobrir como suas habilidades podem contribuir para o nosso sucesso. Junte-se a n\u00f3s nessa jornada! Preencha suas informa\u00e7\u00f5es e d\u00ea o primeiro passo rumo a uma carreira gratificante e cheia de possibilidades.<\/p>\n<p>[\/et_pb_text][\/et_pb_column][\/et_pb_row][\/et_pb_section][et_pb_section fb_built=&#8221;1&#8243; _builder_version=&#8221;4.24.2&#8243; background_color=&#8221;rgba(0,36,91,0.06)&#8221; global_colors_info=&#8221;{}&#8221;][et_pb_row _builder_version=&#8221;4.16&#8243; background_size=&#8221;initial&#8221; background_position=&#8221;top_left&#8221; background_repeat=&#8221;repeat&#8221; global_colors_info=&#8221;{}&#8221;][et_pb_column type=&#8221;4_4&#8243; _builder_version=&#8221;4.16&#8243; custom_padding=&#8221;|||&#8221; global_colors_info=&#8221;{}&#8221; custom_padding__hover=&#8221;|||&#8221;][et_pb_code _builder_version=&#8221;4.27.2&#8243; _module_preset=&#8221;default&#8221; hover_enabled=&#8221;0&#8243; global_colors_info=&#8221;{}&#8221; sticky_enabled=&#8221;0&#8243;]\n<div class=\"wpcf7 no-js\" id=\"wpcf7-f105074-o1\" lang=\"pt-BR\" dir=\"ltr\" data-wpcf7-id=\"105074\">\n<div class=\"screen-reader-response\"><p role=\"status\" aria-live=\"polite\" aria-atomic=\"true\"><\/p> <ul><\/ul><\/div>\n<form action=\"\/industriasdeprecisao\/wp-json\/wp\/v2\/pages\/105070#wpcf7-f105074-o1\" method=\"post\" class=\"wpcf7-form init\" aria-label=\"Formul\u00e1rios de contato\" enctype=\"multipart\/form-data\" novalidate=\"novalidate\" data-status=\"init\">\n<fieldset class=\"hidden-fields-container\"><input type=\"hidden\" name=\"_wpcf7\" value=\"105074\" \/><input type=\"hidden\" name=\"_wpcf7_version\" value=\"6.1.4\" \/><input type=\"hidden\" name=\"_wpcf7_locale\" value=\"pt_BR\" \/><input type=\"hidden\" name=\"_wpcf7_unit_tag\" value=\"wpcf7-f105074-o1\" \/><input type=\"hidden\" name=\"_wpcf7_container_post\" value=\"0\" \/><input type=\"hidden\" name=\"_wpcf7_posted_data_hash\" value=\"\" \/>\n<\/fieldset>\n<p><span class=\"wpcf7-form-control-wrap\" data-name=\"nome\"><input size=\"40\" maxlength=\"400\" class=\"wpcf7-form-control wpcf7-text wpcf7-validates-as-required\" id=\"nome\" aria-required=\"true\" aria-invalid=\"false\" placeholder=\"Nome\" value=\"\" type=\"text\" name=\"nome\" \/><\/span>\n<\/p>\n<div class=\"half\">\n\t<p><span class=\"wpcf7-form-control-wrap\" data-name=\"telefone\"><input size=\"40\" maxlength=\"400\" class=\"wpcf7-form-control wpcf7-tel wpcf7-text wpcf7-validates-as-tel\" id=\"telefone\" aria-invalid=\"false\" placeholder=\"Telefone\" value=\"\" type=\"tel\" name=\"telefone\" \/><\/span><br \/>\n<span class=\"wpcf7-form-control-wrap\" data-name=\"email\"><input size=\"40\" maxlength=\"400\" class=\"wpcf7-form-control wpcf7-email wpcf7-validates-as-required wpcf7-text wpcf7-validates-as-email\" id=\"email\" aria-required=\"true\" aria-invalid=\"false\" placeholder=\"E-mail\" value=\"\" type=\"email\" name=\"email\" \/><\/span>\n\t<\/p>\n<\/div>\n<div class=\"half\">\n\t<p><span class=\"wpcf7-form-control-wrap\" data-name=\"cidade\"><input size=\"40\" maxlength=\"400\" class=\"wpcf7-form-control wpcf7-text wpcf7-validates-as-required\" id=\"cidade\" aria-required=\"true\" aria-invalid=\"false\" placeholder=\"Cidade\" value=\"\" type=\"text\" name=\"cidade\" \/><\/span><br \/>\n<span class=\"wpcf7-form-control-wrap\" data-name=\"estado\"><input size=\"40\" maxlength=\"400\" class=\"wpcf7-form-control wpcf7-text wpcf7-validates-as-required\" id=\"estado\" aria-required=\"true\" aria-invalid=\"false\" placeholder=\"Estado\" value=\"\" type=\"text\" name=\"estado\" \/><\/span>\n\t<\/p>\n<\/div>\n<div class=\"half\">\n\t<p><span class=\"wpcf7-form-control-wrap\" data-name=\"areaatuacao\"><input size=\"40\" maxlength=\"400\" class=\"wpcf7-form-control wpcf7-text wpcf7-validates-as-required\" aria-required=\"true\" aria-invalid=\"false\" placeholder=\"\u00c1rea de atua\u00e7\u00e3o\" value=\"\" type=\"text\" name=\"areaatuacao\" \/><\/span><br \/>\n<span class=\"wpcf7-form-control-wrap\" data-name=\"escolaridade\"><input size=\"40\" maxlength=\"400\" class=\"wpcf7-form-control wpcf7-text wpcf7-validates-as-required\" aria-required=\"true\" aria-invalid=\"false\" placeholder=\"Educa\u00e7\u00e3o\" value=\"\" type=\"text\" name=\"escolaridade\" \/><\/span>\n\t<\/p>\n<\/div>\n<p><span class=\"wpcf7-form-control-wrap\" data-name=\"cargoprentendido\"><input size=\"40\" maxlength=\"400\" class=\"wpcf7-form-control wpcf7-text wpcf7-validates-as-required\" aria-required=\"true\" aria-invalid=\"false\" placeholder=\"Posi\u00e7\u00e3o desejada\" value=\"\" type=\"text\" name=\"cargoprentendido\" \/><\/span><br \/>\n<span class=\"wpcf7-form-control-wrap\" data-name=\"curriculo\"><input size=\"40\" class=\"wpcf7-form-control wpcf7-file wpcf7-validates-as-required\" id=\"upload_curriculo\" accept=\".pdf,.docx,.doc\" aria-required=\"true\" aria-invalid=\"false\" type=\"file\" name=\"curriculo\" \/><\/span><br \/>\n<span class=\"wpcf7-form-control-wrap\" data-name=\"mensagem\"><textarea cols=\"40\" rows=\"10\" maxlength=\"2000\" class=\"wpcf7-form-control wpcf7-textarea wpcf7-validates-as-required\" id=\"mensagem\" aria-required=\"true\" aria-invalid=\"false\" placeholder=\"Mesaje\" name=\"mensagem\"><\/textarea><\/span>\n<\/p>\n<p><span class=\"wpcf7-form-control-wrap\" data-name=\"acceptance-240\"><span class=\"wpcf7-form-control wpcf7-acceptance optional\"><span class=\"wpcf7-list-item\"><label><input type=\"checkbox\" name=\"acceptance-240\" value=\"1\" aria-invalid=\"false\" \/><span class=\"wpcf7-list-item-label\">Ao utilizar este formul\u00e1rio concordo com o armazenamento e tratamento dos meus dados por este site.<\/span><\/label><\/span><\/span><\/span><br \/>\n<input class=\"wpcf7-form-control wpcf7-submit has-spinner btn\" type=\"submit\" value=\"Enviar\" \/>\n<\/p><input type='hidden' class='wpcf7-pum' value='{\"closepopup\":false,\"closedelay\":0,\"openpopup\":false,\"openpopup_id\":0}' \/><div class=\"wpcf7-response-output\" aria-hidden=\"true\"><\/div>\n<\/form>\n<\/div>\n[\/et_pb_code][\/et_pb_column][\/et_pb_row][\/et_pb_section]<\/p>\n","protected":false},"excerpt":{"rendered":"<p>Bem-vindo \u00e0 nossa p\u00e1gina &#8220;Trabalhe Conosco&#8221;! Estamos entusiasmados por voc\u00ea estar interessado em fazer parte da nossa equipe. Aqui, valorizamos a diversidade de talentos e acreditamos que cada novo colaborador traz consigo experi\u00eancias \u00fanicas que podem enriquecer nossa cultura organizacional. Se voc\u00ea est\u00e1 em busca de uma oportunidade que ofere\u00e7a crescimento profissional, um ambiente colaborativo [&hellip;]<\/p>\n","protected":false},"author":2,"featured_media":0,"parent":0,"menu_order":0,"comment_status":"closed","ping_status":"closed","template":"","meta":{"_et_pb_use_builder":"on","_et_pb_old_content":"","_et_gb_content_width":"","footnotes":""},"class_list":["post-105070","page","type-page","status-publish","hentry"],"yoast_head":"<!-- This site is optimized with the Yoast SEO plugin v27.4 - https:\/\/yoast.com\/product\/yoast-seo-wordpress\/ -->\n<title>Trabalhe conosco - Nilko Ind\u00fastrias de Alta Precis\u00e3o<\/title>\n<meta name=\"description\" content=\"Agradecemos o seu interesse por trabalhar conosco, a Nilko \u00e9 formada por profissionais de alto n\u00edvel em diversas \u00e1reas e preza por isso\" \/>\n<meta name=\"robots\" content=\"index, follow, max-snippet:-1, max-image-preview:large, max-video-preview:-1\" \/>\n<link rel=\"canonical\" href=\"https:\/\/nilko.com.br\/industriasdeprecisao\/trabalhe-conosco\/\" \/>\n<meta property=\"og:locale\" content=\"pt_BR\" \/>\n<meta property=\"og:type\" content=\"article\" \/>\n<meta property=\"og:title\" content=\"Trabalhe conosco - Nilko Ind\u00fastrias de Alta Precis\u00e3o\" \/>\n<meta property=\"og:description\" content=\"Agradecemos o seu interesse por trabalhar conosco, a Nilko \u00e9 formada por profissionais de alto n\u00edvel em diversas \u00e1reas e preza por isso\" \/>\n<meta property=\"og:url\" content=\"https:\/\/nilko.com.br\/industriasdeprecisao\/trabalhe-conosco\/\" \/>\n<meta property=\"og:site_name\" content=\"Nilko Ind\u00fastrias de Alta Precis\u00e3o\" \/>\n<meta property=\"article:modified_time\" content=\"2024-11-25T12:17:14+00:00\" \/>\n<meta name=\"twitter:card\" content=\"summary_large_image\" \/>\n<meta name=\"twitter:label1\" content=\"Est. tempo de leitura\" \/>\n\t<meta name=\"twitter:data1\" content=\"2 minutos\" \/>\n<script type=\"application\/ld+json\" class=\"yoast-schema-graph\">{\"@context\":\"https:\\\/\\\/schema.org\",\"@graph\":[{\"@type\":\"WebPage\",\"@id\":\"https:\\\/\\\/nilko.com.br\\\/industriasdeprecisao\\\/trabalhe-conosco\\\/\",\"url\":\"https:\\\/\\\/nilko.com.br\\\/industriasdeprecisao\\\/trabalhe-conosco\\\/\",\"name\":\"Trabalhe conosco - Nilko Ind\u00fastrias de Alta Precis\u00e3o\",\"isPartOf\":{\"@id\":\"https:\\\/\\\/nilko.com.br\\\/industriasdeprecisao\\\/#website\"},\"datePublished\":\"2024-05-28T17:52:15+00:00\",\"dateModified\":\"2024-11-25T12:17:14+00:00\",\"description\":\"Agradecemos o seu interesse por trabalhar conosco, a Nilko \u00e9 formada por profissionais de alto n\u00edvel em diversas \u00e1reas e preza por isso\",\"breadcrumb\":{\"@id\":\"https:\\\/\\\/nilko.com.br\\\/industriasdeprecisao\\\/trabalhe-conosco\\\/#breadcrumb\"},\"inLanguage\":\"pt-BR\",\"potentialAction\":[{\"@type\":\"ReadAction\",\"target\":[\"https:\\\/\\\/nilko.com.br\\\/industriasdeprecisao\\\/trabalhe-conosco\\\/\"]}]},{\"@type\":\"BreadcrumbList\",\"@id\":\"https:\\\/\\\/nilko.com.br\\\/industriasdeprecisao\\\/trabalhe-conosco\\\/#breadcrumb\",\"itemListElement\":[{\"@type\":\"ListItem\",\"position\":1,\"name\":\"In\u00edcio\",\"item\":\"https:\\\/\\\/nilko.com.br\\\/industriasdeprecisao\\\/\"},{\"@type\":\"ListItem\",\"position\":2,\"name\":\"Trabalhe conosco\"}]},{\"@type\":\"WebSite\",\"@id\":\"https:\\\/\\\/nilko.com.br\\\/industriasdeprecisao\\\/#website\",\"url\":\"https:\\\/\\\/nilko.com.br\\\/industriasdeprecisao\\\/\",\"name\":\"Nilko Ind\u00fastrias de Alta Precis\u00e3o\",\"description\":\"\",\"potentialAction\":[{\"@type\":\"SearchAction\",\"target\":{\"@type\":\"EntryPoint\",\"urlTemplate\":\"https:\\\/\\\/nilko.com.br\\\/industriasdeprecisao\\\/?s={search_term_string}\"},\"query-input\":{\"@type\":\"PropertyValueSpecification\",\"valueRequired\":true,\"valueName\":\"search_term_string\"}}],\"inLanguage\":\"pt-BR\"}]}<\/script>\n<!-- \/ Yoast SEO plugin. -->","yoast_head_json":{"title":"Trabalhe conosco - Nilko Ind\u00fastrias de Alta Precis\u00e3o","description":"Agradecemos o seu interesse por trabalhar conosco, a Nilko \u00e9 formada por profissionais de alto n\u00edvel em diversas \u00e1reas e preza por isso","robots":{"index":"index","follow":"follow","max-snippet":"max-snippet:-1","max-image-preview":"max-image-preview:large","max-video-preview":"max-video-preview:-1"},"canonical":"https:\/\/nilko.com.br\/industriasdeprecisao\/trabalhe-conosco\/","og_locale":"pt_BR","og_type":"article","og_title":"Trabalhe conosco - Nilko Ind\u00fastrias de Alta Precis\u00e3o","og_description":"Agradecemos o seu interesse por trabalhar conosco, a Nilko \u00e9 formada por profissionais de alto n\u00edvel em diversas \u00e1reas e preza por isso","og_url":"https:\/\/nilko.com.br\/industriasdeprecisao\/trabalhe-conosco\/","og_site_name":"Nilko Ind\u00fastrias de Alta Precis\u00e3o","article_modified_time":"2024-11-25T12:17:14+00:00","twitter_card":"summary_large_image","twitter_misc":{"Est. tempo de leitura":"2 minutos"},"schema":{"@context":"https:\/\/schema.org","@graph":[{"@type":"WebPage","@id":"https:\/\/nilko.com.br\/industriasdeprecisao\/trabalhe-conosco\/","url":"https:\/\/nilko.com.br\/industriasdeprecisao\/trabalhe-conosco\/","name":"Trabalhe conosco - Nilko Ind\u00fastrias de Alta Precis\u00e3o","isPartOf":{"@id":"https:\/\/nilko.com.br\/industriasdeprecisao\/#website"},"datePublished":"2024-05-28T17:52:15+00:00","dateModified":"2024-11-25T12:17:14+00:00","description":"Agradecemos o seu interesse por trabalhar conosco, a Nilko \u00e9 formada por profissionais de alto n\u00edvel em diversas \u00e1reas e preza por isso","breadcrumb":{"@id":"https:\/\/nilko.com.br\/industriasdeprecisao\/trabalhe-conosco\/#breadcrumb"},"inLanguage":"pt-BR","potentialAction":[{"@type":"ReadAction","target":["https:\/\/nilko.com.br\/industriasdeprecisao\/trabalhe-conosco\/"]}]},{"@type":"BreadcrumbList","@id":"https:\/\/nilko.com.br\/industriasdeprecisao\/trabalhe-conosco\/#breadcrumb","itemListElement":[{"@type":"ListItem","position":1,"name":"In\u00edcio","item":"https:\/\/nilko.com.br\/industriasdeprecisao\/"},{"@type":"ListItem","position":2,"name":"Trabalhe conosco"}]},{"@type":"WebSite","@id":"https:\/\/nilko.com.br\/industriasdeprecisao\/#website","url":"https:\/\/nilko.com.br\/industriasdeprecisao\/","name":"Nilko Ind\u00fastrias de Alta Precis\u00e3o","description":"","potentialAction":[{"@type":"SearchAction","target":{"@type":"EntryPoint","urlTemplate":"https:\/\/nilko.com.br\/industriasdeprecisao\/?s={search_term_string}"},"query-input":{"@type":"PropertyValueSpecification","valueRequired":true,"valueName":"search_term_string"}}],"inLanguage":"pt-BR"}]}},"_links":{"self":[{"href":"https:\/\/nilko.com.br\/industriasdeprecisao\/wp-json\/wp\/v2\/pages\/105070","targetHints":{"allow":["GET"]}}],"collection":[{"href":"https:\/\/nilko.com.br\/industriasdeprecisao\/wp-json\/wp\/v2\/pages"}],"about":[{"href":"https:\/\/nilko.com.br\/industriasdeprecisao\/wp-json\/wp\/v2\/types\/page"}],"author":[{"embeddable":true,"href":"https:\/\/nilko.com.br\/industriasdeprecisao\/wp-json\/wp\/v2\/users\/2"}],"replies":[{"embeddable":true,"href":"https:\/\/nilko.com.br\/industriasdeprecisao\/wp-json\/wp\/v2\/comments?post=105070"}],"version-history":[{"count":8,"href":"https:\/\/nilko.com.br\/industriasdeprecisao\/wp-json\/wp\/v2\/pages\/105070\/revisions"}],"predecessor-version":[{"id":105362,"href":"https:\/\/nilko.com.br\/industriasdeprecisao\/wp-json\/wp\/v2\/pages\/105070\/revisions\/105362"}],"wp:attachment":[{"href":"https:\/\/nilko.com.br\/industriasdeprecisao\/wp-json\/wp\/v2\/media?parent=105070"}],"curies":[{"name":"wp","href":"https:\/\/api.w.org\/{rel}","templated":true}]}}