{"id":105060,"date":"2024-05-28T14:36:13","date_gmt":"2024-05-28T17:36:13","guid":{"rendered":"https:\/\/lightsteelblue-fish-559119.hostingersite.com\/industriasdeprecisao\/?page_id=105060"},"modified":"2024-05-28T14:48:18","modified_gmt":"2024-05-28T17:48:18","slug":"faq","status":"publish","type":"page","link":"https:\/\/nilko.com.br\/industriasdeprecisao\/faq\/","title":{"rendered":"FAQ"},"content":{"rendered":"<p>[et_pb_section fb_built=&#8221;1&#8243; _builder_version=&#8221;4.24.2&#8243; _module_preset=&#8221;default&#8221; background_color=&#8221;#00245B&#8221; custom_margin=&#8221;-49px||||false|false&#8221; custom_margin_tablet=&#8221;-49px||||false|false&#8221; custom_margin_phone=&#8221;-71px||||false|false&#8221; custom_margin_last_edited=&#8221;on|phone&#8221; saved_tabs=&#8221;all&#8221; global_colors_info=&#8221;{}&#8221;][et_pb_row _builder_version=&#8221;4.24.2&#8243; _module_preset=&#8221;default&#8221; global_colors_info=&#8221;{}&#8221;][et_pb_column type=&#8221;4_4&#8243; _builder_version=&#8221;4.24.2&#8243; _module_preset=&#8221;default&#8221; global_colors_info=&#8221;{}&#8221;][et_pb_heading title=&#8221;@ET-DC@eyJkeW5hbWljIjp0cnVlLCJjb250ZW50IjoicG9zdF90aXRsZSIsInNldHRpbmdzIjp7ImJlZm9yZSI6IiIsImFmdGVyIjoiIn19@&#8221; _builder_version=&#8221;4.24.2&#8243; _dynamic_attributes=&#8221;title&#8221; _module_preset=&#8221;default&#8221; title_text_color=&#8221;#FFFFFF&#8221; title_font_size=&#8221;42px&#8221; custom_margin=&#8221;43px||||false|false&#8221; custom_padding=&#8221;2px||0px||false|false&#8221; global_colors_info=&#8221;{}&#8221;][\/et_pb_heading][et_pb_divider color=&#8221;#ffc400&#8243; divider_weight=&#8221;3px&#8221; _builder_version=&#8221;4.24.2&#8243; _module_preset=&#8221;default&#8221; width=&#8221;16%&#8221; global_colors_info=&#8221;{}&#8221;][\/et_pb_divider][\/et_pb_column][\/et_pb_row][\/et_pb_section][et_pb_section fb_built=&#8221;1&#8243; _builder_version=&#8221;4.24.2&#8243; _module_preset=&#8221;default&#8221; custom_margin=&#8221;-39px|||||&#8221; global_colors_info=&#8221;{}&#8221;][et_pb_row column_structure=&#8221;1_2,1_2&#8243; _builder_version=&#8221;4.24.2&#8243; _module_preset=&#8221;default&#8221; global_colors_info=&#8221;{}&#8221;][et_pb_column type=&#8221;1_2&#8243; _builder_version=&#8221;4.24.2&#8243; _module_preset=&#8221;default&#8221; global_colors_info=&#8221;{}&#8221;][et_pb_text _builder_version=&#8221;4.25.1&#8243; _module_preset=&#8221;default&#8221; hover_enabled=&#8221;0&#8243; global_colors_info=&#8221;{}&#8221; sticky_enabled=&#8221;0&#8243;]<\/p>\n<div class=\"dt-fancy-separator h2-size style-disabled\">\n<h2 class=\"dt-fancy-title\">Perguntas frequentes\u00a0\u00a0<\/h2>\n<\/div>\n<p>[\/et_pb_text][et_pb_accordion _builder_version=&#8221;4.25.1&#8243; _module_preset=&#8221;default&#8221; hover_enabled=&#8221;0&#8243; global_colors_info=&#8221;{}&#8221; sticky_enabled=&#8221;0&#8243;][et_pb_accordion_item title=&#8221;Para onde devo enviar um curr\u00edculo?&#8221; open=&#8221;on&#8221; _builder_version=&#8221;4.25.1&#8243; _module_preset=&#8221;default&#8221; hover_enabled=&#8221;0&#8243; global_colors_info=&#8221;{}&#8221; sticky_enabled=&#8221;0&#8243;]<\/p>\n<p><span>Pode ser enviado para nosso departamento de Recursos Humanos no e-mail rh@nilko.com.br.<\/span><\/p>\n<p>[\/et_pb_accordion_item][et_pb_accordion_item title=&#8221;Somos fabricantes\/montadores e gostar\u00edamos de firmar uma parceria para produ\u00e7\u00e3o de itens met\u00e1licos\/pl\u00e1sticos\/usinados, a quem devo me dirigir?&#8221; _builder_version=&#8221;4.25.1&#8243; _module_preset=&#8221;default&#8221; hover_enabled=&#8221;0&#8243; global_colors_info=&#8221;{}&#8221; open=&#8221;off&#8221; sticky_enabled=&#8221;0&#8243;]<\/p>\n<p><span>Sua solicita\u00e7\u00e3o deve ser feita ao departamento comercial Nilko, atrav\u00e9s do e-mail sergio@nilko.com.br ou pelo telefone (41) 3661-2200.<\/span><\/p>\n<p>[\/et_pb_accordion_item][et_pb_accordion_item title=&#8221;Voc\u00eas fazem serigrafia personalizada?&#8221; _builder_version=&#8221;4.25.1&#8243; _module_preset=&#8221;default&#8221; hover_enabled=&#8221;0&#8243; global_colors_info=&#8221;{}&#8221; open=&#8221;off&#8221; sticky_enabled=&#8221;0&#8243;]<\/p>\n<p><span>A serigrafia Nilko s\u00f3 \u00e9 poss\u00edvel para grandes volumes de pe\u00e7as fabricadas em nossas unidades.<\/span><\/p>\n<p>[\/et_pb_accordion_item][et_pb_accordion_item title=&#8221;Preciso de um or\u00e7amento para corte em chapa de a\u00e7o para l\u00e2minas de ro\u00e7adeira.&#8221; _builder_version=&#8221;4.25.1&#8243; _module_preset=&#8221;default&#8221; hover_enabled=&#8221;0&#8243; global_colors_info=&#8221;{}&#8221; open=&#8221;off&#8221; sticky_enabled=&#8221;0&#8243;]<\/p>\n<p><span>Para grandes volumes de produ\u00e7\u00e3o, entre em contato com o departamento comercial Nilko atrav\u00e9s do e-mail sergio@nilko.com.br ou pelo telefone (41) 3661-2200.<\/span><\/p>\n<p>[\/et_pb_accordion_item][et_pb_accordion_item title=&#8221;Onde compro aquecedor?&#8221; _builder_version=&#8221;4.25.1&#8243; _module_preset=&#8221;default&#8221; hover_enabled=&#8221;0&#8243; global_colors_info=&#8221;{}&#8221; open=&#8221;off&#8221; sticky_enabled=&#8221;0&#8243;]<\/p>\n<p><span>Compre seu aquecedor Nilko em nossa Loja Oficial Online:\u00a0<\/span><a href=\"https:\/\/loja.nilko.com.br\/\">https:\/\/loja.nilko.com.br\/<\/a><\/p>\n<p>[\/et_pb_accordion_item][et_pb_accordion_item title=&#8221;Onde compro gabinetes, racks para servidor e seus acess\u00f3rios?&#8221; _builder_version=&#8221;4.25.1&#8243; _module_preset=&#8221;default&#8221; hover_enabled=&#8221;0&#8243; global_colors_info=&#8221;{}&#8221; open=&#8221;off&#8221; sticky_enabled=&#8221;0&#8243;]<\/p>\n<p><span>Compre em nossa Loja Oficial Nilko:\u00a0<\/span><a href=\"https:\/\/loja.nilko.com.br\/\">https:\/\/loja.nilko.com.br\/<\/a><\/p>\n<p>[\/et_pb_accordion_item][et_pb_accordion_item title=&#8221;Gostaria de desenvolver um produto.&#8221; _builder_version=&#8221;4.25.1&#8243; _module_preset=&#8221;default&#8221; hover_enabled=&#8221;0&#8243; global_colors_info=&#8221;{}&#8221; open=&#8221;off&#8221; sticky_enabled=&#8221;0&#8243;]<\/p>\n<p><span>Consiga seu or\u00e7amento atrav\u00e9s de nosso departamento comercial atrav\u00e9s do e-mail sergio@nilko.com.br ou no telefone (41) 3661-2200.<\/span><\/p>\n<p>[\/et_pb_accordion_item][et_pb_accordion_item title=&#8221;Estou procurando empresa que possa fornecer gabinetes para aplica\u00e7\u00f5es de telecom.&#8221; _builder_version=&#8221;4.25.1&#8243; _module_preset=&#8221;default&#8221; hover_enabled=&#8221;0&#8243; global_colors_info=&#8221;{}&#8221; open=&#8221;off&#8221; sticky_enabled=&#8221;0&#8243;]<\/p>\n<p><span>Nossa unidade de desenvolvimento de gabinetes e cabines Nilko al\u00e9m de possuir v\u00e1rios modelos em seu catalogo tamb\u00e9m faz projetos personalizados, visite www.nilko.com.br\/cabines ou solicite contato comercial via e-mail rafael.garcia@nilko.com.br ou por telefone (41) 3661-2900.<\/span><\/p>\n<p>[\/et_pb_accordion_item][et_pb_accordion_item title=&#8221;Eu tenho um projeto com um produto que eu gostaria que voc\u00eas fabricassem e preciso de um or\u00e7amento.&#8221; _builder_version=&#8221;4.25.1&#8243; _module_preset=&#8221;default&#8221; hover_enabled=&#8221;0&#8243; global_colors_info=&#8221;{}&#8221; open=&#8221;off&#8221; sticky_enabled=&#8221;0&#8243;]<\/p>\n<p><span>Consiga seu or\u00e7amento atrav\u00e9s de nosso departamento comercial atrav\u00e9s do e-mail sergio@nilko.com.br ou no telefone (41) 3661-2200.<\/span><\/p>\n<p>[\/et_pb_accordion_item][et_pb_accordion_item title=&#8221;Onde fica a empresa?&#8221; _builder_version=&#8221;4.25.1&#8243; _module_preset=&#8221;default&#8221; hover_enabled=&#8221;0&#8243; global_colors_info=&#8221;{}&#8221; open=&#8221;off&#8221; sticky_enabled=&#8221;0&#8243;]<\/p>\n<p>Na avenida Maring\u00e1, 1900 em Pinhais\/PR.<\/p>\n<p>Estamos localizados na avenida Maring\u00e1, 1900 em Pinhais\/PR. Veja como chegar at\u00e9 n\u00f3s pelo link ao lado -&gt; https:\/\/goo.gl\/maps\/tAcKKgs918d3ed1Y6<\/p>\n<p>[\/et_pb_accordion_item][\/et_pb_accordion][\/et_pb_column][et_pb_column type=&#8221;1_2&#8243; _builder_version=&#8221;4.24.2&#8243; _module_preset=&#8221;default&#8221; global_colors_info=&#8221;{}&#8221;][et_pb_accordion _builder_version=&#8221;4.25.1&#8243; _module_preset=&#8221;default&#8221; hover_enabled=&#8221;0&#8243; global_colors_info=&#8221;{}&#8221; sticky_enabled=&#8221;0&#8243; custom_margin=&#8221;65px||||false|false&#8221;][et_pb_accordion_item title=&#8221;Gostaria de or\u00e7ar gabinetes met\u00e1licos.&#8221; open=&#8221;on&#8221; _builder_version=&#8221;4.25.1&#8243; _module_preset=&#8221;default&#8221; hover_enabled=&#8221;0&#8243; global_colors_info=&#8221;{}&#8221; sticky_enabled=&#8221;0&#8243;]<\/p>\n<p><span>Nossa unidade de desenvolvimento de gabinetes e cabines Nilko al\u00e9m de possuir v\u00e1rios modelos em seu catalogo tamb\u00e9m faz projetos personalizados, visite www.nilko.com.br\/cabines ou solicite contato comercial via e-mail rafael.garcia@nilko.com.br ou por telefone (41) 3661-2900.<\/span><\/p>\n<p>[\/et_pb_accordion_item][et_pb_accordion_item title=&#8221;Voc\u00eas fabricam ferramentas progressivas?&#8221; open=&#8221;on&#8221; _builder_version=&#8221;4.25.1&#8243; _module_preset=&#8221;default&#8221; hover_enabled=&#8221;0&#8243; global_colors_info=&#8221;{}&#8221; sticky_enabled=&#8221;0&#8243;]<\/p>\n<p><span>Sim, temos uma estrutura completa de ferramentarias tanto para estampo progressivo quanto para inje\u00e7\u00e3o pl\u00e1stica.<\/span><\/p>\n<p>[\/et_pb_accordion_item][et_pb_accordion_item title=&#8221;Voc\u00eas trabalham com port\u00f5es residenciais?&#8221; open=&#8221;on&#8221; _builder_version=&#8221;4.25.1&#8243; _module_preset=&#8221;default&#8221; hover_enabled=&#8221;0&#8243; global_colors_info=&#8221;{}&#8221; sticky_enabled=&#8221;0&#8243;]<\/p>\n<p><span>N\u00e3o, trabalhamos somente com metalurgia de produ\u00e7\u00e3o seriada\u00a0de m\u00e9dia e grande escala de partes e pe\u00e7as pl\u00e1sticas, met\u00e1licas e usinadas.<\/span><\/p>\n<p>[\/et_pb_accordion_item][et_pb_accordion_item title=&#8221;Voc\u00eas trabalham com engate r\u00e1pido?&#8221; open=&#8221;on&#8221; _builder_version=&#8221;4.25.1&#8243; _module_preset=&#8221;default&#8221; hover_enabled=&#8221;0&#8243; global_colors_info=&#8221;{}&#8221; sticky_enabled=&#8221;0&#8243;]<\/p>\n<p><span>N\u00e3o, trabalhamos somente com metalurgia de produ\u00e7\u00e3o seriada\u00a0de m\u00e9dia e grande escala de partes e pe\u00e7as pl\u00e1sticas, met\u00e1licas e usinadas.<\/span><\/p>\n<p>[\/et_pb_accordion_item][et_pb_accordion_item title=&#8221;Estou precisando de 100 pontaletes para tubos de 1\/1\/2 com 60cm galvanizado a fogo.&#8221; open=&#8221;on&#8221; _builder_version=&#8221;4.25.1&#8243; _module_preset=&#8221;default&#8221; hover_enabled=&#8221;0&#8243; global_colors_info=&#8221;{}&#8221; sticky_enabled=&#8221;0&#8243;]<\/p>\n<p><span>A Nilko trabalha com produ\u00e7\u00e3o seriada de m\u00e9dia e grande escala, com pedidos m\u00ednimos de mil unidades por m\u00eas.<\/span><\/p>\n<p>[\/et_pb_accordion_item][et_pb_accordion_item title=&#8221;Estou \u00e0 procura de pain\u00e9is porta ferramentas.&#8221; open=&#8221;on&#8221; _builder_version=&#8221;4.25.1&#8243; _module_preset=&#8221;default&#8221; hover_enabled=&#8221;0&#8243; global_colors_info=&#8221;{}&#8221; sticky_enabled=&#8221;0&#8243;]<\/p>\n<p><span>O arm\u00e1rio porta ferramentas pode ser encontrado no site\u00a0<\/span><a href=\"https:\/\/www.nilko.com.br\/armarios\/\">www.nilko.com.br\/armarios\/<\/a><\/p>\n<p>[\/et_pb_accordion_item][\/et_pb_accordion][\/et_pb_column][\/et_pb_row][\/et_pb_section]<\/p>\n","protected":false},"excerpt":{"rendered":"<p>Perguntas frequentes\u00a0\u00a0 Pode ser enviado para nosso departamento de Recursos Humanos no e-mail rh@nilko.com.br.Sua solicita\u00e7\u00e3o deve ser feita ao departamento comercial Nilko, atrav\u00e9s do e-mail sergio@nilko.com.br ou pelo telefone (41) 3661-2200.A serigrafia Nilko s\u00f3 \u00e9 poss\u00edvel para grandes volumes de pe\u00e7as fabricadas em nossas unidades.Para grandes volumes de produ\u00e7\u00e3o, entre em contato com o departamento [&hellip;]<\/p>\n","protected":false},"author":2,"featured_media":0,"parent":0,"menu_order":0,"comment_status":"closed","ping_status":"closed","template":"","meta":{"_et_pb_use_builder":"on","_et_pb_old_content":"","_et_gb_content_width":"","footnotes":""},"class_list":["post-105060","page","type-page","status-publish","hentry"],"yoast_head":"<!-- This site is optimized with the Yoast SEO plugin v27.4 - https:\/\/yoast.com\/product\/yoast-seo-wordpress\/ -->\n<title>FAQ - Nilko Ind\u00fastrias de Alta Precis\u00e3o<\/title>\n<meta name=\"robots\" content=\"index, follow, max-snippet:-1, max-image-preview:large, max-video-preview:-1\" \/>\n<link rel=\"canonical\" href=\"https:\/\/nilko.com.br\/industriasdeprecisao\/faq\/\" \/>\n<meta property=\"og:locale\" content=\"pt_BR\" \/>\n<meta property=\"og:type\" content=\"article\" \/>\n<meta property=\"og:title\" content=\"FAQ - Nilko Ind\u00fastrias de Alta Precis\u00e3o\" \/>\n<meta property=\"og:description\" content=\"Perguntas frequentes\u00a0\u00a0 Pode ser enviado para nosso departamento de Recursos Humanos no e-mail rh@nilko.com.br.Sua solicita\u00e7\u00e3o deve ser feita ao departamento comercial Nilko, atrav\u00e9s do e-mail sergio@nilko.com.br ou pelo telefone (41) 3661-2200.A serigrafia Nilko s\u00f3 \u00e9 poss\u00edvel para grandes volumes de pe\u00e7as fabricadas em nossas unidades.Para grandes volumes de produ\u00e7\u00e3o, entre em contato com o departamento [&hellip;]\" \/>\n<meta property=\"og:url\" content=\"https:\/\/nilko.com.br\/industriasdeprecisao\/faq\/\" \/>\n<meta property=\"og:site_name\" content=\"Nilko Ind\u00fastrias de Alta Precis\u00e3o\" \/>\n<meta property=\"article:modified_time\" content=\"2024-05-28T17:48:18+00:00\" \/>\n<meta name=\"twitter:card\" content=\"summary_large_image\" \/>\n<meta name=\"twitter:label1\" content=\"Est. tempo de leitura\" \/>\n\t<meta name=\"twitter:data1\" content=\"6 minutos\" \/>\n<script type=\"application\/ld+json\" class=\"yoast-schema-graph\">{\"@context\":\"https:\\\/\\\/schema.org\",\"@graph\":[{\"@type\":\"WebPage\",\"@id\":\"https:\\\/\\\/nilko.com.br\\\/industriasdeprecisao\\\/faq\\\/\",\"url\":\"https:\\\/\\\/nilko.com.br\\\/industriasdeprecisao\\\/faq\\\/\",\"name\":\"FAQ - Nilko Ind\u00fastrias de Alta Precis\u00e3o\",\"isPartOf\":{\"@id\":\"https:\\\/\\\/nilko.com.br\\\/industriasdeprecisao\\\/#website\"},\"datePublished\":\"2024-05-28T17:36:13+00:00\",\"dateModified\":\"2024-05-28T17:48:18+00:00\",\"breadcrumb\":{\"@id\":\"https:\\\/\\\/nilko.com.br\\\/industriasdeprecisao\\\/faq\\\/#breadcrumb\"},\"inLanguage\":\"pt-BR\",\"potentialAction\":[{\"@type\":\"ReadAction\",\"target\":[\"https:\\\/\\\/nilko.com.br\\\/industriasdeprecisao\\\/faq\\\/\"]}]},{\"@type\":\"BreadcrumbList\",\"@id\":\"https:\\\/\\\/nilko.com.br\\\/industriasdeprecisao\\\/faq\\\/#breadcrumb\",\"itemListElement\":[{\"@type\":\"ListItem\",\"position\":1,\"name\":\"In\u00edcio\",\"item\":\"https:\\\/\\\/nilko.com.br\\\/industriasdeprecisao\\\/\"},{\"@type\":\"ListItem\",\"position\":2,\"name\":\"FAQ\"}]},{\"@type\":\"WebSite\",\"@id\":\"https:\\\/\\\/nilko.com.br\\\/industriasdeprecisao\\\/#website\",\"url\":\"https:\\\/\\\/nilko.com.br\\\/industriasdeprecisao\\\/\",\"name\":\"Nilko Ind\u00fastrias de Alta Precis\u00e3o\",\"description\":\"\",\"potentialAction\":[{\"@type\":\"SearchAction\",\"target\":{\"@type\":\"EntryPoint\",\"urlTemplate\":\"https:\\\/\\\/nilko.com.br\\\/industriasdeprecisao\\\/?s={search_term_string}\"},\"query-input\":{\"@type\":\"PropertyValueSpecification\",\"valueRequired\":true,\"valueName\":\"search_term_string\"}}],\"inLanguage\":\"pt-BR\"}]}<\/script>\n<!-- \/ Yoast SEO plugin. -->","yoast_head_json":{"title":"FAQ - Nilko Ind\u00fastrias de Alta Precis\u00e3o","robots":{"index":"index","follow":"follow","max-snippet":"max-snippet:-1","max-image-preview":"max-image-preview:large","max-video-preview":"max-video-preview:-1"},"canonical":"https:\/\/nilko.com.br\/industriasdeprecisao\/faq\/","og_locale":"pt_BR","og_type":"article","og_title":"FAQ - Nilko Ind\u00fastrias de Alta Precis\u00e3o","og_description":"Perguntas frequentes\u00a0\u00a0 Pode ser enviado para nosso departamento de Recursos Humanos no e-mail rh@nilko.com.br.Sua solicita\u00e7\u00e3o deve ser feita ao departamento comercial Nilko, atrav\u00e9s do e-mail sergio@nilko.com.br ou pelo telefone (41) 3661-2200.A serigrafia Nilko s\u00f3 \u00e9 poss\u00edvel para grandes volumes de pe\u00e7as fabricadas em nossas unidades.Para grandes volumes de produ\u00e7\u00e3o, entre em contato com o departamento [&hellip;]","og_url":"https:\/\/nilko.com.br\/industriasdeprecisao\/faq\/","og_site_name":"Nilko Ind\u00fastrias de Alta Precis\u00e3o","article_modified_time":"2024-05-28T17:48:18+00:00","twitter_card":"summary_large_image","twitter_misc":{"Est. tempo de leitura":"6 minutos"},"schema":{"@context":"https:\/\/schema.org","@graph":[{"@type":"WebPage","@id":"https:\/\/nilko.com.br\/industriasdeprecisao\/faq\/","url":"https:\/\/nilko.com.br\/industriasdeprecisao\/faq\/","name":"FAQ - Nilko Ind\u00fastrias de Alta Precis\u00e3o","isPartOf":{"@id":"https:\/\/nilko.com.br\/industriasdeprecisao\/#website"},"datePublished":"2024-05-28T17:36:13+00:00","dateModified":"2024-05-28T17:48:18+00:00","breadcrumb":{"@id":"https:\/\/nilko.com.br\/industriasdeprecisao\/faq\/#breadcrumb"},"inLanguage":"pt-BR","potentialAction":[{"@type":"ReadAction","target":["https:\/\/nilko.com.br\/industriasdeprecisao\/faq\/"]}]},{"@type":"BreadcrumbList","@id":"https:\/\/nilko.com.br\/industriasdeprecisao\/faq\/#breadcrumb","itemListElement":[{"@type":"ListItem","position":1,"name":"In\u00edcio","item":"https:\/\/nilko.com.br\/industriasdeprecisao\/"},{"@type":"ListItem","position":2,"name":"FAQ"}]},{"@type":"WebSite","@id":"https:\/\/nilko.com.br\/industriasdeprecisao\/#website","url":"https:\/\/nilko.com.br\/industriasdeprecisao\/","name":"Nilko Ind\u00fastrias de Alta Precis\u00e3o","description":"","potentialAction":[{"@type":"SearchAction","target":{"@type":"EntryPoint","urlTemplate":"https:\/\/nilko.com.br\/industriasdeprecisao\/?s={search_term_string}"},"query-input":{"@type":"PropertyValueSpecification","valueRequired":true,"valueName":"search_term_string"}}],"inLanguage":"pt-BR"}]}},"_links":{"self":[{"href":"https:\/\/nilko.com.br\/industriasdeprecisao\/wp-json\/wp\/v2\/pages\/105060","targetHints":{"allow":["GET"]}}],"collection":[{"href":"https:\/\/nilko.com.br\/industriasdeprecisao\/wp-json\/wp\/v2\/pages"}],"about":[{"href":"https:\/\/nilko.com.br\/industriasdeprecisao\/wp-json\/wp\/v2\/types\/page"}],"author":[{"embeddable":true,"href":"https:\/\/nilko.com.br\/industriasdeprecisao\/wp-json\/wp\/v2\/users\/2"}],"replies":[{"embeddable":true,"href":"https:\/\/nilko.com.br\/industriasdeprecisao\/wp-json\/wp\/v2\/comments?post=105060"}],"version-history":[{"count":3,"href":"https:\/\/nilko.com.br\/industriasdeprecisao\/wp-json\/wp\/v2\/pages\/105060\/revisions"}],"predecessor-version":[{"id":105064,"href":"https:\/\/nilko.com.br\/industriasdeprecisao\/wp-json\/wp\/v2\/pages\/105060\/revisions\/105064"}],"wp:attachment":[{"href":"https:\/\/nilko.com.br\/industriasdeprecisao\/wp-json\/wp\/v2\/media?parent=105060"}],"curies":[{"name":"wp","href":"https:\/\/api.w.org\/{rel}","templated":true}]}}