{"id":104911,"date":"2024-05-23T14:07:16","date_gmt":"2024-05-23T17:07:16","guid":{"rendered":"https:\/\/lightsteelblue-fish-559119.hostingersite.com\/industriasdeprecisao\/?page_id=104911"},"modified":"2024-11-25T09:06:32","modified_gmt":"2024-11-25T12:06:32","slug":"injecao-plastica","status":"publish","type":"page","link":"https:\/\/nilko.com.br\/industriasdeprecisao\/injecao-plastica\/","title":{"rendered":"Inje\u00e7\u00e3o pl\u00e1stica"},"content":{"rendered":"<p>[et_pb_section fb_built=&#8221;1&#8243; next_background_color=&#8221;#ffffff&#8221; admin_label=&#8221;Feature&#8221; _builder_version=&#8221;4.25.1&#8243; background_color=&#8221;RGBA(255,255,255,0)&#8221; background_image=&#8221;https:\/\/lightsteelblue-fish-559119.hostingersite.com\/industriasdeprecisao\/wp-content\/uploads\/2024\/05\/bgiinjecao.webp&#8221; module_alignment=&#8221;center&#8221; custom_padding=&#8221;5%||0%||false|false&#8221; bottom_divider_style=&#8221;slant&#8221; bottom_divider_flip=&#8221;horizontal&#8221; global_colors_info=&#8221;{}&#8221;][et_pb_row _builder_version=&#8221;4.25.1&#8243; custom_margin=&#8221;||0px|&#8221; custom_padding=&#8221;||91px|||&#8221; animation_style=&#8221;slide&#8221; animation_direction=&#8221;bottom&#8221; animation_intensity_slide=&#8221;5%&#8221; use_custom_width=&#8221;on&#8221; custom_width_px=&#8221;1280px&#8221; global_colors_info=&#8221;{}&#8221;][et_pb_column type=&#8221;4_4&#8243; _builder_version=&#8221;4.16&#8243; custom_padding=&#8221;|||&#8221; global_colors_info=&#8221;{}&#8221; custom_padding__hover=&#8221;|||&#8221;][et_pb_text admin_label=&#8221;Text&#8221; _builder_version=&#8221;4.25.1&#8243; text_font=&#8221;Lato||||||||&#8221; text_font_size=&#8221;18px&#8221; text_line_height=&#8221;1.8em&#8221; link_font=&#8221;||||||||&#8221; ul_font=&#8221;||||||||&#8221; ol_font=&#8221;||||||||&#8221; quote_font=&#8221;||||||||&#8221; header_font=&#8221;||||||||&#8221; header_2_font=&#8221;MyriadProd regular|700|||||||&#8221; header_2_font_size=&#8221;40px&#8221; header_2_letter_spacing=&#8221;2px&#8221; header_2_line_height=&#8221;1.5em&#8221; header_3_font=&#8221;||||||||&#8221; header_4_font=&#8221;||||||||&#8221; header_5_font=&#8221;||||||||&#8221; header_6_font=&#8221;Lato|700|||||||&#8221; header_6_font_size=&#8221;18px&#8221; header_6_letter_spacing=&#8221;1px&#8221; header_6_line_height=&#8221;1.8em&#8221; text_orientation=&#8221;right&#8221; background_layout=&#8221;dark&#8221; animation_style=&#8221;slide&#8221; animation_direction=&#8221;bottom&#8221; animation_intensity_slide=&#8221;5%&#8221; header_2_font_size_tablet=&#8221;&#8221; header_2_font_size_phone=&#8221;22px&#8221; header_2_font_size_last_edited=&#8221;on|phone&#8221; global_colors_info=&#8221;{}&#8221;]<\/p>\n<h6 style=\"text-align: center;\"><\/h6>\n<h2 style=\"text-align: center;\"><span>Inje\u00e7\u00e3o Pl\u00e1stica<\/span><\/h2>\n<p style=\"text-align: center;\">Al\u00e9m da Metalurgia, somos especializados em Inje\u00e7\u00e3o de Pe\u00e7as T\u00e9cnicas, produzidas com as mais diversas resinas pl\u00e1sticas, de acabamento diferenciado e de alto padr\u00e3o. Oferecemos aos nossos clientes solu\u00e7\u00f5es em todas as etapas necess\u00e1rias para desenvolvimento de uma pe\u00e7a ou produto feito em pl\u00e1stico, desde o projeto at\u00e9 o p\u00f3s-venda.<\/p>\n<p style=\"text-align: center;\">[\/et_pb_text][et_pb_button button_text=&#8221;Ligamos para voc\u00ea!&#8221; button_alignment=&#8221;center&#8221; module_class=&#8221;popmake-105177&#8243; _builder_version=&#8221;4.25.1&#8243; _module_preset=&#8221;default&#8221; custom_button=&#8221;on&#8221; button_text_color=&#8221;#FFFFFF&#8221; button_bg_color=&#8221;#ffc400&#8243; button_border_color=&#8221;RGBA(255,255,255,0)&#8221; button_font=&#8221;|700|||||||&#8221; button_icon=&#8221;&#x3d;||divi||400&#8243; button_on_hover=&#8221;off&#8221; global_colors_info=&#8221;{}&#8221;][\/et_pb_button][\/et_pb_column][\/et_pb_row][\/et_pb_section][et_pb_section fb_built=&#8221;1&#8243; _builder_version=&#8221;4.25.1&#8243; _module_preset=&#8221;default&#8221; custom_padding=&#8221;1px||17px|||&#8221; global_colors_info=&#8221;{}&#8221;][et_pb_row _builder_version=&#8221;4.25.1&#8243; _module_preset=&#8221;default&#8221; global_colors_info=&#8221;{}&#8221;][et_pb_column type=&#8221;4_4&#8243; _builder_version=&#8221;4.25.1&#8243; _module_preset=&#8221;default&#8221; global_colors_info=&#8221;{}&#8221;][et_pb_text _builder_version=&#8221;4.25.1&#8243; _module_preset=&#8221;default&#8221; text_font=&#8221;MyriadProd regular||||||||&#8221; text_text_color=&#8221;#00245B&#8221; text_font_size=&#8221;18px&#8221; header_2_font=&#8221;MyriadProd regular||||||||&#8221; header_2_text_align=&#8221;center&#8221; header_2_text_color=&#8221;#00245B&#8221; header_2_font_size=&#8221;42px&#8221; global_colors_info=&#8221;{}&#8221;]<\/p>\n<h2><strong>Caracter\u00edsticas de nossa estrutura:<\/strong><\/h2>\n<p>[\/et_pb_text][\/et_pb_column][\/et_pb_row][et_pb_row _builder_version=&#8221;4.25.1&#8243; _module_preset=&#8221;default&#8221; background_color=&#8221;RGBA(255,255,255,0)&#8221; global_colors_info=&#8221;{}&#8221;][et_pb_column type=&#8221;4_4&#8243; _builder_version=&#8221;4.25.1&#8243; _module_preset=&#8221;default&#8221; global_colors_info=&#8221;{}&#8221;][et_pb_image src=&#8221;https:\/\/lightsteelblue-fish-559119.hostingersite.com\/industriasdeprecisao\/wp-content\/uploads\/2024\/05\/Parque-de-maquinas-injetoras-da-unidade.jpg.webp&#8221; title_text=&#8221;Parque-de-maquinas-injetoras-da-unidade.jpg&#8221; _builder_version=&#8221;4.25.1&#8243; _module_preset=&#8221;default&#8221; width=&#8221;100%&#8221; module_alignment=&#8221;center&#8221; custom_margin=&#8221;||9px|||&#8221; border_radii=&#8221;on|14px|14px|14px|14px&#8221; global_colors_info=&#8221;{}&#8221;][\/et_pb_image][et_pb_text _builder_version=&#8221;4.25.1&#8243; _module_preset=&#8221;default&#8221; text_font=&#8221;MyriadProd regular||||||||&#8221; text_text_color=&#8221;#00245B&#8221; text_font_size=&#8221;18px&#8221; global_colors_info=&#8221;{}&#8221;]<\/p>\n<p data-ultimate-target=\"#interactive-banner-1-wrap-8262 .bb-top-title \" data-responsive-json-new=\"{&quot;font-size&quot;:&quot;&quot;,&quot;line-height&quot;:&quot;&quot;}\" class=\"title-center bb-top-title ult-responsive\">PARQUE DE M\u00c1QUINAS INJETORAS DA UNIDADE<\/p>\n<p>[\/et_pb_text][\/et_pb_column][\/et_pb_row][et_pb_row _builder_version=&#8221;4.25.1&#8243; _module_preset=&#8221;default&#8221; global_colors_info=&#8221;{}&#8221;][et_pb_column type=&#8221;4_4&#8243; _builder_version=&#8221;4.25.1&#8243; _module_preset=&#8221;default&#8221; global_colors_info=&#8221;{}&#8221;][et_pb_text _builder_version=&#8221;4.25.1&#8243; _module_preset=&#8221;default&#8221; text_font=&#8221;MyriadProd regular||||||||&#8221; text_text_color=&#8221;#00245B&#8221; text_font_size=&#8221;18px&#8221; custom_margin=&#8221;-32px|||18px|false|false&#8221; global_colors_info=&#8221;{}&#8221;]<\/p>\n<ul>\n<li>Injetoras de 35 a 600 toneladas de for\u00e7a de fechamento;<\/li>\n<li>Inje\u00e7\u00e3o de pe\u00e7as t\u00e9cnicas;<\/li>\n<li>Manipuladores de pe\u00e7as-rob\u00f4 e termorreguladores;<\/li>\n<li>Controladores de temperatura;<\/li>\n<li>Esta\u00e7\u00f5es de \u00e1gua gelada e alimentadores autom\u00e1ticos;<\/li>\n<li>Ponte rolante de at\u00e9 4 toneladas;<\/li>\n<li>Profici\u00eancia em procedimentos;<\/li>\n<li>PPAP, MSA, CEP, FMEA;<\/li>\n<li>Materiais: Nylon, PS, ABS, PEAD, PC, Noryl, POM, PP, SAN.<\/li>\n<\/ul>\n<p>[\/et_pb_text][\/et_pb_column][\/et_pb_row][\/et_pb_section][et_pb_section fb_built=&#8221;1&#8243; admin_label=&#8221;Contact Form&#8221; _builder_version=&#8221;4.25.1&#8243; _module_preset=&#8221;default&#8221; background_color=&#8221;#FFFFFF&#8221; background_enable_image=&#8221;off&#8221; parallax=&#8221;on&#8221; min_height=&#8221;845.1px&#8221; custom_margin=&#8221;-34px|||||&#8221; custom_padding=&#8221;||0px|||&#8221; collapsed=&#8221;off&#8221; global_colors_info=&#8221;{}&#8221; locked=&#8221;off&#8221;][et_pb_row column_structure=&#8221;1_4,1_2,1_4&#8243; _builder_version=&#8221;4.24.2&#8243; _module_preset=&#8221;default&#8221; custom_padding=&#8221;0px|||||&#8221; global_colors_info=&#8221;{}&#8221;][et_pb_column type=&#8221;1_4&#8243; _builder_version=&#8221;4.22.1&#8243; _module_preset=&#8221;default&#8221; global_colors_info=&#8221;{}&#8221;][\/et_pb_column][et_pb_column type=&#8221;1_2&#8243; _builder_version=&#8221;4.22.1&#8243; _module_preset=&#8221;default&#8221; global_colors_info=&#8221;{}&#8221;][et_pb_text _builder_version=&#8221;4.25.1&#8243; _module_preset=&#8221;_initial&#8221; text_font_size=&#8221;18px&#8221; header_2_font=&#8221;MyriadProd regular|700|||||||&#8221; header_2_text_color=&#8221;gcid-f2844f3d-3c66-4a54-935b-40d0b91729d5&#8243; header_2_font_size=&#8221;40px&#8221; header_2_line_height=&#8221;1.2em&#8221; text_font_size_tablet=&#8221;15px&#8221; text_font_size_phone=&#8221;18px&#8221; text_font_size_last_edited=&#8221;on|phone&#8221; header_2_font_size_tablet=&#8221;32px&#8221; header_2_font_size_phone=&#8221;20px&#8221; header_2_font_size_last_edited=&#8221;on|desktop&#8221; global_colors_info=&#8221;{%22gcid-f2844f3d-3c66-4a54-935b-40d0b91729d5%22:%91%22header_2_text_color%22%93}&#8221;]<\/p>\n<h2>Deseja saber mais?<br \/>Entre em contato!<\/h2>\n<p>[\/et_pb_text][et_pb_code _builder_version=&#8221;4.27.2&#8243; _module_preset=&#8221;default&#8221; hover_enabled=&#8221;0&#8243; sticky_enabled=&#8221;0&#8243;]\n<div class=\"wpcf7 no-js\" id=\"wpcf7-f105351-o1\" lang=\"pt-BR\" dir=\"ltr\" data-wpcf7-id=\"105351\">\n<div class=\"screen-reader-response\"><p role=\"status\" aria-live=\"polite\" aria-atomic=\"true\"><\/p> <ul><\/ul><\/div>\n<form action=\"\/industriasdeprecisao\/wp-json\/wp\/v2\/pages\/104911#wpcf7-f105351-o1\" method=\"post\" class=\"wpcf7-form init\" aria-label=\"Formul\u00e1rios de contato\" novalidate=\"novalidate\" data-status=\"init\">\n<fieldset class=\"hidden-fields-container\"><input type=\"hidden\" name=\"_wpcf7\" value=\"105351\" \/><input type=\"hidden\" name=\"_wpcf7_version\" value=\"6.1.4\" \/><input type=\"hidden\" name=\"_wpcf7_locale\" value=\"pt_BR\" \/><input type=\"hidden\" name=\"_wpcf7_unit_tag\" value=\"wpcf7-f105351-o1\" \/><input type=\"hidden\" name=\"_wpcf7_container_post\" value=\"0\" \/><input type=\"hidden\" name=\"_wpcf7_posted_data_hash\" value=\"\" \/>\n<\/fieldset>\n<p><label> Nome<br \/>\n<span class=\"wpcf7-form-control-wrap\" data-name=\"your-name\"><input size=\"40\" maxlength=\"400\" class=\"wpcf7-form-control wpcf7-text wpcf7-validates-as-required\" autocomplete=\"name\" aria-required=\"true\" aria-invalid=\"false\" value=\"\" type=\"text\" name=\"your-name\" \/><\/span> <\/label>\n<\/p>\n<p><label> E-mail<br \/>\n<span class=\"wpcf7-form-control-wrap\" data-name=\"your-email\"><input size=\"40\" maxlength=\"400\" class=\"wpcf7-form-control wpcf7-email wpcf7-validates-as-required wpcf7-text wpcf7-validates-as-email\" autocomplete=\"email\" aria-required=\"true\" aria-invalid=\"false\" value=\"\" type=\"email\" name=\"your-email\" \/><\/span> <\/label>\n<\/p>\n<p><label> Cidade<br \/>\n<span class=\"wpcf7-form-control-wrap\" data-name=\"your-city\"><input size=\"40\" maxlength=\"400\" class=\"wpcf7-form-control wpcf7-text wpcf7-validates-as-required\" autocomplete=\"city\" aria-required=\"true\" aria-invalid=\"false\" value=\"\" type=\"text\" name=\"your-city\" \/><\/span> <\/label>\n<\/p>\n<p><label> Estado<br \/>\n<span class=\"wpcf7-form-control-wrap\" data-name=\"your-state\"><input size=\"40\" maxlength=\"400\" class=\"wpcf7-form-control wpcf7-text wpcf7-validates-as-required\" autocomplete=\"state\" aria-required=\"true\" aria-invalid=\"false\" value=\"\" type=\"text\" name=\"your-state\" \/><\/span> <\/label>\n<\/p>\n<p><label> Telefone<br \/>\n<span class=\"wpcf7-form-control-wrap\" data-name=\"your-phone\"><input size=\"40\" maxlength=\"400\" class=\"wpcf7-form-control wpcf7-text wpcf7-validates-as-required\" autocomplete=\"phone\" aria-required=\"true\" aria-invalid=\"false\" value=\"\" type=\"text\" name=\"your-phone\" \/><\/span> <\/label>\n<\/p>\n<p><label> Sua mensagem<br \/>\n<span class=\"wpcf7-form-control-wrap\" data-name=\"your-message\"><textarea cols=\"40\" rows=\"10\" maxlength=\"2000\" class=\"wpcf7-form-control wpcf7-textarea\" aria-invalid=\"false\" name=\"your-message\"><\/textarea><\/span> <\/label>\n<\/p>\n<p><span class=\"wpcf7-form-control-wrap\" data-name=\"acceptance-214\"><span class=\"wpcf7-form-control wpcf7-acceptance optional\"><span class=\"wpcf7-list-item\"><label><input type=\"checkbox\" name=\"acceptance-214\" value=\"1\" aria-invalid=\"false\" \/><span class=\"wpcf7-list-item-label\">Ao utilizar este formul\u00e1rio concordo com o armazenamento e tratamento dos meus dados por este site.<\/span><\/label><\/span><\/span><\/span><br \/>\n<input class=\"wpcf7-form-control wpcf7-submit has-spinner\" type=\"submit\" value=\"Enviar\" \/>\n<\/p><input type='hidden' class='wpcf7-pum' value='{\"closepopup\":false,\"closedelay\":0,\"openpopup\":false,\"openpopup_id\":0}' \/><div class=\"wpcf7-response-output\" aria-hidden=\"true\"><\/div>\n<\/form>\n<\/div>\n[\/et_pb_code][\/et_pb_column][et_pb_column type=&#8221;1_4&#8243; _builder_version=&#8221;4.22.1&#8243; _module_preset=&#8221;default&#8221; global_colors_info=&#8221;{}&#8221;][\/et_pb_column][\/et_pb_row][\/et_pb_section]<\/p>\n","protected":false},"excerpt":{"rendered":"<p>Inje\u00e7\u00e3o Pl\u00e1stica Al\u00e9m da Metalurgia, somos especializados em Inje\u00e7\u00e3o de Pe\u00e7as T\u00e9cnicas, produzidas com as mais diversas resinas pl\u00e1sticas, de acabamento diferenciado e de alto padr\u00e3o. Oferecemos aos nossos clientes solu\u00e7\u00f5es em todas as etapas necess\u00e1rias para desenvolvimento de uma pe\u00e7a ou produto feito em pl\u00e1stico, desde o projeto at\u00e9 o p\u00f3s-venda. Caracter\u00edsticas de nossa [&hellip;]<\/p>\n","protected":false},"author":2,"featured_media":0,"parent":0,"menu_order":0,"comment_status":"closed","ping_status":"closed","template":"","meta":{"_et_pb_use_builder":"on","_et_pb_old_content":"<!-- wp:divi\/placeholder \/-->","_et_gb_content_width":"","footnotes":""},"class_list":["post-104911","page","type-page","status-publish","hentry"],"yoast_head":"<!-- This site is optimized with the Yoast SEO plugin v27.4 - https:\/\/yoast.com\/product\/yoast-seo-wordpress\/ -->\n<title>Inje\u00e7\u00e3o Pl\u00e1stica - Nilko Ind\u00fastrias de Precis\u00e3o<\/title>\n<meta name=\"description\" content=\"Al\u00e9m da Metalurgia, somos especializados em Inje\u00e7\u00e3o de Pe\u00e7as T\u00e9cnicas, produzidas com as mais diversas resinas pl\u00e1sticas, de acabamento diferenciado e de alto padr\u00e3o\" \/>\n<meta name=\"robots\" content=\"index, follow, max-snippet:-1, max-image-preview:large, max-video-preview:-1\" \/>\n<link rel=\"canonical\" href=\"https:\/\/lightsteelblue-fish-559119.hostingersite.com\/industriasdeprecisao\/injecao-plastica\/\" \/>\n<meta property=\"og:locale\" content=\"pt_BR\" \/>\n<meta property=\"og:type\" content=\"article\" \/>\n<meta property=\"og:title\" content=\"Inje\u00e7\u00e3o Pl\u00e1stica - Nilko Ind\u00fastrias de Precis\u00e3o\" \/>\n<meta property=\"og:description\" content=\"Al\u00e9m da Metalurgia, somos especializados em Inje\u00e7\u00e3o de Pe\u00e7as T\u00e9cnicas, produzidas com as mais diversas resinas pl\u00e1sticas, de acabamento diferenciado e de alto padr\u00e3o\" \/>\n<meta property=\"og:url\" content=\"https:\/\/lightsteelblue-fish-559119.hostingersite.com\/industriasdeprecisao\/injecao-plastica\/\" \/>\n<meta property=\"og:site_name\" content=\"Nilko Ind\u00fastrias de Alta Precis\u00e3o\" \/>\n<meta property=\"article:modified_time\" content=\"2024-11-25T12:06:32+00:00\" \/>\n<meta name=\"twitter:card\" content=\"summary_large_image\" \/>\n<meta name=\"twitter:label1\" content=\"Est. tempo de leitura\" \/>\n\t<meta name=\"twitter:data1\" content=\"1 minuto\" \/>\n<script type=\"application\/ld+json\" class=\"yoast-schema-graph\">{\"@context\":\"https:\\\/\\\/schema.org\",\"@graph\":[{\"@type\":\"WebPage\",\"@id\":\"https:\\\/\\\/lightsteelblue-fish-559119.hostingersite.com\\\/industriasdeprecisao\\\/injecao-plastica\\\/\",\"url\":\"https:\\\/\\\/lightsteelblue-fish-559119.hostingersite.com\\\/industriasdeprecisao\\\/injecao-plastica\\\/\",\"name\":\"Inje\u00e7\u00e3o Pl\u00e1stica - Nilko Ind\u00fastrias de Precis\u00e3o\",\"isPartOf\":{\"@id\":\"https:\\\/\\\/nilko.com.br\\\/industriasdeprecisao\\\/#website\"},\"datePublished\":\"2024-05-23T17:07:16+00:00\",\"dateModified\":\"2024-11-25T12:06:32+00:00\",\"description\":\"Al\u00e9m da Metalurgia, somos especializados em Inje\u00e7\u00e3o de Pe\u00e7as T\u00e9cnicas, produzidas com as mais diversas resinas pl\u00e1sticas, de acabamento diferenciado e de alto padr\u00e3o\",\"breadcrumb\":{\"@id\":\"https:\\\/\\\/lightsteelblue-fish-559119.hostingersite.com\\\/industriasdeprecisao\\\/injecao-plastica\\\/#breadcrumb\"},\"inLanguage\":\"pt-BR\",\"potentialAction\":[{\"@type\":\"ReadAction\",\"target\":[\"https:\\\/\\\/lightsteelblue-fish-559119.hostingersite.com\\\/industriasdeprecisao\\\/injecao-plastica\\\/\"]}]},{\"@type\":\"BreadcrumbList\",\"@id\":\"https:\\\/\\\/lightsteelblue-fish-559119.hostingersite.com\\\/industriasdeprecisao\\\/injecao-plastica\\\/#breadcrumb\",\"itemListElement\":[{\"@type\":\"ListItem\",\"position\":1,\"name\":\"In\u00edcio\",\"item\":\"https:\\\/\\\/nilko.com.br\\\/industriasdeprecisao\\\/\"},{\"@type\":\"ListItem\",\"position\":2,\"name\":\"Inje\u00e7\u00e3o pl\u00e1stica\"}]},{\"@type\":\"WebSite\",\"@id\":\"https:\\\/\\\/nilko.com.br\\\/industriasdeprecisao\\\/#website\",\"url\":\"https:\\\/\\\/nilko.com.br\\\/industriasdeprecisao\\\/\",\"name\":\"Nilko Ind\u00fastrias de Alta Precis\u00e3o\",\"description\":\"\",\"potentialAction\":[{\"@type\":\"SearchAction\",\"target\":{\"@type\":\"EntryPoint\",\"urlTemplate\":\"https:\\\/\\\/nilko.com.br\\\/industriasdeprecisao\\\/?s={search_term_string}\"},\"query-input\":{\"@type\":\"PropertyValueSpecification\",\"valueRequired\":true,\"valueName\":\"search_term_string\"}}],\"inLanguage\":\"pt-BR\"}]}<\/script>\n<!-- \/ Yoast SEO plugin. -->","yoast_head_json":{"title":"Inje\u00e7\u00e3o Pl\u00e1stica - Nilko Ind\u00fastrias de Precis\u00e3o","description":"Al\u00e9m da Metalurgia, somos especializados em Inje\u00e7\u00e3o de Pe\u00e7as T\u00e9cnicas, produzidas com as mais diversas resinas pl\u00e1sticas, de acabamento diferenciado e de alto padr\u00e3o","robots":{"index":"index","follow":"follow","max-snippet":"max-snippet:-1","max-image-preview":"max-image-preview:large","max-video-preview":"max-video-preview:-1"},"canonical":"https:\/\/lightsteelblue-fish-559119.hostingersite.com\/industriasdeprecisao\/injecao-plastica\/","og_locale":"pt_BR","og_type":"article","og_title":"Inje\u00e7\u00e3o Pl\u00e1stica - Nilko Ind\u00fastrias de Precis\u00e3o","og_description":"Al\u00e9m da Metalurgia, somos especializados em Inje\u00e7\u00e3o de Pe\u00e7as T\u00e9cnicas, produzidas com as mais diversas resinas pl\u00e1sticas, de acabamento diferenciado e de alto padr\u00e3o","og_url":"https:\/\/lightsteelblue-fish-559119.hostingersite.com\/industriasdeprecisao\/injecao-plastica\/","og_site_name":"Nilko Ind\u00fastrias de Alta Precis\u00e3o","article_modified_time":"2024-11-25T12:06:32+00:00","twitter_card":"summary_large_image","twitter_misc":{"Est. tempo de leitura":"1 minuto"},"schema":{"@context":"https:\/\/schema.org","@graph":[{"@type":"WebPage","@id":"https:\/\/lightsteelblue-fish-559119.hostingersite.com\/industriasdeprecisao\/injecao-plastica\/","url":"https:\/\/lightsteelblue-fish-559119.hostingersite.com\/industriasdeprecisao\/injecao-plastica\/","name":"Inje\u00e7\u00e3o Pl\u00e1stica - Nilko Ind\u00fastrias de Precis\u00e3o","isPartOf":{"@id":"https:\/\/nilko.com.br\/industriasdeprecisao\/#website"},"datePublished":"2024-05-23T17:07:16+00:00","dateModified":"2024-11-25T12:06:32+00:00","description":"Al\u00e9m da Metalurgia, somos especializados em Inje\u00e7\u00e3o de Pe\u00e7as T\u00e9cnicas, produzidas com as mais diversas resinas pl\u00e1sticas, de acabamento diferenciado e de alto padr\u00e3o","breadcrumb":{"@id":"https:\/\/lightsteelblue-fish-559119.hostingersite.com\/industriasdeprecisao\/injecao-plastica\/#breadcrumb"},"inLanguage":"pt-BR","potentialAction":[{"@type":"ReadAction","target":["https:\/\/lightsteelblue-fish-559119.hostingersite.com\/industriasdeprecisao\/injecao-plastica\/"]}]},{"@type":"BreadcrumbList","@id":"https:\/\/lightsteelblue-fish-559119.hostingersite.com\/industriasdeprecisao\/injecao-plastica\/#breadcrumb","itemListElement":[{"@type":"ListItem","position":1,"name":"In\u00edcio","item":"https:\/\/nilko.com.br\/industriasdeprecisao\/"},{"@type":"ListItem","position":2,"name":"Inje\u00e7\u00e3o pl\u00e1stica"}]},{"@type":"WebSite","@id":"https:\/\/nilko.com.br\/industriasdeprecisao\/#website","url":"https:\/\/nilko.com.br\/industriasdeprecisao\/","name":"Nilko Ind\u00fastrias de Alta Precis\u00e3o","description":"","potentialAction":[{"@type":"SearchAction","target":{"@type":"EntryPoint","urlTemplate":"https:\/\/nilko.com.br\/industriasdeprecisao\/?s={search_term_string}"},"query-input":{"@type":"PropertyValueSpecification","valueRequired":true,"valueName":"search_term_string"}}],"inLanguage":"pt-BR"}]}},"_links":{"self":[{"href":"https:\/\/nilko.com.br\/industriasdeprecisao\/wp-json\/wp\/v2\/pages\/104911","targetHints":{"allow":["GET"]}}],"collection":[{"href":"https:\/\/nilko.com.br\/industriasdeprecisao\/wp-json\/wp\/v2\/pages"}],"about":[{"href":"https:\/\/nilko.com.br\/industriasdeprecisao\/wp-json\/wp\/v2\/types\/page"}],"author":[{"embeddable":true,"href":"https:\/\/nilko.com.br\/industriasdeprecisao\/wp-json\/wp\/v2\/users\/2"}],"replies":[{"embeddable":true,"href":"https:\/\/nilko.com.br\/industriasdeprecisao\/wp-json\/wp\/v2\/comments?post=104911"}],"version-history":[{"count":14,"href":"https:\/\/nilko.com.br\/industriasdeprecisao\/wp-json\/wp\/v2\/pages\/104911\/revisions"}],"predecessor-version":[{"id":105354,"href":"https:\/\/nilko.com.br\/industriasdeprecisao\/wp-json\/wp\/v2\/pages\/104911\/revisions\/105354"}],"wp:attachment":[{"href":"https:\/\/nilko.com.br\/industriasdeprecisao\/wp-json\/wp\/v2\/media?parent=104911"}],"curies":[{"name":"wp","href":"https:\/\/api.w.org\/{rel}","templated":true}]}}