{"id":104887,"date":"2024-05-23T11:53:53","date_gmt":"2024-05-23T14:53:53","guid":{"rendered":"https:\/\/lightsteelblue-fish-559119.hostingersite.com\/industriasdeprecisao\/?page_id=104887"},"modified":"2024-11-25T09:07:03","modified_gmt":"2024-11-25T12:07:03","slug":"ligamos-para-voce","status":"publish","type":"page","link":"https:\/\/nilko.com.br\/industriasdeprecisao\/ligamos-para-voce\/","title":{"rendered":"Ligamos para voc\u00ea!"},"content":{"rendered":"<p>[et_pb_section fb_built=&#8221;1&#8243; admin_label=&#8221;Header&#8221; _builder_version=&#8221;4.22.1&#8243; _module_preset=&#8221;default&#8221; custom_padding=&#8221;1px||0px||false|false&#8221; locked=&#8221;off&#8221; collapsed=&#8221;on&#8221; global_colors_info=&#8221;{}&#8221;][et_pb_row _builder_version=&#8221;4.22.1&#8243; _module_preset=&#8221;default&#8221; locked=&#8221;off&#8221; global_colors_info=&#8221;{}&#8221;][et_pb_column type=&#8221;4_4&#8243; _builder_version=&#8221;4.22.1&#8243; _module_preset=&#8221;default&#8221; z_index=&#8221;10&#8243; global_colors_info=&#8221;{}&#8221;][et_pb_text _builder_version=&#8221;4.25.0&#8243; _module_preset=&#8221;_initial&#8221; text_font_size=&#8221;18px&#8221; header_font=&#8221;MyriadProd sembold|500|||||||&#8221; header_text_color=&#8221;gcid-f2844f3d-3c66-4a54-935b-40d0b91729d5&#8243; header_font_size=&#8221;82px&#8221; text_orientation=&#8221;center&#8221; custom_margin=&#8221;||10px||false|false&#8221; text_font_size_tablet=&#8221;15px&#8221; text_font_size_phone=&#8221;18px&#8221; text_font_size_last_edited=&#8221;on|phone&#8221; header_font_size_tablet=&#8221;40px&#8221; header_font_size_phone=&#8221;48px&#8221; header_font_size_last_edited=&#8221;on|desktop&#8221; global_colors_info=&#8221;{%22gcid-f2844f3d-3c66-4a54-935b-40d0b91729d5%22:%91%22header_text_color%22%93}&#8221;]<\/p>\n<h1>Ligamos para voc\u00ea!<\/h1>\n<p>[\/et_pb_text][et_pb_text _builder_version=&#8221;4.27.2&#8243; _module_preset=&#8221;_initial&#8221; text_font=&#8221;MyriadProd regular||||||||&#8221; text_text_color=&#8221;gcid-f2844f3d-3c66-4a54-935b-40d0b91729d5&#8243; text_font_size=&#8221;18px&#8221; header_4_font=&#8221;MyriadProd regular||||||||&#8221; header_5_font=&#8221;MyriadProd sembold|600|||||||&#8221; header_5_font_size=&#8221;20px&#8221; header_5_line_height=&#8221;1.4em&#8221; text_orientation=&#8221;center&#8221; min_height=&#8221;23px&#8221; text_font_size_tablet=&#8221;15px&#8221; text_font_size_phone=&#8221;18px&#8221; text_font_size_last_edited=&#8221;on|phone&#8221; header_5_font_size_tablet=&#8221;16px&#8221; header_5_font_size_phone=&#8221;14px&#8221; header_5_font_size_last_edited=&#8221;on|tablet&#8221; global_colors_info=&#8221;{%22gcid-f2844f3d-3c66-4a54-935b-40d0b91729d5%22:%91%22text_text_color%22%93}&#8221;]<\/p>\n<p>Bem-vindo \u00e0 nossa p\u00e1gina &#8220;Ligamos para Voc\u00ea&#8221;! Sabemos que a comunica\u00e7\u00e3o direta \u00e9 essencial para atender \u00e0s suas necessidades de forma eficaz. Aqui, voc\u00ea tem a oportunidade de deixar seu contato, e nossa equipe se compromete a retornar sua liga\u00e7\u00e3o o mais breve poss\u00edvel.<\/p>\n<p>Seja para esclarecer d\u00favidas, receber informa\u00e7\u00f5es sobre nossos produtos e servi\u00e7os, ou discutir como podemos ajudar a atender suas expectativas, estamos aqui para ouvir voc\u00ea. Acreditamos que cada intera\u00e7\u00e3o \u00e9 uma chance de fortalecer nosso relacionamento e garantir que voc\u00ea tenha a melhor experi\u00eancia.<\/p>\n<p>Preencha seu dados e, se poss\u00edvel, uma breve descri\u00e7\u00e3o do que voc\u00ea gostaria de discutir. Assim, poderemos nos preparar para oferecer a voc\u00ea um atendimento personalizado e eficiente. Agradecemos por escolher entrar em contato conosco e estamos ansiosos para falar com voc\u00ea em breve!<\/p>\n<p>[\/et_pb_text][\/et_pb_column][\/et_pb_row][\/et_pb_section][et_pb_section fb_built=&#8221;1&#8243; admin_label=&#8221;Contact Form&#8221; _builder_version=&#8221;4.25.1&#8243; _module_preset=&#8221;default&#8221; background_color=&#8221;#FFFFFF&#8221; background_enable_image=&#8221;off&#8221; parallax=&#8221;on&#8221; min_height=&#8221;845.1px&#8221; custom_margin=&#8221;-34px|||||&#8221; custom_padding=&#8221;||0px|||&#8221; collapsed=&#8221;off&#8221; global_colors_info=&#8221;{}&#8221; locked=&#8221;off&#8221;][et_pb_row column_structure=&#8221;1_4,1_2,1_4&#8243; _builder_version=&#8221;4.24.2&#8243; _module_preset=&#8221;default&#8221; custom_padding=&#8221;0px|||||&#8221; global_colors_info=&#8221;{}&#8221;][et_pb_column type=&#8221;1_4&#8243; _builder_version=&#8221;4.22.1&#8243; _module_preset=&#8221;default&#8221; global_colors_info=&#8221;{}&#8221;][\/et_pb_column][et_pb_column type=&#8221;1_2&#8243; _builder_version=&#8221;4.22.1&#8243; _module_preset=&#8221;default&#8221; global_colors_info=&#8221;{}&#8221;][et_pb_text _builder_version=&#8221;4.25.1&#8243; _module_preset=&#8221;_initial&#8221; text_font_size=&#8221;18px&#8221; header_2_font=&#8221;MyriadProd regular|700|||||||&#8221; header_2_text_color=&#8221;gcid-f2844f3d-3c66-4a54-935b-40d0b91729d5&#8243; header_2_font_size=&#8221;40px&#8221; header_2_line_height=&#8221;1.2em&#8221; text_font_size_tablet=&#8221;15px&#8221; text_font_size_phone=&#8221;18px&#8221; text_font_size_last_edited=&#8221;on|phone&#8221; header_2_font_size_tablet=&#8221;32px&#8221; header_2_font_size_phone=&#8221;20px&#8221; header_2_font_size_last_edited=&#8221;on|desktop&#8221; global_colors_info=&#8221;{%22gcid-f2844f3d-3c66-4a54-935b-40d0b91729d5%22:%91%22header_2_text_color%22%93}&#8221;]<\/p>\n<h2>Deseja saber mais?<br \/>Entre em contato!<\/h2>\n<p>[\/et_pb_text][et_pb_code _builder_version=&#8221;4.27.2&#8243; _module_preset=&#8221;default&#8221; hover_enabled=&#8221;0&#8243; sticky_enabled=&#8221;0&#8243;]\n<div class=\"wpcf7 no-js\" id=\"wpcf7-f105351-o1\" lang=\"pt-BR\" dir=\"ltr\" data-wpcf7-id=\"105351\">\n<div class=\"screen-reader-response\"><p role=\"status\" aria-live=\"polite\" aria-atomic=\"true\"><\/p> <ul><\/ul><\/div>\n<form action=\"\/industriasdeprecisao\/wp-json\/wp\/v2\/pages\/104887#wpcf7-f105351-o1\" method=\"post\" class=\"wpcf7-form init\" aria-label=\"Formul\u00e1rios de contato\" novalidate=\"novalidate\" data-status=\"init\">\n<fieldset class=\"hidden-fields-container\"><input type=\"hidden\" name=\"_wpcf7\" value=\"105351\" \/><input type=\"hidden\" name=\"_wpcf7_version\" value=\"6.1.4\" \/><input type=\"hidden\" name=\"_wpcf7_locale\" value=\"pt_BR\" \/><input type=\"hidden\" name=\"_wpcf7_unit_tag\" value=\"wpcf7-f105351-o1\" \/><input type=\"hidden\" name=\"_wpcf7_container_post\" value=\"0\" \/><input type=\"hidden\" name=\"_wpcf7_posted_data_hash\" value=\"\" \/>\n<\/fieldset>\n<p><label> Nome<br \/>\n<span class=\"wpcf7-form-control-wrap\" data-name=\"your-name\"><input size=\"40\" maxlength=\"400\" class=\"wpcf7-form-control wpcf7-text wpcf7-validates-as-required\" autocomplete=\"name\" aria-required=\"true\" aria-invalid=\"false\" value=\"\" type=\"text\" name=\"your-name\" \/><\/span> <\/label>\n<\/p>\n<p><label> E-mail<br \/>\n<span class=\"wpcf7-form-control-wrap\" data-name=\"your-email\"><input size=\"40\" maxlength=\"400\" class=\"wpcf7-form-control wpcf7-email wpcf7-validates-as-required wpcf7-text wpcf7-validates-as-email\" autocomplete=\"email\" aria-required=\"true\" aria-invalid=\"false\" value=\"\" type=\"email\" name=\"your-email\" \/><\/span> <\/label>\n<\/p>\n<p><label> Cidade<br \/>\n<span class=\"wpcf7-form-control-wrap\" data-name=\"your-city\"><input size=\"40\" maxlength=\"400\" class=\"wpcf7-form-control wpcf7-text wpcf7-validates-as-required\" autocomplete=\"city\" aria-required=\"true\" aria-invalid=\"false\" value=\"\" type=\"text\" name=\"your-city\" \/><\/span> <\/label>\n<\/p>\n<p><label> Estado<br \/>\n<span class=\"wpcf7-form-control-wrap\" data-name=\"your-state\"><input size=\"40\" maxlength=\"400\" class=\"wpcf7-form-control wpcf7-text wpcf7-validates-as-required\" autocomplete=\"state\" aria-required=\"true\" aria-invalid=\"false\" value=\"\" type=\"text\" name=\"your-state\" \/><\/span> <\/label>\n<\/p>\n<p><label> Telefone<br \/>\n<span class=\"wpcf7-form-control-wrap\" data-name=\"your-phone\"><input size=\"40\" maxlength=\"400\" class=\"wpcf7-form-control wpcf7-text wpcf7-validates-as-required\" autocomplete=\"phone\" aria-required=\"true\" aria-invalid=\"false\" value=\"\" type=\"text\" name=\"your-phone\" \/><\/span> <\/label>\n<\/p>\n<p><label> Sua mensagem<br \/>\n<span class=\"wpcf7-form-control-wrap\" data-name=\"your-message\"><textarea cols=\"40\" rows=\"10\" maxlength=\"2000\" class=\"wpcf7-form-control wpcf7-textarea\" aria-invalid=\"false\" name=\"your-message\"><\/textarea><\/span> <\/label>\n<\/p>\n<p><span class=\"wpcf7-form-control-wrap\" data-name=\"acceptance-214\"><span class=\"wpcf7-form-control wpcf7-acceptance optional\"><span class=\"wpcf7-list-item\"><label><input type=\"checkbox\" name=\"acceptance-214\" value=\"1\" aria-invalid=\"false\" \/><span class=\"wpcf7-list-item-label\">Ao utilizar este formul\u00e1rio concordo com o armazenamento e tratamento dos meus dados por este site.<\/span><\/label><\/span><\/span><\/span><br \/>\n<input class=\"wpcf7-form-control wpcf7-submit has-spinner\" type=\"submit\" value=\"Enviar\" \/>\n<\/p><input type='hidden' class='wpcf7-pum' value='{\"closepopup\":false,\"closedelay\":0,\"openpopup\":false,\"openpopup_id\":0}' \/><div class=\"wpcf7-response-output\" aria-hidden=\"true\"><\/div>\n<\/form>\n<\/div>\n[\/et_pb_code][\/et_pb_column][et_pb_column type=&#8221;1_4&#8243; _builder_version=&#8221;4.22.1&#8243; _module_preset=&#8221;default&#8221; global_colors_info=&#8221;{}&#8221;][\/et_pb_column][\/et_pb_row][\/et_pb_section]<\/p>\n","protected":false},"excerpt":{"rendered":"<p>Ligamos para voc\u00ea!Bem-vindo \u00e0 nossa p\u00e1gina &#8220;Ligamos para Voc\u00ea&#8221;! Sabemos que a comunica\u00e7\u00e3o direta \u00e9 essencial para atender \u00e0s suas necessidades de forma eficaz. Aqui, voc\u00ea tem a oportunidade de deixar seu contato, e nossa equipe se compromete a retornar sua liga\u00e7\u00e3o o mais breve poss\u00edvel. Seja para esclarecer d\u00favidas, receber informa\u00e7\u00f5es sobre nossos produtos [&hellip;]<\/p>\n","protected":false},"author":2,"featured_media":0,"parent":0,"menu_order":0,"comment_status":"closed","ping_status":"closed","template":"","meta":{"_et_pb_use_builder":"on","_et_pb_old_content":"","_et_gb_content_width":"","footnotes":""},"class_list":["post-104887","page","type-page","status-publish","hentry"],"yoast_head":"<!-- This site is optimized with the Yoast SEO plugin v27.4 - https:\/\/yoast.com\/product\/yoast-seo-wordpress\/ -->\n<title>Ligamos para voc\u00ea! - Nilko Ind\u00fastrias de Alta Precis\u00e3o<\/title>\n<meta name=\"description\" content=\"Deixe seus dados em nossa pagina e logo nossa equipe entrar\u00e1 em contato para sanar qualquer duvida sobre nossos produtos e servi\u00e7os.\" \/>\n<meta name=\"robots\" content=\"index, follow, max-snippet:-1, max-image-preview:large, max-video-preview:-1\" \/>\n<link rel=\"canonical\" href=\"https:\/\/nilko.com.br\/industriasdeprecisao\/ligamos-para-voce\/\" \/>\n<meta property=\"og:locale\" content=\"pt_BR\" \/>\n<meta property=\"og:type\" content=\"article\" \/>\n<meta property=\"og:title\" content=\"Ligamos para voc\u00ea! - Nilko Ind\u00fastrias de Alta Precis\u00e3o\" \/>\n<meta property=\"og:description\" content=\"Deixe seus dados em nossa pagina e logo nossa equipe entrar\u00e1 em contato para sanar qualquer duvida sobre nossos produtos e servi\u00e7os.\" \/>\n<meta property=\"og:url\" content=\"https:\/\/nilko.com.br\/industriasdeprecisao\/ligamos-para-voce\/\" \/>\n<meta property=\"og:site_name\" content=\"Nilko Ind\u00fastrias de Alta Precis\u00e3o\" \/>\n<meta property=\"article:modified_time\" content=\"2024-11-25T12:07:03+00:00\" \/>\n<meta name=\"twitter:card\" content=\"summary_large_image\" \/>\n<meta name=\"twitter:label1\" content=\"Est. tempo de leitura\" \/>\n\t<meta name=\"twitter:data1\" content=\"1 minuto\" \/>\n<script type=\"application\/ld+json\" class=\"yoast-schema-graph\">{\"@context\":\"https:\\\/\\\/schema.org\",\"@graph\":[{\"@type\":\"WebPage\",\"@id\":\"https:\\\/\\\/nilko.com.br\\\/industriasdeprecisao\\\/ligamos-para-voce\\\/\",\"url\":\"https:\\\/\\\/nilko.com.br\\\/industriasdeprecisao\\\/ligamos-para-voce\\\/\",\"name\":\"Ligamos para voc\u00ea! - Nilko Ind\u00fastrias de Alta Precis\u00e3o\",\"isPartOf\":{\"@id\":\"https:\\\/\\\/nilko.com.br\\\/industriasdeprecisao\\\/#website\"},\"datePublished\":\"2024-05-23T14:53:53+00:00\",\"dateModified\":\"2024-11-25T12:07:03+00:00\",\"description\":\"Deixe seus dados em nossa pagina e logo nossa equipe entrar\u00e1 em contato para sanar qualquer duvida sobre nossos produtos e servi\u00e7os.\",\"breadcrumb\":{\"@id\":\"https:\\\/\\\/nilko.com.br\\\/industriasdeprecisao\\\/ligamos-para-voce\\\/#breadcrumb\"},\"inLanguage\":\"pt-BR\",\"potentialAction\":[{\"@type\":\"ReadAction\",\"target\":[\"https:\\\/\\\/nilko.com.br\\\/industriasdeprecisao\\\/ligamos-para-voce\\\/\"]}]},{\"@type\":\"BreadcrumbList\",\"@id\":\"https:\\\/\\\/nilko.com.br\\\/industriasdeprecisao\\\/ligamos-para-voce\\\/#breadcrumb\",\"itemListElement\":[{\"@type\":\"ListItem\",\"position\":1,\"name\":\"In\u00edcio\",\"item\":\"https:\\\/\\\/nilko.com.br\\\/industriasdeprecisao\\\/\"},{\"@type\":\"ListItem\",\"position\":2,\"name\":\"Ligamos para voc\u00ea!\"}]},{\"@type\":\"WebSite\",\"@id\":\"https:\\\/\\\/nilko.com.br\\\/industriasdeprecisao\\\/#website\",\"url\":\"https:\\\/\\\/nilko.com.br\\\/industriasdeprecisao\\\/\",\"name\":\"Nilko Ind\u00fastrias de Alta Precis\u00e3o\",\"description\":\"\",\"potentialAction\":[{\"@type\":\"SearchAction\",\"target\":{\"@type\":\"EntryPoint\",\"urlTemplate\":\"https:\\\/\\\/nilko.com.br\\\/industriasdeprecisao\\\/?s={search_term_string}\"},\"query-input\":{\"@type\":\"PropertyValueSpecification\",\"valueRequired\":true,\"valueName\":\"search_term_string\"}}],\"inLanguage\":\"pt-BR\"}]}<\/script>\n<!-- \/ Yoast SEO plugin. -->","yoast_head_json":{"title":"Ligamos para voc\u00ea! - Nilko Ind\u00fastrias de Alta Precis\u00e3o","description":"Deixe seus dados em nossa pagina e logo nossa equipe entrar\u00e1 em contato para sanar qualquer duvida sobre nossos produtos e servi\u00e7os.","robots":{"index":"index","follow":"follow","max-snippet":"max-snippet:-1","max-image-preview":"max-image-preview:large","max-video-preview":"max-video-preview:-1"},"canonical":"https:\/\/nilko.com.br\/industriasdeprecisao\/ligamos-para-voce\/","og_locale":"pt_BR","og_type":"article","og_title":"Ligamos para voc\u00ea! - Nilko Ind\u00fastrias de Alta Precis\u00e3o","og_description":"Deixe seus dados em nossa pagina e logo nossa equipe entrar\u00e1 em contato para sanar qualquer duvida sobre nossos produtos e servi\u00e7os.","og_url":"https:\/\/nilko.com.br\/industriasdeprecisao\/ligamos-para-voce\/","og_site_name":"Nilko Ind\u00fastrias de Alta Precis\u00e3o","article_modified_time":"2024-11-25T12:07:03+00:00","twitter_card":"summary_large_image","twitter_misc":{"Est. tempo de leitura":"1 minuto"},"schema":{"@context":"https:\/\/schema.org","@graph":[{"@type":"WebPage","@id":"https:\/\/nilko.com.br\/industriasdeprecisao\/ligamos-para-voce\/","url":"https:\/\/nilko.com.br\/industriasdeprecisao\/ligamos-para-voce\/","name":"Ligamos para voc\u00ea! - Nilko Ind\u00fastrias de Alta Precis\u00e3o","isPartOf":{"@id":"https:\/\/nilko.com.br\/industriasdeprecisao\/#website"},"datePublished":"2024-05-23T14:53:53+00:00","dateModified":"2024-11-25T12:07:03+00:00","description":"Deixe seus dados em nossa pagina e logo nossa equipe entrar\u00e1 em contato para sanar qualquer duvida sobre nossos produtos e servi\u00e7os.","breadcrumb":{"@id":"https:\/\/nilko.com.br\/industriasdeprecisao\/ligamos-para-voce\/#breadcrumb"},"inLanguage":"pt-BR","potentialAction":[{"@type":"ReadAction","target":["https:\/\/nilko.com.br\/industriasdeprecisao\/ligamos-para-voce\/"]}]},{"@type":"BreadcrumbList","@id":"https:\/\/nilko.com.br\/industriasdeprecisao\/ligamos-para-voce\/#breadcrumb","itemListElement":[{"@type":"ListItem","position":1,"name":"In\u00edcio","item":"https:\/\/nilko.com.br\/industriasdeprecisao\/"},{"@type":"ListItem","position":2,"name":"Ligamos para voc\u00ea!"}]},{"@type":"WebSite","@id":"https:\/\/nilko.com.br\/industriasdeprecisao\/#website","url":"https:\/\/nilko.com.br\/industriasdeprecisao\/","name":"Nilko Ind\u00fastrias de Alta Precis\u00e3o","description":"","potentialAction":[{"@type":"SearchAction","target":{"@type":"EntryPoint","urlTemplate":"https:\/\/nilko.com.br\/industriasdeprecisao\/?s={search_term_string}"},"query-input":{"@type":"PropertyValueSpecification","valueRequired":true,"valueName":"search_term_string"}}],"inLanguage":"pt-BR"}]}},"_links":{"self":[{"href":"https:\/\/nilko.com.br\/industriasdeprecisao\/wp-json\/wp\/v2\/pages\/104887","targetHints":{"allow":["GET"]}}],"collection":[{"href":"https:\/\/nilko.com.br\/industriasdeprecisao\/wp-json\/wp\/v2\/pages"}],"about":[{"href":"https:\/\/nilko.com.br\/industriasdeprecisao\/wp-json\/wp\/v2\/types\/page"}],"author":[{"embeddable":true,"href":"https:\/\/nilko.com.br\/industriasdeprecisao\/wp-json\/wp\/v2\/users\/2"}],"replies":[{"embeddable":true,"href":"https:\/\/nilko.com.br\/industriasdeprecisao\/wp-json\/wp\/v2\/comments?post=104887"}],"version-history":[{"count":11,"href":"https:\/\/nilko.com.br\/industriasdeprecisao\/wp-json\/wp\/v2\/pages\/104887\/revisions"}],"predecessor-version":[{"id":105355,"href":"https:\/\/nilko.com.br\/industriasdeprecisao\/wp-json\/wp\/v2\/pages\/104887\/revisions\/105355"}],"wp:attachment":[{"href":"https:\/\/nilko.com.br\/industriasdeprecisao\/wp-json\/wp\/v2\/media?parent=104887"}],"curies":[{"name":"wp","href":"https:\/\/api.w.org\/{rel}","templated":true}]}}