{"id":105244,"date":"2025-07-24T15:16:21","date_gmt":"2025-07-24T15:16:21","guid":{"rendered":"https:\/\/lightsteelblue-fish-559119.hostingersite.com\/cabines\/?page_id=105244"},"modified":"2025-09-18T18:32:46","modified_gmt":"2025-09-18T18:32:46","slug":"caixa-montagem-para-protecao","status":"publish","type":"page","link":"https:\/\/nilko.com.br\/cabines\/caixa-montagem-para-protecao\/","title":{"rendered":"Caixa de Montagem Herm\u00e9tica para Prote\u00e7\u00e3o"},"content":{"rendered":"<p>[et_pb_section fb_built=&#8221;1&#8243; _builder_version=&#8221;4.24.2&#8243; _module_preset=&#8221;default&#8221; background_image=&#8221;https:\/\/lightsteelblue-fish-559119.hostingersite.com\/cabines\/wp-content\/uploads\/2024\/03\/cabines-indoor.jpg&#8221; parallax=&#8221;on&#8221; background_pattern_horizontal_offset=&#8221;100%&#8221; background_pattern_vertical_offset=&#8221;26%&#8221; background_pattern_repeat=&#8221;space&#8221; custom_margin=&#8221;-49px||||false|false&#8221; custom_margin_tablet=&#8221;-49px||||false|false&#8221; custom_margin_phone=&#8221;-70px||||false|false&#8221; custom_margin_last_edited=&#8221;on|phone&#8221; custom_padding=&#8221;158px||181px||false|false&#8221; saved_tabs=&#8221;all&#8221; global_colors_info=&#8221;{}&#8221;][et_pb_row _builder_version=&#8221;4.24.2&#8243; _module_preset=&#8221;default&#8221; global_colors_info=&#8221;{}&#8221;][et_pb_column type=&#8221;4_4&#8243; _builder_version=&#8221;4.24.2&#8243; _module_preset=&#8221;default&#8221; global_colors_info=&#8221;{}&#8221;][\/et_pb_column][\/et_pb_row][\/et_pb_section][et_pb_section fb_built=&#8221;1&#8243; _builder_version=&#8221;4.24.2&#8243; _module_preset=&#8221;default&#8221; width=&#8221;99.9%&#8221; custom_padding=&#8221;||0px|||&#8221; saved_tabs=&#8221;all&#8221; global_colors_info=&#8221;{}&#8221;][et_pb_row _builder_version=&#8221;4.24.2&#8243; _module_preset=&#8221;default&#8221; background_color=&#8221;#f7f7f7&#8243; custom_margin=&#8221;-91px||||false|false&#8221; border_radii=&#8221;on|14px|14px|14px|14px&#8221; global_colors_info=&#8221;{}&#8221;][et_pb_column type=&#8221;4_4&#8243; _builder_version=&#8221;4.24.2&#8243; _module_preset=&#8221;default&#8221; global_colors_info=&#8221;{}&#8221;][et_pb_text _builder_version=&#8221;4.27.2&#8243; _module_preset=&#8221;default&#8221; header_font=&#8221;|700||on|||||&#8221; header_text_align=&#8221;center&#8221; header_text_color=&#8221;#00245B&#8221; header_font_size=&#8221;42px&#8221; custom_margin=&#8221;||8px|||&#8221; global_colors_info=&#8221;{}&#8221;]<\/p>\n<h1><span>Linha Tech Box<\/span><\/h1>\n<p>[\/et_pb_text][et_pb_text _builder_version=&#8221;4.27.2&#8243; _module_preset=&#8221;default&#8221; text_font_size=&#8221;16px&#8221; global_colors_info=&#8221;{}&#8221;]<\/p>\n<p style=\"text-align: center;\">Caixa de Montagem Herm\u00e9tica para Prote\u00e7\u00e3o IP 65<\/p>\n<p>[\/et_pb_text][\/et_pb_column][\/et_pb_row][et_pb_row column_structure=&#8221;3_5,2_5&#8243; _builder_version=&#8221;4.24.2&#8243; _module_preset=&#8221;default&#8221; global_colors_info=&#8221;{}&#8221;][et_pb_column type=&#8221;3_5&#8243; _builder_version=&#8221;4.24.2&#8243; _module_preset=&#8221;default&#8221; global_colors_info=&#8221;{}&#8221;][et_pb_text _builder_version=&#8221;4.27.2&#8243; _module_preset=&#8221;default&#8221; text_font_size=&#8221;16px&#8221; min_height=&#8221;51.6px&#8221; custom_margin=&#8221;136px||136px||true|&#8221; global_colors_info=&#8221;{}&#8221;]<\/p>\n<div class=\"wpb_text_column wpb_content_element \">\n<div class=\"wpb_wrapper\">\n<p>Oferecemos uma linha vers\u00e1til de Caixas de Montagem Herm\u00e9ticas para Prote\u00e7\u00e3o de sistemas el\u00e9tricos, eletr\u00f4nicos e de automa\u00e7\u00e3o.<\/p>\n<p>A Tech Box entrega alta resist\u00eancia mec\u00e2nica, prote\u00e7\u00e3o IP65 e flexibilidade para aplica\u00e7\u00f5es internas e externas, at\u00e9 mesmo em ambientes agressivos.<\/p>\n<p>Tamb\u00e9m desenvolvemos vers\u00f5es espec\u00edficas para CFTV, recarga veicular e energia solar, mantendo sempre a qualidade Nilko.<\/p>\n<\/div>\n<\/div>\n<p>[\/et_pb_text][\/et_pb_column][et_pb_column type=&#8221;2_5&#8243; _builder_version=&#8221;4.24.2&#8243; _module_preset=&#8221;default&#8221; global_colors_info=&#8221;{}&#8221;][et_pb_image src=&#8221;https:\/\/lightsteelblue-fish-559119.hostingersite.com\/cabines\/wp-content\/uploads\/2025\/06\/img_5250.png&#8221; alt=&#8221;Caixa de Montagem Herm\u00e9tica para Prote\u00e7\u00e3o IP 65 TECH BOX PRO&#8221; title_text=&#8221;Caixa de Montagem Herm\u00e9tica para Prote\u00e7\u00e3o IP 65 TECH BOX PRO&#8221; _builder_version=&#8221;4.27.2&#8243; _module_preset=&#8221;default&#8221; global_colors_info=&#8221;{}&#8221;][\/et_pb_image][\/et_pb_column][\/et_pb_row][\/et_pb_section][et_pb_section fb_built=&#8221;1&#8243; _builder_version=&#8221;4.24.2&#8243; _module_preset=&#8221;default&#8221; custom_padding=&#8221;||4px|||&#8221; global_colors_info=&#8221;{}&#8221;][et_pb_row column_structure=&#8221;1_2,1_2&#8243; _builder_version=&#8221;4.24.2&#8243; _module_preset=&#8221;default&#8221; global_colors_info=&#8221;{}&#8221;][et_pb_column type=&#8221;1_2&#8243; _builder_version=&#8221;4.24.2&#8243; _module_preset=&#8221;default&#8221; global_colors_info=&#8221;{}&#8221;][et_pb_text module_id=&#8221;multiuso&#8221; _builder_version=&#8221;4.27.2&#8243; _module_preset=&#8221;default&#8221; header_2_text_color=&#8221;#00245B&#8221; header_2_font_size=&#8221;32px&#8221; global_colors_info=&#8221;{}&#8221;]<\/p>\n<div class=\"dt-fancy-separator h2-size style-disabled\">\n<h2 class=\"dt-fancy-title\">Tech Box Pro<\/h2>\n<\/div>\n<p>[\/et_pb_text][et_pb_text _builder_version=&#8221;4.27.2&#8243; _module_preset=&#8221;default&#8221; global_colors_info=&#8221;{}&#8221;]<\/p>\n<p>A Tech Box Pro \u00e9 uma caixa herm\u00e9tica IP65 que garante prote\u00e7\u00e3o contra poeira e \u00e1gua. Possui alta resist\u00eancia a impactos, radia\u00e7\u00e3o UV e agentes qu\u00edmicos. Vers\u00e1til e dur\u00e1vel, atende projetos de automa\u00e7\u00e3o, CFTV, recarga veicular e sistemas solares, com op\u00e7\u00f5es de montagem e personaliza\u00e7\u00e3o.<\/p>\n<p>[\/et_pb_text][et_pb_text _builder_version=&#8221;4.24.2&#8243; _module_preset=&#8221;default&#8221; text_font_size=&#8221;16px&#8221; width=&#8221;43.6%&#8221; global_colors_info=&#8221;{}&#8221;][\/et_pb_text][\/et_pb_column][et_pb_column type=&#8221;1_2&#8243; _builder_version=&#8221;4.24.2&#8243; _module_preset=&#8221;default&#8221; global_colors_info=&#8221;{}&#8221;][et_pb_button button_url=&#8221;https:\/\/lightsteelblue-fish-559119.hostingersite.com\/cabines\/produto\/caixa-de-montagem-hermetica-para-protecao-ip-65\/&#8221; button_text=&#8221;Confira&#8221; button_alignment=&#8221;center&#8221; _builder_version=&#8221;4.27.2&#8243; _module_preset=&#8221;default&#8221; custom_button=&#8221;on&#8221; button_text_color=&#8221;#FFFFFF&#8221; button_bg_color=&#8221;#ffc400&#8243; button_border_color=&#8221;RGBA(255,255,255,0)&#8221; button_font=&#8221;|700|||||||&#8221; button_icon=&#8221;&#x3d;||divi||400&#8243; button_on_hover=&#8221;off&#8221; custom_margin=&#8221;59px||||false|false&#8221; global_colors_info=&#8221;{}&#8221;][\/et_pb_button][\/et_pb_column][\/et_pb_row][et_pb_row column_structure=&#8221;1_2,1_2&#8243; _builder_version=&#8221;4.24.2&#8243; _module_preset=&#8221;default&#8221; global_colors_info=&#8221;{}&#8221;][et_pb_column type=&#8221;1_2&#8243; _builder_version=&#8221;4.24.2&#8243; _module_preset=&#8221;default&#8221; global_colors_info=&#8221;{}&#8221;][et_pb_text module_id=&#8221;multiuso&#8221; _builder_version=&#8221;4.27.2&#8243; _module_preset=&#8221;default&#8221; header_2_text_color=&#8221;#00245B&#8221; header_2_font_size=&#8221;32px&#8221; global_colors_info=&#8221;{}&#8221;]<\/p>\n<div class=\"dt-fancy-separator h2-size style-disabled\">\n<h2 class=\"dt-fancy-title\">Tech Box Pro CFTV<\/h2>\n<\/div>\n<p>[\/et_pb_text][et_pb_text _builder_version=&#8221;4.27.2&#8243; _module_preset=&#8221;default&#8221; global_colors_info=&#8221;{}&#8221;]<\/p>\n<p>A Tech Box Pro CFTV foi desenvolvida para proteger fontes, DVRs e equipamentos de seguran\u00e7a. Com veda\u00e7\u00e3o IP65, alta resist\u00eancia e instala\u00e7\u00e3o facilitada, \u00e9 ideal para ambientes externos. Garante durabilidade, organiza\u00e7\u00e3o e seguran\u00e7a nas suas instala\u00e7\u00f5es de monitoramento.<\/p>\n<p>[\/et_pb_text][et_pb_text _builder_version=&#8221;4.24.2&#8243; _module_preset=&#8221;default&#8221; text_font_size=&#8221;16px&#8221; width=&#8221;43.6%&#8221; global_colors_info=&#8221;{}&#8221;][\/et_pb_text][\/et_pb_column][et_pb_column type=&#8221;1_2&#8243; _builder_version=&#8221;4.24.2&#8243; _module_preset=&#8221;default&#8221; global_colors_info=&#8221;{}&#8221;][et_pb_button button_text=&#8221;Confira&#8221; button_alignment=&#8221;center&#8221; _builder_version=&#8221;4.27.2&#8243; _module_preset=&#8221;default&#8221; custom_button=&#8221;on&#8221; button_text_color=&#8221;#FFFFFF&#8221; button_bg_color=&#8221;#ffc400&#8243; button_border_color=&#8221;RGBA(255,255,255,0)&#8221; button_font=&#8221;|700|||||||&#8221; button_icon=&#8221;&#x3d;||divi||400&#8243; button_on_hover=&#8221;off&#8221; custom_margin=&#8221;59px||||false|false&#8221; hover_enabled=&#8221;0&#8243; global_colors_info=&#8221;{}&#8221; button_url=&#8221;https:\/\/lightsteelblue-fish-559119.hostingersite.com\/cabines\/produto\/quadro-protecao-cftv\/&#8221; sticky_enabled=&#8221;0&#8243;][\/et_pb_button][\/et_pb_column][\/et_pb_row][et_pb_row column_structure=&#8221;1_2,1_2&#8243; _builder_version=&#8221;4.24.2&#8243; _module_preset=&#8221;default&#8221; global_colors_info=&#8221;{}&#8221;][et_pb_column type=&#8221;1_2&#8243; _builder_version=&#8221;4.24.2&#8243; _module_preset=&#8221;default&#8221; global_colors_info=&#8221;{}&#8221;][et_pb_text module_id=&#8221;multiuso&#8221; _builder_version=&#8221;4.27.2&#8243; _module_preset=&#8221;default&#8221; header_2_text_color=&#8221;#00245B&#8221; header_2_font_size=&#8221;32px&#8221; global_colors_info=&#8221;{}&#8221;]<\/p>\n<div class=\"dt-fancy-separator h2-size style-disabled\">\n<h2 class=\"dt-fancy-title\"><span>Tech Box Pro Charge<\/span><\/h2>\n<\/div>\n<p>[\/et_pb_text][et_pb_text _builder_version=&#8221;4.24.2&#8243; _module_preset=&#8221;default&#8221; global_colors_info=&#8221;{}&#8221;]<\/p>\n<p>A Tech Box Pro Charge \u00e9 a solu\u00e7\u00e3o ideal para proteger componentes de esta\u00e7\u00f5es de recarga veicular. Com veda\u00e7\u00e3o IP65, resist\u00eancia a intemp\u00e9ries e f\u00e1cil instala\u00e7\u00e3o, garante seguran\u00e7a, durabilidade e desempenho em projetos de mobilidade el\u00e9trica.<\/p>\n<p>[\/et_pb_text][et_pb_text _builder_version=&#8221;4.24.2&#8243; _module_preset=&#8221;default&#8221; text_font_size=&#8221;16px&#8221; width=&#8221;43.6%&#8221; global_colors_info=&#8221;{}&#8221;][\/et_pb_text][\/et_pb_column][et_pb_column type=&#8221;1_2&#8243; _builder_version=&#8221;4.24.2&#8243; _module_preset=&#8221;default&#8221; global_colors_info=&#8221;{}&#8221;][et_pb_button button_url=&#8221;https:\/\/lightsteelblue-fish-559119.hostingersite.com\/cabines\/produto\/quadro-protecao-carregamento-veicular\/&#8221; button_text=&#8221;Confira&#8221; button_alignment=&#8221;center&#8221; _builder_version=&#8221;4.27.2&#8243; _module_preset=&#8221;default&#8221; custom_button=&#8221;on&#8221; button_text_color=&#8221;#FFFFFF&#8221; button_bg_color=&#8221;#ffc400&#8243; button_border_color=&#8221;RGBA(255,255,255,0)&#8221; button_font=&#8221;|700|||||||&#8221; button_icon=&#8221;&#x3d;||divi||400&#8243; button_on_hover=&#8221;off&#8221; custom_margin=&#8221;59px||||false|false&#8221; global_colors_info=&#8221;{}&#8221;][\/et_pb_button][\/et_pb_column][\/et_pb_row][et_pb_row column_structure=&#8221;1_2,1_2&#8243; _builder_version=&#8221;4.24.2&#8243; _module_preset=&#8221;default&#8221; global_colors_info=&#8221;{}&#8221;][et_pb_column type=&#8221;1_2&#8243; _builder_version=&#8221;4.24.2&#8243; _module_preset=&#8221;default&#8221; global_colors_info=&#8221;{}&#8221;][et_pb_text module_id=&#8221;multiuso&#8221; _builder_version=&#8221;4.24.2&#8243; _module_preset=&#8221;default&#8221; header_2_text_color=&#8221;#00245B&#8221; header_2_font_size=&#8221;32px&#8221; global_colors_info=&#8221;{}&#8221;]<\/p>\n<div class=\"dt-fancy-separator h2-size style-disabled\">\n<h2 class=\"dt-fancy-title\"><span>Tech Box Pro Solar<\/span><\/h2>\n<\/div>\n<p>[\/et_pb_text][et_pb_text _builder_version=&#8221;4.27.2&#8243; _module_preset=&#8221;default&#8221; global_colors_info=&#8221;{}&#8221;]<\/p>\n<p>A Tech Box Pro Solar foi projetada para aplica\u00e7\u00f5es fotovoltaicas como string box. Oferece prote\u00e7\u00e3o IP65, alta durabilidade e resist\u00eancia UV. Ideal para ambientes externos, garante seguran\u00e7a e confiabilidade na prote\u00e7\u00e3o dos componentes do sistema solar.<\/p>\n<p>[\/et_pb_text][et_pb_text _builder_version=&#8221;4.24.2&#8243; _module_preset=&#8221;default&#8221; text_font_size=&#8221;16px&#8221; width=&#8221;43.6%&#8221; global_colors_info=&#8221;{}&#8221;][\/et_pb_text][\/et_pb_column][et_pb_column type=&#8221;1_2&#8243; _builder_version=&#8221;4.24.2&#8243; _module_preset=&#8221;default&#8221; global_colors_info=&#8221;{}&#8221;][et_pb_button button_url=&#8221;https:\/\/lightsteelblue-fish-559119.hostingersite.com\/cabines\/produto\/caixa-para-painel\/&#8221; button_text=&#8221;Confira&#8221; button_alignment=&#8221;center&#8221; _builder_version=&#8221;4.24.2&#8243; _module_preset=&#8221;default&#8221; custom_button=&#8221;on&#8221; button_text_color=&#8221;#FFFFFF&#8221; button_bg_color=&#8221;#ffc400&#8243; button_border_color=&#8221;RGBA(255,255,255,0)&#8221; button_font=&#8221;|700|||||||&#8221; button_icon=&#8221;&#x3d;||divi||400&#8243; button_on_hover=&#8221;off&#8221; custom_margin=&#8221;59px||||false|false&#8221; global_colors_info=&#8221;{}&#8221;][\/et_pb_button][\/et_pb_column][\/et_pb_row][\/et_pb_section]<\/p>\n","protected":false},"excerpt":{"rendered":"<p>Linha Tech BoxCaixa de Montagem Herm\u00e9tica para Prote\u00e7\u00e3o IP 65 Oferecemos uma linha vers\u00e1til de Caixas de Montagem Herm\u00e9ticas para Prote\u00e7\u00e3o de sistemas el\u00e9tricos, eletr\u00f4nicos e de automa\u00e7\u00e3o. A Tech Box entrega alta resist\u00eancia mec\u00e2nica, prote\u00e7\u00e3o IP65 e flexibilidade para aplica\u00e7\u00f5es internas e externas, at\u00e9 mesmo em ambientes agressivos. Tamb\u00e9m desenvolvemos vers\u00f5es espec\u00edficas para CFTV, [&hellip;]<\/p>\n","protected":false},"author":2,"featured_media":0,"parent":0,"menu_order":0,"comment_status":"closed","ping_status":"closed","template":"","meta":{"_acf_changed":false,"_et_pb_use_builder":"on","_et_pb_old_content":"","_et_gb_content_width":"","_joinchat":[],"footnotes":""},"class_list":["post-105244","page","type-page","status-publish","hentry"],"acf":[],"yoast_head":"<!-- This site is optimized with the Yoast SEO plugin v23.6 - https:\/\/yoast.com\/wordpress\/plugins\/seo\/ -->\n<title>Caixa de Montagem Herm\u00e9tica para Prote\u00e7\u00e3o - Tech Box Pro<\/title>\n<meta name=\"description\" content=\"Caixa de Montagem Herm\u00e9tica para Prote\u00e7\u00e3o - Automa\u00e7\u00e3o, CFTV, recarga e energia solar. Vers\u00e1til, resistente e pronta pra ambientes exigentes.\" \/>\n<meta name=\"robots\" content=\"index, follow, max-snippet:-1, max-image-preview:large, max-video-preview:-1\" \/>\n<link rel=\"canonical\" href=\"https:\/\/lightsteelblue-fish-559119.hostingersite.com\/cabines\/caixa-montagem-para-protecao\/\" \/>\n<meta property=\"og:locale\" content=\"pt_PT\" \/>\n<meta property=\"og:type\" content=\"article\" \/>\n<meta property=\"og:title\" content=\"Caixa de Montagem Herm\u00e9tica para Prote\u00e7\u00e3o - Tech Box Pro\" \/>\n<meta property=\"og:description\" content=\"Caixa de Montagem Herm\u00e9tica para Prote\u00e7\u00e3o - Automa\u00e7\u00e3o, CFTV, recarga e energia solar. Vers\u00e1til, resistente e pronta pra ambientes exigentes.\" \/>\n<meta property=\"og:url\" content=\"https:\/\/lightsteelblue-fish-559119.hostingersite.com\/cabines\/caixa-montagem-para-protecao\/\" \/>\n<meta property=\"og:site_name\" content=\"Nilko Cabines\" \/>\n<meta property=\"article:modified_time\" content=\"2025-09-18T18:32:46+00:00\" \/>\n<meta name=\"twitter:card\" content=\"summary_large_image\" \/>\n<meta name=\"twitter:label1\" content=\"Tempo estimado de leitura\" \/>\n\t<meta name=\"twitter:data1\" content=\"2 minutos\" \/>\n<script type=\"application\/ld+json\" class=\"yoast-schema-graph\">{\"@context\":\"https:\/\/schema.org\",\"@graph\":[{\"@type\":\"WebPage\",\"@id\":\"https:\/\/lightsteelblue-fish-559119.hostingersite.com\/cabines\/caixa-montagem-para-protecao\/\",\"url\":\"https:\/\/lightsteelblue-fish-559119.hostingersite.com\/cabines\/caixa-montagem-para-protecao\/\",\"name\":\"Caixa de Montagem Herm\u00e9tica para Prote\u00e7\u00e3o - Tech Box Pro\",\"isPartOf\":{\"@id\":\"https:\/\/lightsteelblue-fish-559119.hostingersite.com\/cabines\/#website\"},\"datePublished\":\"2025-07-24T15:16:21+00:00\",\"dateModified\":\"2025-09-18T18:32:46+00:00\",\"description\":\"Caixa de Montagem Herm\u00e9tica para Prote\u00e7\u00e3o - Automa\u00e7\u00e3o, CFTV, recarga e energia solar. Vers\u00e1til, resistente e pronta pra ambientes exigentes.\",\"breadcrumb\":{\"@id\":\"https:\/\/lightsteelblue-fish-559119.hostingersite.com\/cabines\/caixa-montagem-para-protecao\/#breadcrumb\"},\"inLanguage\":\"pt-PT\",\"potentialAction\":[{\"@type\":\"ReadAction\",\"target\":[\"https:\/\/lightsteelblue-fish-559119.hostingersite.com\/cabines\/caixa-montagem-para-protecao\/\"]}]},{\"@type\":\"BreadcrumbList\",\"@id\":\"https:\/\/lightsteelblue-fish-559119.hostingersite.com\/cabines\/caixa-montagem-para-protecao\/#breadcrumb\",\"itemListElement\":[{\"@type\":\"ListItem\",\"position\":1,\"name\":\"In\u00edcio\",\"item\":\"https:\/\/nilko.com.br\/cabines\/\"},{\"@type\":\"ListItem\",\"position\":2,\"name\":\"Caixa de Montagem Herm\u00e9tica para Prote\u00e7\u00e3o\"}]},{\"@type\":\"WebSite\",\"@id\":\"https:\/\/lightsteelblue-fish-559119.hostingersite.com\/cabines\/#website\",\"url\":\"https:\/\/lightsteelblue-fish-559119.hostingersite.com\/cabines\/\",\"name\":\"Nilko Cabines\",\"description\":\"Solu\u00e7\u00f5es para qualquer aplica\u00e7\u00e3o indoor e outdoor\",\"publisher\":{\"@id\":\"https:\/\/lightsteelblue-fish-559119.hostingersite.com\/cabines\/#organization\"},\"potentialAction\":[{\"@type\":\"SearchAction\",\"target\":{\"@type\":\"EntryPoint\",\"urlTemplate\":\"https:\/\/lightsteelblue-fish-559119.hostingersite.com\/cabines\/?s={search_term_string}\"},\"query-input\":{\"@type\":\"PropertyValueSpecification\",\"valueRequired\":true,\"valueName\":\"search_term_string\"}}],\"inLanguage\":\"pt-PT\"},{\"@type\":\"Organization\",\"@id\":\"https:\/\/lightsteelblue-fish-559119.hostingersite.com\/cabines\/#organization\",\"name\":\"Nilko Cabines\",\"url\":\"https:\/\/lightsteelblue-fish-559119.hostingersite.com\/cabines\/\",\"logo\":{\"@type\":\"ImageObject\",\"inLanguage\":\"pt-PT\",\"@id\":\"https:\/\/lightsteelblue-fish-559119.hostingersite.com\/cabines\/#\/schema\/logo\/image\/\",\"url\":\"https:\/\/lightsteelblue-fish-559119.hostingersite.com\/cabinesv3\/wp-content\/uploads\/2024\/03\/nilko-enclosure.png\",\"contentUrl\":\"https:\/\/lightsteelblue-fish-559119.hostingersite.com\/cabinesv3\/wp-content\/uploads\/2024\/03\/nilko-enclosure.png\",\"width\":125,\"height\":62,\"caption\":\"Nilko Cabines\"},\"image\":{\"@id\":\"https:\/\/lightsteelblue-fish-559119.hostingersite.com\/cabines\/#\/schema\/logo\/image\/\"}}]}<\/script>\n<!-- \/ Yoast SEO plugin. -->","yoast_head_json":{"title":"Caixa de Montagem Herm\u00e9tica para Prote\u00e7\u00e3o - Tech Box Pro","description":"Caixa de Montagem Herm\u00e9tica para Prote\u00e7\u00e3o - Automa\u00e7\u00e3o, CFTV, recarga e energia solar. Vers\u00e1til, resistente e pronta pra ambientes exigentes.","robots":{"index":"index","follow":"follow","max-snippet":"max-snippet:-1","max-image-preview":"max-image-preview:large","max-video-preview":"max-video-preview:-1"},"canonical":"https:\/\/lightsteelblue-fish-559119.hostingersite.com\/cabines\/caixa-montagem-para-protecao\/","og_locale":"pt_PT","og_type":"article","og_title":"Caixa de Montagem Herm\u00e9tica para Prote\u00e7\u00e3o - Tech Box Pro","og_description":"Caixa de Montagem Herm\u00e9tica para Prote\u00e7\u00e3o - Automa\u00e7\u00e3o, CFTV, recarga e energia solar. Vers\u00e1til, resistente e pronta pra ambientes exigentes.","og_url":"https:\/\/lightsteelblue-fish-559119.hostingersite.com\/cabines\/caixa-montagem-para-protecao\/","og_site_name":"Nilko Cabines","article_modified_time":"2025-09-18T18:32:46+00:00","twitter_card":"summary_large_image","twitter_misc":{"Tempo estimado de leitura":"2 minutos"},"schema":{"@context":"https:\/\/schema.org","@graph":[{"@type":"WebPage","@id":"https:\/\/lightsteelblue-fish-559119.hostingersite.com\/cabines\/caixa-montagem-para-protecao\/","url":"https:\/\/lightsteelblue-fish-559119.hostingersite.com\/cabines\/caixa-montagem-para-protecao\/","name":"Caixa de Montagem Herm\u00e9tica para Prote\u00e7\u00e3o - Tech Box Pro","isPartOf":{"@id":"https:\/\/lightsteelblue-fish-559119.hostingersite.com\/cabines\/#website"},"datePublished":"2025-07-24T15:16:21+00:00","dateModified":"2025-09-18T18:32:46+00:00","description":"Caixa de Montagem Herm\u00e9tica para Prote\u00e7\u00e3o - Automa\u00e7\u00e3o, CFTV, recarga e energia solar. Vers\u00e1til, resistente e pronta pra ambientes exigentes.","breadcrumb":{"@id":"https:\/\/lightsteelblue-fish-559119.hostingersite.com\/cabines\/caixa-montagem-para-protecao\/#breadcrumb"},"inLanguage":"pt-PT","potentialAction":[{"@type":"ReadAction","target":["https:\/\/lightsteelblue-fish-559119.hostingersite.com\/cabines\/caixa-montagem-para-protecao\/"]}]},{"@type":"BreadcrumbList","@id":"https:\/\/lightsteelblue-fish-559119.hostingersite.com\/cabines\/caixa-montagem-para-protecao\/#breadcrumb","itemListElement":[{"@type":"ListItem","position":1,"name":"In\u00edcio","item":"https:\/\/nilko.com.br\/cabines\/"},{"@type":"ListItem","position":2,"name":"Caixa de Montagem Herm\u00e9tica para Prote\u00e7\u00e3o"}]},{"@type":"WebSite","@id":"https:\/\/lightsteelblue-fish-559119.hostingersite.com\/cabines\/#website","url":"https:\/\/lightsteelblue-fish-559119.hostingersite.com\/cabines\/","name":"Nilko Cabines","description":"Solu\u00e7\u00f5es para qualquer aplica\u00e7\u00e3o indoor e outdoor","publisher":{"@id":"https:\/\/lightsteelblue-fish-559119.hostingersite.com\/cabines\/#organization"},"potentialAction":[{"@type":"SearchAction","target":{"@type":"EntryPoint","urlTemplate":"https:\/\/lightsteelblue-fish-559119.hostingersite.com\/cabines\/?s={search_term_string}"},"query-input":{"@type":"PropertyValueSpecification","valueRequired":true,"valueName":"search_term_string"}}],"inLanguage":"pt-PT"},{"@type":"Organization","@id":"https:\/\/lightsteelblue-fish-559119.hostingersite.com\/cabines\/#organization","name":"Nilko Cabines","url":"https:\/\/lightsteelblue-fish-559119.hostingersite.com\/cabines\/","logo":{"@type":"ImageObject","inLanguage":"pt-PT","@id":"https:\/\/lightsteelblue-fish-559119.hostingersite.com\/cabines\/#\/schema\/logo\/image\/","url":"https:\/\/lightsteelblue-fish-559119.hostingersite.com\/cabinesv3\/wp-content\/uploads\/2024\/03\/nilko-enclosure.png","contentUrl":"https:\/\/lightsteelblue-fish-559119.hostingersite.com\/cabinesv3\/wp-content\/uploads\/2024\/03\/nilko-enclosure.png","width":125,"height":62,"caption":"Nilko Cabines"},"image":{"@id":"https:\/\/lightsteelblue-fish-559119.hostingersite.com\/cabines\/#\/schema\/logo\/image\/"}}]}},"_links":{"self":[{"href":"https:\/\/nilko.com.br\/cabines\/wp-json\/wp\/v2\/pages\/105244","targetHints":{"allow":["GET"]}}],"collection":[{"href":"https:\/\/nilko.com.br\/cabines\/wp-json\/wp\/v2\/pages"}],"about":[{"href":"https:\/\/nilko.com.br\/cabines\/wp-json\/wp\/v2\/types\/page"}],"author":[{"embeddable":true,"href":"https:\/\/nilko.com.br\/cabines\/wp-json\/wp\/v2\/users\/2"}],"replies":[{"embeddable":true,"href":"https:\/\/nilko.com.br\/cabines\/wp-json\/wp\/v2\/comments?post=105244"}],"version-history":[{"count":9,"href":"https:\/\/nilko.com.br\/cabines\/wp-json\/wp\/v2\/pages\/105244\/revisions"}],"predecessor-version":[{"id":105282,"href":"https:\/\/nilko.com.br\/cabines\/wp-json\/wp\/v2\/pages\/105244\/revisions\/105282"}],"wp:attachment":[{"href":"https:\/\/nilko.com.br\/cabines\/wp-json\/wp\/v2\/media?parent=105244"}],"curies":[{"name":"wp","href":"https:\/\/api.w.org\/{rel}","templated":true}]}}