{"id":104900,"date":"2024-05-31T12:44:30","date_gmt":"2024-05-31T12:44:30","guid":{"rendered":"https:\/\/lightsteelblue-fish-559119.hostingersite.com\/cabines\/?page_id=104900"},"modified":"2025-09-03T19:14:57","modified_gmt":"2025-09-03T19:14:57","slug":"catalogo-nilko","status":"publish","type":"page","link":"https:\/\/nilko.com.br\/cabines\/catalogo-nilko\/","title":{"rendered":"Cat\u00e1logo"},"content":{"rendered":"<p>[et_pb_section fb_built=&#8221;1&#8243; _builder_version=&#8221;4.24.2&#8243; _module_preset=&#8221;default&#8221; background_color=&#8221;#00245B&#8221; global_colors_info=&#8221;{}&#8221;][et_pb_row _builder_version=&#8221;4.24.2&#8243; _module_preset=&#8221;default&#8221; global_colors_info=&#8221;{}&#8221;][et_pb_column type=&#8221;4_4&#8243; _builder_version=&#8221;4.24.2&#8243; _module_preset=&#8221;default&#8221; global_colors_info=&#8221;{}&#8221;][et_pb_heading title=&#8221;Cat\u00e1logos &#8221; _builder_version=&#8221;4.24.2&#8243; _module_preset=&#8221;default&#8221; title_text_align=&#8221;center&#8221; title_text_color=&#8221;#FFFFFF&#8221; title_font_size=&#8221;42px&#8221; global_colors_info=&#8221;{}&#8221;][\/et_pb_heading][\/et_pb_column][\/et_pb_row][\/et_pb_section][et_pb_section fb_built=&#8221;1&#8243; _builder_version=&#8221;4.27.2&#8243; _module_preset=&#8221;default&#8221; global_colors_info=&#8221;{}&#8221;][et_pb_row _builder_version=&#8221;4.27.2&#8243; _module_preset=&#8221;default&#8221; global_colors_info=&#8221;{}&#8221;][et_pb_column type=&#8221;4_4&#8243; _builder_version=&#8221;4.27.2&#8243; _module_preset=&#8221;default&#8221; global_colors_info=&#8221;{}&#8221;][et_pb_text _builder_version=&#8221;4.27.2&#8243; _module_preset=&#8221;default&#8221; global_colors_info=&#8221;{}&#8221;]<\/p>\n<h3>Baixe Nossos Cat\u00e1logos<\/h3>\n<p>Bem-vindo \u00e0 nossa p\u00e1gina de downloads! Aqui voc\u00ea encontrar\u00e1 uma sele\u00e7\u00e3o completa de nossos cat\u00e1logos, que apresentam nossos produtos e servi\u00e7os de forma detalhada e visual.<\/p>\n<p>Explore nossas op\u00e7\u00f5es e descubra as solu\u00e7\u00f5es que podem atender \u00e0s suas necessidades. Nossos cat\u00e1logos est\u00e3o dispon\u00edveis em formato PDF, facilitando o acesso e a visualiza\u00e7\u00e3o em qualquer dispositivo.<\/p>\n<p><strong>Como Baixar:<\/strong><\/p>\n<ol>\n<li>Selecione o cat\u00e1logo desejado.<\/li>\n<li>Clique no link para download.<\/li>\n<li>Abra e aproveite!<\/li>\n<\/ol>\n<p>Se tiver alguma d\u00favida ou precisar de mais informa\u00e7\u00f5es, n\u00e3o hesite em nos contatar. Estamos aqui para ajudar!<\/p>\n<p>[\/et_pb_text][\/et_pb_column][\/et_pb_row][\/et_pb_section][et_pb_section fb_built=&#8221;1&#8243; _builder_version=&#8221;4.24.2&#8243; _module_preset=&#8221;default&#8221; global_colors_info=&#8221;{}&#8221;][et_pb_row column_structure=&#8221;1_2,1_2&#8243; _builder_version=&#8221;4.24.2&#8243; _module_preset=&#8221;default&#8221; global_colors_info=&#8221;{}&#8221;][et_pb_column type=&#8221;1_2&#8243; _builder_version=&#8221;4.24.2&#8243; _module_preset=&#8221;default&#8221; global_colors_info=&#8221;{}&#8221;][et_pb_heading title=&#8221;Cat\u00e1logo Linha Master&#8221; _builder_version=&#8221;4.24.2&#8243; _module_preset=&#8221;default&#8221; global_colors_info=&#8221;{}&#8221;][\/et_pb_heading][\/et_pb_column][et_pb_column type=&#8221;1_2&#8243; _builder_version=&#8221;4.24.2&#8243; _module_preset=&#8221;default&#8221; global_colors_info=&#8221;{}&#8221;][et_pb_button button_url=&#8221;https:\/\/lightsteelblue-fish-559119.hostingersite.com\/cabines\/wp-content\/uploads\/2025\/05\/catalogo_abrint_linha-master_2025_digital.pdf&#8221; url_new_window=&#8221;on&#8221; button_text=&#8221;Fazer Download&#8221; button_alignment=&#8221;center&#8221; _builder_version=&#8221;4.27.2&#8243; _module_preset=&#8221;default&#8221; custom_button=&#8221;on&#8221; button_text_color=&#8221;gcid-ee37f9db-558a-4c1e-93ad-2fb984fae1ac&#8221; button_bg_color=&#8221;#00245B&#8221; button_border_width=&#8221;2px&#8221; button_border_radius=&#8221;17px&#8221; global_colors_info=&#8221;{%22gcid-ee37f9db-558a-4c1e-93ad-2fb984fae1ac%22:%91%22button_text_color%22%93}&#8221;][\/et_pb_button][\/et_pb_column][\/et_pb_row][et_pb_row column_structure=&#8221;1_2,1_2&#8243; _builder_version=&#8221;4.24.2&#8243; _module_preset=&#8221;default&#8221; global_colors_info=&#8221;{}&#8221;][et_pb_column type=&#8221;1_2&#8243; _builder_version=&#8221;4.24.2&#8243; _module_preset=&#8221;default&#8221; global_colors_info=&#8221;{}&#8221;][et_pb_heading title=&#8221;Cat\u00e1logo 2024&#8243; _builder_version=&#8221;4.24.2&#8243; _module_preset=&#8221;default&#8221; global_colors_info=&#8221;{}&#8221;][\/et_pb_heading][\/et_pb_column][et_pb_column type=&#8221;1_2&#8243; _builder_version=&#8221;4.24.2&#8243; _module_preset=&#8221;default&#8221; global_colors_info=&#8221;{}&#8221;][et_pb_button button_url=&#8221;https:\/\/lightsteelblue-fish-559119.hostingersite.com\/cabines\/wp-content\/uploads\/2024\/10\/Catalogo-2024.pdf&#8221; url_new_window=&#8221;on&#8221; button_text=&#8221;Fazer Download&#8221; button_alignment=&#8221;center&#8221; _builder_version=&#8221;4.24.2&#8243; _module_preset=&#8221;default&#8221; custom_button=&#8221;on&#8221; button_text_color=&#8221;gcid-ee37f9db-558a-4c1e-93ad-2fb984fae1ac&#8221; button_bg_color=&#8221;#00245B&#8221; button_border_width=&#8221;2px&#8221; button_border_radius=&#8221;17px&#8221; global_colors_info=&#8221;{%22gcid-ee37f9db-558a-4c1e-93ad-2fb984fae1ac%22:%91%22button_text_color%22%93}&#8221;][\/et_pb_button][\/et_pb_column][\/et_pb_row][et_pb_row column_structure=&#8221;1_2,1_2&#8243; disabled_on=&#8221;off|off|off&#8221; _builder_version=&#8221;4.24.2&#8243; _module_preset=&#8221;default&#8221; global_colors_info=&#8221;{}&#8221;][et_pb_column type=&#8221;1_2&#8243; _builder_version=&#8221;4.24.2&#8243; _module_preset=&#8221;default&#8221; global_colors_info=&#8221;{}&#8221;][et_pb_heading title=&#8221;Cat\u00e1logo Energia 2025&#8243; _builder_version=&#8221;4.24.2&#8243; _module_preset=&#8221;default&#8221; global_colors_info=&#8221;{}&#8221;][\/et_pb_heading][\/et_pb_column][et_pb_column type=&#8221;1_2&#8243; _builder_version=&#8221;4.24.2&#8243; _module_preset=&#8221;default&#8221; global_colors_info=&#8221;{}&#8221;][et_pb_button button_url=&#8221;https:\/\/lightsteelblue-fish-559119.hostingersite.com\/cabines\/wp-content\/uploads\/2025\/08\/catalogo_cabines_lote1_2025_digital.pdf&#8221; url_new_window=&#8221;on&#8221; button_text=&#8221;Fazer Download&#8221; button_alignment=&#8221;center&#8221; _builder_version=&#8221;4.27.2&#8243; _module_preset=&#8221;default&#8221; custom_button=&#8221;on&#8221; button_text_color=&#8221;gcid-ee37f9db-558a-4c1e-93ad-2fb984fae1ac&#8221; button_bg_color=&#8221;#00245B&#8221; button_border_width=&#8221;2px&#8221; button_border_radius=&#8221;17px&#8221; global_colors_info=&#8221;{%22gcid-ee37f9db-558a-4c1e-93ad-2fb984fae1ac%22:%91%22button_text_color%22%93}&#8221;][\/et_pb_button][\/et_pb_column][\/et_pb_row][et_pb_row column_structure=&#8221;1_2,1_2&#8243; _builder_version=&#8221;4.24.2&#8243; _module_preset=&#8221;default&#8221; global_colors_info=&#8221;{}&#8221;][et_pb_column type=&#8221;1_2&#8243; _builder_version=&#8221;4.24.2&#8243; _module_preset=&#8221;default&#8221; global_colors_info=&#8221;{}&#8221;][et_pb_heading title=&#8221;Cat\u00e1logo Tech Box Pro&#8221; _builder_version=&#8221;4.24.2&#8243; _module_preset=&#8221;default&#8221; custom_padding=&#8221;16px|||||&#8221; global_colors_info=&#8221;{}&#8221;][\/et_pb_heading][\/et_pb_column][et_pb_column type=&#8221;1_2&#8243; _builder_version=&#8221;4.24.2&#8243; _module_preset=&#8221;default&#8221; global_colors_info=&#8221;{}&#8221;][et_pb_button button_url=&#8221;https:\/\/lightsteelblue-fish-559119.hostingersite.com\/cabines\/wp-content\/uploads\/2024\/10\/Catalogo-smart-box.pdf&#8221; url_new_window=&#8221;on&#8221; button_text=&#8221;Fazer Download&#8221; button_alignment=&#8221;center&#8221; _builder_version=&#8221;4.24.2&#8243; _module_preset=&#8221;default&#8221; custom_button=&#8221;on&#8221; button_text_color=&#8221;gcid-ee37f9db-558a-4c1e-93ad-2fb984fae1ac&#8221; button_bg_color=&#8221;#00245B&#8221; button_border_width=&#8221;2px&#8221; button_border_radius=&#8221;17px&#8221; global_colors_info=&#8221;{%22gcid-ee37f9db-558a-4c1e-93ad-2fb984fae1ac%22:%91%22button_text_color%22%93}&#8221;][\/et_pb_button][\/et_pb_column][\/et_pb_row][\/et_pb_section]<\/p>\n","protected":false},"excerpt":{"rendered":"<p>Baixe Nossos Cat\u00e1logos Bem-vindo \u00e0 nossa p\u00e1gina de downloads! Aqui voc\u00ea encontrar\u00e1 uma sele\u00e7\u00e3o completa de nossos cat\u00e1logos, que apresentam nossos produtos e servi\u00e7os de forma detalhada e visual. Explore nossas op\u00e7\u00f5es e descubra as solu\u00e7\u00f5es que podem atender \u00e0s suas necessidades. Nossos cat\u00e1logos est\u00e3o dispon\u00edveis em formato PDF, facilitando o acesso e a visualiza\u00e7\u00e3o [&hellip;]<\/p>\n","protected":false},"author":1,"featured_media":0,"parent":0,"menu_order":0,"comment_status":"closed","ping_status":"closed","template":"","meta":{"_acf_changed":false,"_et_pb_use_builder":"on","_et_pb_old_content":"","_et_gb_content_width":"","_joinchat":[],"footnotes":""},"class_list":["post-104900","page","type-page","status-publish","hentry"],"acf":[],"yoast_head":"<!-- This site is optimized with the Yoast SEO plugin v23.6 - https:\/\/yoast.com\/wordpress\/plugins\/seo\/ -->\n<title>Cat\u00e1logos de Nilko Cabines<\/title>\n<meta name=\"description\" content=\"Baixe os cat\u00e1logos de produtos da Nilko Cabines. Empresa do grupo Nilko\" \/>\n<meta name=\"robots\" content=\"index, follow, max-snippet:-1, max-image-preview:large, max-video-preview:-1\" \/>\n<link rel=\"canonical\" href=\"https:\/\/lightsteelblue-fish-559119.hostingersite.com\/cabines\/catalogo-nilko\/\" \/>\n<meta property=\"og:locale\" content=\"pt_PT\" \/>\n<meta property=\"og:type\" content=\"article\" \/>\n<meta property=\"og:title\" content=\"Cat\u00e1logos de Nilko Cabines\" \/>\n<meta property=\"og:description\" content=\"Baixe os cat\u00e1logos de produtos da Nilko Cabines. Empresa do grupo Nilko\" \/>\n<meta property=\"og:url\" content=\"https:\/\/lightsteelblue-fish-559119.hostingersite.com\/cabines\/catalogo-nilko\/\" \/>\n<meta property=\"og:site_name\" content=\"Nilko Cabines\" \/>\n<meta property=\"article:modified_time\" content=\"2025-09-03T19:14:57+00:00\" \/>\n<meta name=\"twitter:card\" content=\"summary_large_image\" \/>\n<meta name=\"twitter:label1\" content=\"Tempo estimado de leitura\" \/>\n\t<meta name=\"twitter:data1\" content=\"1 minuto\" \/>\n<script type=\"application\/ld+json\" class=\"yoast-schema-graph\">{\"@context\":\"https:\/\/schema.org\",\"@graph\":[{\"@type\":\"WebPage\",\"@id\":\"https:\/\/lightsteelblue-fish-559119.hostingersite.com\/cabines\/catalogo-nilko\/\",\"url\":\"https:\/\/lightsteelblue-fish-559119.hostingersite.com\/cabines\/catalogo-nilko\/\",\"name\":\"Cat\u00e1logos de Nilko Cabines\",\"isPartOf\":{\"@id\":\"https:\/\/lightsteelblue-fish-559119.hostingersite.com\/cabines\/#website\"},\"datePublished\":\"2024-05-31T12:44:30+00:00\",\"dateModified\":\"2025-09-03T19:14:57+00:00\",\"description\":\"Baixe os cat\u00e1logos de produtos da Nilko Cabines. Empresa do grupo Nilko\",\"breadcrumb\":{\"@id\":\"https:\/\/lightsteelblue-fish-559119.hostingersite.com\/cabines\/catalogo-nilko\/#breadcrumb\"},\"inLanguage\":\"pt-PT\",\"potentialAction\":[{\"@type\":\"ReadAction\",\"target\":[\"https:\/\/lightsteelblue-fish-559119.hostingersite.com\/cabines\/catalogo-nilko\/\"]}]},{\"@type\":\"BreadcrumbList\",\"@id\":\"https:\/\/lightsteelblue-fish-559119.hostingersite.com\/cabines\/catalogo-nilko\/#breadcrumb\",\"itemListElement\":[{\"@type\":\"ListItem\",\"position\":1,\"name\":\"In\u00edcio\",\"item\":\"https:\/\/nilko.com.br\/cabines\/\"},{\"@type\":\"ListItem\",\"position\":2,\"name\":\"Cat\u00e1logo\"}]},{\"@type\":\"WebSite\",\"@id\":\"https:\/\/lightsteelblue-fish-559119.hostingersite.com\/cabines\/#website\",\"url\":\"https:\/\/lightsteelblue-fish-559119.hostingersite.com\/cabines\/\",\"name\":\"Nilko Cabines\",\"description\":\"Solu\u00e7\u00f5es para qualquer aplica\u00e7\u00e3o indoor e outdoor\",\"publisher\":{\"@id\":\"https:\/\/lightsteelblue-fish-559119.hostingersite.com\/cabines\/#organization\"},\"potentialAction\":[{\"@type\":\"SearchAction\",\"target\":{\"@type\":\"EntryPoint\",\"urlTemplate\":\"https:\/\/lightsteelblue-fish-559119.hostingersite.com\/cabines\/?s={search_term_string}\"},\"query-input\":{\"@type\":\"PropertyValueSpecification\",\"valueRequired\":true,\"valueName\":\"search_term_string\"}}],\"inLanguage\":\"pt-PT\"},{\"@type\":\"Organization\",\"@id\":\"https:\/\/lightsteelblue-fish-559119.hostingersite.com\/cabines\/#organization\",\"name\":\"Nilko Cabines\",\"url\":\"https:\/\/lightsteelblue-fish-559119.hostingersite.com\/cabines\/\",\"logo\":{\"@type\":\"ImageObject\",\"inLanguage\":\"pt-PT\",\"@id\":\"https:\/\/lightsteelblue-fish-559119.hostingersite.com\/cabines\/#\/schema\/logo\/image\/\",\"url\":\"https:\/\/lightsteelblue-fish-559119.hostingersite.com\/cabinesv3\/wp-content\/uploads\/2024\/03\/nilko-enclosure.png\",\"contentUrl\":\"https:\/\/lightsteelblue-fish-559119.hostingersite.com\/cabinesv3\/wp-content\/uploads\/2024\/03\/nilko-enclosure.png\",\"width\":125,\"height\":62,\"caption\":\"Nilko Cabines\"},\"image\":{\"@id\":\"https:\/\/lightsteelblue-fish-559119.hostingersite.com\/cabines\/#\/schema\/logo\/image\/\"}}]}<\/script>\n<!-- \/ Yoast SEO plugin. -->","yoast_head_json":{"title":"Cat\u00e1logos de Nilko Cabines","description":"Baixe os cat\u00e1logos de produtos da Nilko Cabines. Empresa do grupo Nilko","robots":{"index":"index","follow":"follow","max-snippet":"max-snippet:-1","max-image-preview":"max-image-preview:large","max-video-preview":"max-video-preview:-1"},"canonical":"https:\/\/lightsteelblue-fish-559119.hostingersite.com\/cabines\/catalogo-nilko\/","og_locale":"pt_PT","og_type":"article","og_title":"Cat\u00e1logos de Nilko Cabines","og_description":"Baixe os cat\u00e1logos de produtos da Nilko Cabines. Empresa do grupo Nilko","og_url":"https:\/\/lightsteelblue-fish-559119.hostingersite.com\/cabines\/catalogo-nilko\/","og_site_name":"Nilko Cabines","article_modified_time":"2025-09-03T19:14:57+00:00","twitter_card":"summary_large_image","twitter_misc":{"Tempo estimado de leitura":"1 minuto"},"schema":{"@context":"https:\/\/schema.org","@graph":[{"@type":"WebPage","@id":"https:\/\/lightsteelblue-fish-559119.hostingersite.com\/cabines\/catalogo-nilko\/","url":"https:\/\/lightsteelblue-fish-559119.hostingersite.com\/cabines\/catalogo-nilko\/","name":"Cat\u00e1logos de Nilko Cabines","isPartOf":{"@id":"https:\/\/lightsteelblue-fish-559119.hostingersite.com\/cabines\/#website"},"datePublished":"2024-05-31T12:44:30+00:00","dateModified":"2025-09-03T19:14:57+00:00","description":"Baixe os cat\u00e1logos de produtos da Nilko Cabines. Empresa do grupo Nilko","breadcrumb":{"@id":"https:\/\/lightsteelblue-fish-559119.hostingersite.com\/cabines\/catalogo-nilko\/#breadcrumb"},"inLanguage":"pt-PT","potentialAction":[{"@type":"ReadAction","target":["https:\/\/lightsteelblue-fish-559119.hostingersite.com\/cabines\/catalogo-nilko\/"]}]},{"@type":"BreadcrumbList","@id":"https:\/\/lightsteelblue-fish-559119.hostingersite.com\/cabines\/catalogo-nilko\/#breadcrumb","itemListElement":[{"@type":"ListItem","position":1,"name":"In\u00edcio","item":"https:\/\/nilko.com.br\/cabines\/"},{"@type":"ListItem","position":2,"name":"Cat\u00e1logo"}]},{"@type":"WebSite","@id":"https:\/\/lightsteelblue-fish-559119.hostingersite.com\/cabines\/#website","url":"https:\/\/lightsteelblue-fish-559119.hostingersite.com\/cabines\/","name":"Nilko Cabines","description":"Solu\u00e7\u00f5es para qualquer aplica\u00e7\u00e3o indoor e outdoor","publisher":{"@id":"https:\/\/lightsteelblue-fish-559119.hostingersite.com\/cabines\/#organization"},"potentialAction":[{"@type":"SearchAction","target":{"@type":"EntryPoint","urlTemplate":"https:\/\/lightsteelblue-fish-559119.hostingersite.com\/cabines\/?s={search_term_string}"},"query-input":{"@type":"PropertyValueSpecification","valueRequired":true,"valueName":"search_term_string"}}],"inLanguage":"pt-PT"},{"@type":"Organization","@id":"https:\/\/lightsteelblue-fish-559119.hostingersite.com\/cabines\/#organization","name":"Nilko Cabines","url":"https:\/\/lightsteelblue-fish-559119.hostingersite.com\/cabines\/","logo":{"@type":"ImageObject","inLanguage":"pt-PT","@id":"https:\/\/lightsteelblue-fish-559119.hostingersite.com\/cabines\/#\/schema\/logo\/image\/","url":"https:\/\/lightsteelblue-fish-559119.hostingersite.com\/cabinesv3\/wp-content\/uploads\/2024\/03\/nilko-enclosure.png","contentUrl":"https:\/\/lightsteelblue-fish-559119.hostingersite.com\/cabinesv3\/wp-content\/uploads\/2024\/03\/nilko-enclosure.png","width":125,"height":62,"caption":"Nilko Cabines"},"image":{"@id":"https:\/\/lightsteelblue-fish-559119.hostingersite.com\/cabines\/#\/schema\/logo\/image\/"}}]}},"_links":{"self":[{"href":"https:\/\/nilko.com.br\/cabines\/wp-json\/wp\/v2\/pages\/104900","targetHints":{"allow":["GET"]}}],"collection":[{"href":"https:\/\/nilko.com.br\/cabines\/wp-json\/wp\/v2\/pages"}],"about":[{"href":"https:\/\/nilko.com.br\/cabines\/wp-json\/wp\/v2\/types\/page"}],"author":[{"embeddable":true,"href":"https:\/\/nilko.com.br\/cabines\/wp-json\/wp\/v2\/users\/1"}],"replies":[{"embeddable":true,"href":"https:\/\/nilko.com.br\/cabines\/wp-json\/wp\/v2\/comments?post=104900"}],"version-history":[{"count":13,"href":"https:\/\/nilko.com.br\/cabines\/wp-json\/wp\/v2\/pages\/104900\/revisions"}],"predecessor-version":[{"id":105261,"href":"https:\/\/nilko.com.br\/cabines\/wp-json\/wp\/v2\/pages\/104900\/revisions\/105261"}],"wp:attachment":[{"href":"https:\/\/nilko.com.br\/cabines\/wp-json\/wp\/v2\/media?parent=104900"}],"curies":[{"name":"wp","href":"https:\/\/api.w.org\/{rel}","templated":true}]}}