{"id":104310,"date":"2024-03-28T20:37:59","date_gmt":"2024-03-28T20:37:59","guid":{"rendered":"https:\/\/lightsteelblue-fish-559119.hostingersite.com\/cabines\/?page_id=104310"},"modified":"2026-03-25T12:16:04","modified_gmt":"2026-03-25T12:16:04","slug":"portal-de-transparencia","status":"publish","type":"page","link":"https:\/\/nilko.com.br\/cabines\/portal-de-transparencia\/","title":{"rendered":"Portal de Transpar\u00eancia"},"content":{"rendered":"<p>[et_pb_section fb_built=&#8221;1&#8243; admin_label=&#8221;section&#8221; _builder_version=&#8221;4.16&#8243; global_colors_info=&#8221;{}&#8221;][et_pb_row _builder_version=&#8221;4.24.2&#8243; _module_preset=&#8221;default&#8221; global_colors_info=&#8221;{}&#8221;][et_pb_column type=&#8221;4_4&#8243; _builder_version=&#8221;4.24.2&#8243; _module_preset=&#8221;default&#8221; global_colors_info=&#8221;{}&#8221;][et_pb_heading title=&#8221;Portal de Transpar\u00eancia&#8221; _builder_version=&#8221;4.27.2&#8243; _module_preset=&#8221;default&#8221; global_colors_info=&#8221;{}&#8221;][\/et_pb_heading][\/et_pb_column][\/et_pb_row][et_pb_row _builder_version=&#8221;4.24.2&#8243; _module_preset=&#8221;default&#8221; custom_padding=&#8221;||0px|||&#8221; global_colors_info=&#8221;{}&#8221;][et_pb_column type=&#8221;4_4&#8243; _builder_version=&#8221;4.24.2&#8243; _module_preset=&#8221;default&#8221; global_colors_info=&#8221;{}&#8221;][et_pb_text _builder_version=&#8221;4.27.2&#8243; _module_preset=&#8221;default&#8221; global_colors_info=&#8221;{}&#8221;]<\/p>\n<p>O Portal de Transpar\u00eanciada nossa empresa \u00e9 uma iniciativa que visa promover a clareza e a responsabilidade nas opera\u00e7\u00f5es corporativas. Esse portal disponibiliza informa\u00e7\u00f5es relevantes sobre a gest\u00e3o da empresa, incluindo pol\u00edticas de compliance e a\u00e7\u00f5es sociais.<\/p>\n<p>Incluimos aqui informa\u00e7\u00f5es detalhadas sobre a composi\u00e7\u00e3o de seu quadro de colaboradores, destacando a diversidade de g\u00eaneros no ambiente de trabalho. Ao divulgar dados sobre o n\u00famero de homens e mulheres, a empresa demonstra seu compromisso com a igualdade de g\u00eanero e a promo\u00e7\u00e3o de um ambiente inclusivo. Essas informa\u00e7\u00f5es n\u00e3o apenas refletem a cultura organizacional, mas tamb\u00e9m podem servir como base para a implementa\u00e7\u00e3o de pol\u00edticas que incentivem a equidade, como programas de capacita\u00e7\u00e3o e iniciativas de recrutamento voltadas para a diversidade. Ao ser transparente sobre sua composi\u00e7\u00e3o de g\u00eanero, a empresa reafirma sua responsabilidade social e seu papel na promo\u00e7\u00e3o de uma sociedade mais justa.<\/p>\n<p>[\/et_pb_text][\/et_pb_column][\/et_pb_row][et_pb_row _builder_version=&#8221;4.24.2&#8243; _module_preset=&#8221;default&#8221; global_colors_info=&#8221;{}&#8221;][et_pb_column type=&#8221;4_4&#8243; _builder_version=&#8221;4.24.2&#8243; _module_preset=&#8221;default&#8221; global_colors_info=&#8221;{}&#8221;][et_pb_image src=&#8221;https:\/\/nilko.com.br\/cabines\/wp-content\/uploads\/2026\/03\/RelatorioIgualdadeSalarialLote_2026_1_75086785000410.png&#8221; title_text=&#8221;RelatorioIgualdadeSalarialLote_2026_1_75086785000410&#8243; _builder_version=&#8221;4.27.5&#8243; _module_preset=&#8221;default&#8221; hover_enabled=&#8221;0&#8243; global_colors_info=&#8221;{}&#8221; sticky_enabled=&#8221;0&#8243;][\/et_pb_image][\/et_pb_column][\/et_pb_row][\/et_pb_section]<\/p>\n","protected":false},"excerpt":{"rendered":"<p>O Portal de Transpar\u00eanciada nossa empresa \u00e9 uma iniciativa que visa promover a clareza e a responsabilidade nas opera\u00e7\u00f5es corporativas. Esse portal disponibiliza informa\u00e7\u00f5es relevantes sobre a gest\u00e3o da empresa, incluindo pol\u00edticas de compliance e a\u00e7\u00f5es sociais. Incluimos aqui informa\u00e7\u00f5es detalhadas sobre a composi\u00e7\u00e3o de seu quadro de colaboradores, destacando a diversidade de g\u00eaneros no [&hellip;]<\/p>\n","protected":false},"author":1,"featured_media":0,"parent":0,"menu_order":0,"comment_status":"closed","ping_status":"closed","template":"","meta":{"_acf_changed":false,"_et_pb_use_builder":"on","_et_pb_old_content":"<!-- wp:heading -->\n<h2 class=\"wp-block-heading\">Em atendimento a Lei N\u00b0 14.611, de 03\/07\/2023, a Nilko publica seu Relat\u00f3rio de Transpar\u00eancia e Igualdade Salarial de Mulheres e Homens.<\/h2>\n<!-- \/wp:heading -->\n\n<!-- wp:image {\"id\":104311,\"sizeSlug\":\"large\",\"linkDestination\":\"none\"} -->\n<figure class=\"wp-block-image size-large\"><img src=\"https:\/\/lightsteelblue-fish-559119.hostingersite.com\/cabines\/wp-content\/uploads\/2024\/03\/image-1024x670.png\" alt=\"\" class=\"wp-image-104311\"\/><\/figure>\n<!-- \/wp:image -->","_et_gb_content_width":"1080","_joinchat":[],"footnotes":""},"class_list":["post-104310","page","type-page","status-publish","hentry"],"acf":[],"yoast_head":"<!-- This site is optimized with the Yoast SEO plugin v23.6 - https:\/\/yoast.com\/wordpress\/plugins\/seo\/ -->\n<title>Portal de Transpar\u00eancia - Nilko Cabines<\/title>\n<meta name=\"description\" content=\"Em atendimento a Lei N\u00b0 14.611, de 03\/07\/2023, a Nilko publica seu Relat\u00f3rio de Transpar\u00eancia e Igualdade Salarial de Mulheres e Homens.\" \/>\n<meta name=\"robots\" content=\"index, follow, max-snippet:-1, max-image-preview:large, max-video-preview:-1\" \/>\n<link rel=\"canonical\" href=\"https:\/\/nilko.com.br\/cabines\/portal-de-transparencia\/\" \/>\n<meta property=\"og:locale\" content=\"pt_PT\" \/>\n<meta property=\"og:type\" content=\"article\" \/>\n<meta property=\"og:title\" content=\"Portal de Transpar\u00eancia - Nilko Cabines\" \/>\n<meta property=\"og:description\" content=\"Em atendimento a Lei N\u00b0 14.611, de 03\/07\/2023, a Nilko publica seu Relat\u00f3rio de Transpar\u00eancia e Igualdade Salarial de Mulheres e Homens.\" \/>\n<meta property=\"og:url\" content=\"https:\/\/nilko.com.br\/cabines\/portal-de-transparencia\/\" \/>\n<meta property=\"og:site_name\" content=\"Nilko Cabines\" \/>\n<meta property=\"article:modified_time\" content=\"2026-03-25T12:16:04+00:00\" \/>\n<meta name=\"twitter:card\" content=\"summary_large_image\" \/>\n<meta name=\"twitter:label1\" content=\"Tempo estimado de leitura\" \/>\n\t<meta name=\"twitter:data1\" content=\"2 minutos\" \/>\n<script type=\"application\/ld+json\" class=\"yoast-schema-graph\">{\"@context\":\"https:\/\/schema.org\",\"@graph\":[{\"@type\":\"WebPage\",\"@id\":\"https:\/\/nilko.com.br\/cabines\/portal-de-transparencia\/\",\"url\":\"https:\/\/nilko.com.br\/cabines\/portal-de-transparencia\/\",\"name\":\"Portal de Transpar\u00eancia - Nilko Cabines\",\"isPartOf\":{\"@id\":\"https:\/\/lightsteelblue-fish-559119.hostingersite.com\/cabines\/#website\"},\"datePublished\":\"2024-03-28T20:37:59+00:00\",\"dateModified\":\"2026-03-25T12:16:04+00:00\",\"description\":\"Em atendimento a Lei N\u00b0 14.611, de 03\/07\/2023, a Nilko publica seu Relat\u00f3rio de Transpar\u00eancia e Igualdade Salarial de Mulheres e Homens.\",\"breadcrumb\":{\"@id\":\"https:\/\/nilko.com.br\/cabines\/portal-de-transparencia\/#breadcrumb\"},\"inLanguage\":\"pt-PT\",\"potentialAction\":[{\"@type\":\"ReadAction\",\"target\":[\"https:\/\/nilko.com.br\/cabines\/portal-de-transparencia\/\"]}]},{\"@type\":\"BreadcrumbList\",\"@id\":\"https:\/\/nilko.com.br\/cabines\/portal-de-transparencia\/#breadcrumb\",\"itemListElement\":[{\"@type\":\"ListItem\",\"position\":1,\"name\":\"In\u00edcio\",\"item\":\"https:\/\/nilko.com.br\/cabines\/\"},{\"@type\":\"ListItem\",\"position\":2,\"name\":\"Portal de Transpar\u00eancia\"}]},{\"@type\":\"WebSite\",\"@id\":\"https:\/\/lightsteelblue-fish-559119.hostingersite.com\/cabines\/#website\",\"url\":\"https:\/\/lightsteelblue-fish-559119.hostingersite.com\/cabines\/\",\"name\":\"Nilko Cabines\",\"description\":\"Solu\u00e7\u00f5es para qualquer aplica\u00e7\u00e3o indoor e outdoor\",\"publisher\":{\"@id\":\"https:\/\/lightsteelblue-fish-559119.hostingersite.com\/cabines\/#organization\"},\"potentialAction\":[{\"@type\":\"SearchAction\",\"target\":{\"@type\":\"EntryPoint\",\"urlTemplate\":\"https:\/\/lightsteelblue-fish-559119.hostingersite.com\/cabines\/?s={search_term_string}\"},\"query-input\":{\"@type\":\"PropertyValueSpecification\",\"valueRequired\":true,\"valueName\":\"search_term_string\"}}],\"inLanguage\":\"pt-PT\"},{\"@type\":\"Organization\",\"@id\":\"https:\/\/lightsteelblue-fish-559119.hostingersite.com\/cabines\/#organization\",\"name\":\"Nilko Cabines\",\"url\":\"https:\/\/lightsteelblue-fish-559119.hostingersite.com\/cabines\/\",\"logo\":{\"@type\":\"ImageObject\",\"inLanguage\":\"pt-PT\",\"@id\":\"https:\/\/lightsteelblue-fish-559119.hostingersite.com\/cabines\/#\/schema\/logo\/image\/\",\"url\":\"https:\/\/lightsteelblue-fish-559119.hostingersite.com\/cabinesv3\/wp-content\/uploads\/2024\/03\/nilko-enclosure.png\",\"contentUrl\":\"https:\/\/lightsteelblue-fish-559119.hostingersite.com\/cabinesv3\/wp-content\/uploads\/2024\/03\/nilko-enclosure.png\",\"width\":125,\"height\":62,\"caption\":\"Nilko Cabines\"},\"image\":{\"@id\":\"https:\/\/lightsteelblue-fish-559119.hostingersite.com\/cabines\/#\/schema\/logo\/image\/\"}}]}<\/script>\n<!-- \/ Yoast SEO plugin. -->","yoast_head_json":{"title":"Portal de Transpar\u00eancia - Nilko Cabines","description":"Em atendimento a Lei N\u00b0 14.611, de 03\/07\/2023, a Nilko publica seu Relat\u00f3rio de Transpar\u00eancia e Igualdade Salarial de Mulheres e Homens.","robots":{"index":"index","follow":"follow","max-snippet":"max-snippet:-1","max-image-preview":"max-image-preview:large","max-video-preview":"max-video-preview:-1"},"canonical":"https:\/\/nilko.com.br\/cabines\/portal-de-transparencia\/","og_locale":"pt_PT","og_type":"article","og_title":"Portal de Transpar\u00eancia - Nilko Cabines","og_description":"Em atendimento a Lei N\u00b0 14.611, de 03\/07\/2023, a Nilko publica seu Relat\u00f3rio de Transpar\u00eancia e Igualdade Salarial de Mulheres e Homens.","og_url":"https:\/\/nilko.com.br\/cabines\/portal-de-transparencia\/","og_site_name":"Nilko Cabines","article_modified_time":"2026-03-25T12:16:04+00:00","twitter_card":"summary_large_image","twitter_misc":{"Tempo estimado de leitura":"2 minutos"},"schema":{"@context":"https:\/\/schema.org","@graph":[{"@type":"WebPage","@id":"https:\/\/nilko.com.br\/cabines\/portal-de-transparencia\/","url":"https:\/\/nilko.com.br\/cabines\/portal-de-transparencia\/","name":"Portal de Transpar\u00eancia - Nilko Cabines","isPartOf":{"@id":"https:\/\/lightsteelblue-fish-559119.hostingersite.com\/cabines\/#website"},"datePublished":"2024-03-28T20:37:59+00:00","dateModified":"2026-03-25T12:16:04+00:00","description":"Em atendimento a Lei N\u00b0 14.611, de 03\/07\/2023, a Nilko publica seu Relat\u00f3rio de Transpar\u00eancia e Igualdade Salarial de Mulheres e Homens.","breadcrumb":{"@id":"https:\/\/nilko.com.br\/cabines\/portal-de-transparencia\/#breadcrumb"},"inLanguage":"pt-PT","potentialAction":[{"@type":"ReadAction","target":["https:\/\/nilko.com.br\/cabines\/portal-de-transparencia\/"]}]},{"@type":"BreadcrumbList","@id":"https:\/\/nilko.com.br\/cabines\/portal-de-transparencia\/#breadcrumb","itemListElement":[{"@type":"ListItem","position":1,"name":"In\u00edcio","item":"https:\/\/nilko.com.br\/cabines\/"},{"@type":"ListItem","position":2,"name":"Portal de Transpar\u00eancia"}]},{"@type":"WebSite","@id":"https:\/\/lightsteelblue-fish-559119.hostingersite.com\/cabines\/#website","url":"https:\/\/lightsteelblue-fish-559119.hostingersite.com\/cabines\/","name":"Nilko Cabines","description":"Solu\u00e7\u00f5es para qualquer aplica\u00e7\u00e3o indoor e outdoor","publisher":{"@id":"https:\/\/lightsteelblue-fish-559119.hostingersite.com\/cabines\/#organization"},"potentialAction":[{"@type":"SearchAction","target":{"@type":"EntryPoint","urlTemplate":"https:\/\/lightsteelblue-fish-559119.hostingersite.com\/cabines\/?s={search_term_string}"},"query-input":{"@type":"PropertyValueSpecification","valueRequired":true,"valueName":"search_term_string"}}],"inLanguage":"pt-PT"},{"@type":"Organization","@id":"https:\/\/lightsteelblue-fish-559119.hostingersite.com\/cabines\/#organization","name":"Nilko Cabines","url":"https:\/\/lightsteelblue-fish-559119.hostingersite.com\/cabines\/","logo":{"@type":"ImageObject","inLanguage":"pt-PT","@id":"https:\/\/lightsteelblue-fish-559119.hostingersite.com\/cabines\/#\/schema\/logo\/image\/","url":"https:\/\/lightsteelblue-fish-559119.hostingersite.com\/cabinesv3\/wp-content\/uploads\/2024\/03\/nilko-enclosure.png","contentUrl":"https:\/\/lightsteelblue-fish-559119.hostingersite.com\/cabinesv3\/wp-content\/uploads\/2024\/03\/nilko-enclosure.png","width":125,"height":62,"caption":"Nilko Cabines"},"image":{"@id":"https:\/\/lightsteelblue-fish-559119.hostingersite.com\/cabines\/#\/schema\/logo\/image\/"}}]}},"_links":{"self":[{"href":"https:\/\/nilko.com.br\/cabines\/wp-json\/wp\/v2\/pages\/104310","targetHints":{"allow":["GET"]}}],"collection":[{"href":"https:\/\/nilko.com.br\/cabines\/wp-json\/wp\/v2\/pages"}],"about":[{"href":"https:\/\/nilko.com.br\/cabines\/wp-json\/wp\/v2\/types\/page"}],"author":[{"embeddable":true,"href":"https:\/\/nilko.com.br\/cabines\/wp-json\/wp\/v2\/users\/1"}],"replies":[{"embeddable":true,"href":"https:\/\/nilko.com.br\/cabines\/wp-json\/wp\/v2\/comments?post=104310"}],"version-history":[{"count":11,"href":"https:\/\/nilko.com.br\/cabines\/wp-json\/wp\/v2\/pages\/104310\/revisions"}],"predecessor-version":[{"id":105314,"href":"https:\/\/nilko.com.br\/cabines\/wp-json\/wp\/v2\/pages\/104310\/revisions\/105314"}],"wp:attachment":[{"href":"https:\/\/nilko.com.br\/cabines\/wp-json\/wp\/v2\/media?parent=104310"}],"curies":[{"name":"wp","href":"https:\/\/api.w.org\/{rel}","templated":true}]}}