{"id":104237,"date":"2024-03-18T19:03:25","date_gmt":"2024-03-18T19:03:25","guid":{"rendered":"https:\/\/lightsteelblue-fish-559119.hostingersite.com\/cabines\/?page_id=104237"},"modified":"2024-06-11T14:37:56","modified_gmt":"2024-06-11T14:37:56","slug":"rede-de-fibra-de-terminacao","status":"publish","type":"page","link":"https:\/\/nilko.com.br\/cabines\/rede-de-fibra-de-terminacao\/","title":{"rendered":"Equipamentos para Termina\u00e7\u00e3o de Rede de Fibra"},"content":{"rendered":"<p>[et_pb_section fb_built=&#8221;1&#8243; _builder_version=&#8221;4.24.2&#8243; _module_preset=&#8221;default&#8221; background_image=&#8221;https:\/\/lightsteelblue-fish-559119.hostingersite.com\/cabines\/wp-content\/uploads\/2024\/03\/fibra-de-rede-terminacao.jpg&#8221; parallax=&#8221;on&#8221; background_pattern_horizontal_offset=&#8221;100%&#8221; background_pattern_vertical_offset=&#8221;26%&#8221; background_pattern_repeat=&#8221;space&#8221; min_height=&#8221;389px&#8221; custom_margin=&#8221;-49px||||false|false&#8221; custom_margin_tablet=&#8221;-49px||||false|false&#8221; custom_margin_phone=&#8221;-70px||||false|false&#8221; custom_margin_last_edited=&#8221;on|phone&#8221; custom_padding=&#8221;158px||181px||false|false&#8221; saved_tabs=&#8221;all&#8221; global_colors_info=&#8221;{}&#8221;][et_pb_row _builder_version=&#8221;4.24.2&#8243; _module_preset=&#8221;default&#8221; global_colors_info=&#8221;{}&#8221;][et_pb_column type=&#8221;4_4&#8243; _builder_version=&#8221;4.24.2&#8243; _module_preset=&#8221;default&#8221; global_colors_info=&#8221;{}&#8221;][\/et_pb_column][\/et_pb_row][\/et_pb_section][et_pb_section fb_built=&#8221;1&#8243; _builder_version=&#8221;4.24.2&#8243; _module_preset=&#8221;default&#8221; min_height=&#8221;77px&#8221; saved_tabs=&#8221;all&#8221; global_colors_info=&#8221;{}&#8221;][et_pb_row _builder_version=&#8221;4.24.2&#8243; _module_preset=&#8221;default&#8221; background_color=&#8221;#f7f7f7&#8243; custom_margin=&#8221;-91px||||false|false&#8221; border_radii=&#8221;on|14px|14px|14px|14px&#8221; global_colors_info=&#8221;{}&#8221;][et_pb_column type=&#8221;4_4&#8243; _builder_version=&#8221;4.24.2&#8243; _module_preset=&#8221;default&#8221; global_colors_info=&#8221;{}&#8221;][et_pb_text _builder_version=&#8221;4.24.2&#8243; _module_preset=&#8221;default&#8221; header_font=&#8221;|700|||||||&#8221; header_text_align=&#8221;center&#8221; header_text_color=&#8221;#00245B&#8221; header_font_size=&#8221;42px&#8221; global_colors_info=&#8221;{}&#8221;]<\/p>\n<h1><span>Termina\u00e7\u00e3o <\/span><span>de\u00a0<\/span><span>Rede de Fibra\u00a0<\/span><\/h1>\n<p>[\/et_pb_text][\/et_pb_column][\/et_pb_row][\/et_pb_section][et_pb_section fb_built=&#8221;1&#8243; _builder_version=&#8221;4.24.2&#8243; _module_preset=&#8221;default&#8221; min_height=&#8221;181.4px&#8221; custom_padding=&#8221;0px||17px|||&#8221; global_colors_info=&#8221;{}&#8221;][et_pb_row _builder_version=&#8221;4.24.2&#8243; _module_preset=&#8221;default&#8221; custom_padding=&#8221;0px|||||&#8221; global_colors_info=&#8221;{}&#8221;][et_pb_column type=&#8221;4_4&#8243; _builder_version=&#8221;4.24.2&#8243; _module_preset=&#8221;default&#8221; global_colors_info=&#8221;{}&#8221;][et_pb_text _builder_version=&#8221;4.24.2&#8243; _module_preset=&#8221;default&#8221; global_colors_info=&#8221;{}&#8221;]<\/p>\n<p><span>Nesta p\u00e1gina, voc\u00ea encontrar\u00e1 uma variedade de produtos de termina\u00e7\u00e3o de alta qualidade, incluindo Conectores, Pain\u00e9is de Termina\u00e7\u00e3o, Caixas de Emenda e muito mais.\u00a0<\/span><\/p>\n<p>[\/et_pb_text][\/et_pb_column][\/et_pb_row][\/et_pb_section][et_pb_section fb_built=&#8221;1&#8243; _builder_version=&#8221;4.24.2&#8243; _module_preset=&#8221;default&#8221; min_height=&#8221;227px&#8221; custom_margin=&#8221;-77px|||||&#8221; custom_padding=&#8221;0px||4px|||&#8221; global_colors_info=&#8221;{}&#8221;][et_pb_row _builder_version=&#8221;4.24.2&#8243; _module_preset=&#8221;default&#8221; custom_padding=&#8221;0px|||||&#8221; global_colors_info=&#8221;{}&#8221;][et_pb_column type=&#8221;4_4&#8243; _builder_version=&#8221;4.24.2&#8243; _module_preset=&#8221;default&#8221; global_colors_info=&#8221;{}&#8221;][et_pb_text module_id=&#8221;multiuso&#8221; _builder_version=&#8221;4.24.2&#8243; _module_preset=&#8221;default&#8221; header_2_text_color=&#8221;#00245B&#8221; header_2_font_size=&#8221;32px&#8221; custom_padding=&#8221;0px|||||&#8221; global_colors_info=&#8221;{}&#8221;]<\/p>\n<div class=\"dt-fancy-separator h2-size style-disabled\">\n<h2 class=\"dt-fancy-title\"><span>Nossos produtos <\/span><span>de Termina\u00e7\u00e3o <\/span><span>de Rede de Fibra\u00a0<\/span><\/h2>\n<\/div>\n<p>[\/et_pb_text][\/et_pb_column][\/et_pb_row][\/et_pb_section][et_pb_section fb_built=&#8221;1&#8243; _builder_version=&#8221;4.24.2&#8243; _module_preset=&#8221;default&#8221; custom_margin=&#8221;-1px|||||&#8221; custom_padding=&#8221;0px|||||&#8221; saved_tabs=&#8221;all&#8221; global_colors_info=&#8221;{}&#8221;][et_pb_row column_structure=&#8221;1_4,1_4,1_4,1_4&#8243; _builder_version=&#8221;4.24.2&#8243; _module_preset=&#8221;default&#8221; min_height=&#8221;584.5px&#8221; custom_margin=&#8221;-215px||27px||false|false&#8221; custom_margin_tablet=&#8221;&#8221; custom_margin_phone=&#8221;-277px||||false|false&#8221; custom_margin_last_edited=&#8221;on|phone&#8221; custom_padding=&#8221;0px||||false|false&#8221; global_colors_info=&#8221;{}&#8221;][et_pb_column type=&#8221;1_4&#8243; _builder_version=&#8221;4.24.2&#8243; _module_preset=&#8221;default&#8221; global_colors_info=&#8221;{}&#8221;][et_pb_image src=&#8221;https:\/\/lightsteelblue-fish-559119.hostingersite.com\/cabines\/wp-content\/uploads\/2024\/03\/caixa-pto01.png-1-1.webp&#8221; title_text=&#8221;caixa-pto01.png-1&#8243; _builder_version=&#8221;4.24.2&#8243; _module_preset=&#8221;default&#8221; custom_margin=&#8221;129px||||false|false&#8221; custom_padding=&#8221;||43px||false|false&#8221; global_colors_info=&#8221;{}&#8221;][\/et_pb_image][et_pb_button button_url=&#8221;@ET-DC@eyJkeW5hbWljIjp0cnVlLCJjb250ZW50IjoicG9zdF9saW5rX3VybF9wcm9kdXRvIiwic2V0dGluZ3MiOnsicG9zdF9pZCI6IjEwMzYzNCJ9fQ==@&#8221; button_text=&#8221;Caixa PTO &#8221; button_alignment=&#8221;center&#8221; _builder_version=&#8221;4.24.2&#8243; _dynamic_attributes=&#8221;button_url&#8221; _module_preset=&#8221;default&#8221; custom_button=&#8221;on&#8221; button_text_color=&#8221;#FFFFFF&#8221; button_bg_color=&#8221;#ffc400&#8243; button_border_color=&#8221;RGBA(255,255,255,0)&#8221; button_font=&#8221;|700|||||||&#8221; button_icon=&#8221;&#x3d;||divi||400&#8243; button_on_hover=&#8221;off&#8221; hover_enabled=&#8221;0&#8243; global_colors_info=&#8221;{}&#8221; sticky_enabled=&#8221;0&#8243;][\/et_pb_button][\/et_pb_column][et_pb_column type=&#8221;1_4&#8243; _builder_version=&#8221;4.24.2&#8243; _module_preset=&#8221;default&#8221; global_colors_info=&#8221;{}&#8221;][et_pb_image src=&#8221;https:\/\/lightsteelblue-fish-559119.hostingersite.com\/cabines\/wp-content\/uploads\/2024\/03\/dio12-b.jpg-1.webp&#8221; title_text=&#8221;dio12-b.jpg&#8221; _builder_version=&#8221;4.24.2&#8243; _module_preset=&#8221;default&#8221; custom_margin=&#8221;111px||||false|false&#8221; custom_padding=&#8221;7px||48px||false|false&#8221; global_colors_info=&#8221;{}&#8221;][\/et_pb_image][et_pb_button button_url=&#8221;@ET-DC@eyJkeW5hbWljIjp0cnVlLCJjb250ZW50IjoicG9zdF9saW5rX3VybF9wcm9kdXRvIiwic2V0dGluZ3MiOnsicG9zdF9pZCI6IjEwMzYzOCJ9fQ==@&#8221; button_text=&#8221;DIO12 FO&#8221; button_alignment=&#8221;center&#8221; _builder_version=&#8221;4.24.2&#8243; _dynamic_attributes=&#8221;button_url&#8221; _module_preset=&#8221;default&#8221; custom_button=&#8221;on&#8221; button_text_color=&#8221;#FFFFFF&#8221; button_bg_color=&#8221;#ffc400&#8243; button_border_color=&#8221;RGBA(255,255,255,0)&#8221; button_font=&#8221;|700|||||||&#8221; button_icon=&#8221;&#x3d;||divi||400&#8243; button_on_hover=&#8221;off&#8221; global_colors_info=&#8221;{}&#8221;][\/et_pb_button][\/et_pb_column][et_pb_column type=&#8221;1_4&#8243; _builder_version=&#8221;4.24.2&#8243; _module_preset=&#8221;default&#8221; global_colors_info=&#8221;{}&#8221;][et_pb_image src=&#8221;https:\/\/lightsteelblue-fish-559119.hostingersite.com\/cabines\/wp-content\/uploads\/2024\/03\/dio-24-b.png-1.webp&#8221; title_text=&#8221;dio-24-b.png&#8221; _builder_version=&#8221;4.24.2&#8243; _module_preset=&#8221;default&#8221; custom_margin=&#8221;118px||||false|false&#8221; custom_padding=&#8221;||46px||false|false&#8221; global_colors_info=&#8221;{}&#8221;][\/et_pb_image][et_pb_button button_url=&#8221;@ET-DC@eyJkeW5hbWljIjp0cnVlLCJjb250ZW50IjoicG9zdF9saW5rX3VybF9wcm9kdXRvIiwic2V0dGluZ3MiOnsicG9zdF9pZCI6IjEwMzY0MSJ9fQ==@&#8221; button_text=&#8221;DIO 24 FO&#8221; button_alignment=&#8221;center&#8221; _builder_version=&#8221;4.24.2&#8243; _dynamic_attributes=&#8221;button_url&#8221; _module_preset=&#8221;default&#8221; custom_button=&#8221;on&#8221; button_text_color=&#8221;#FFFFFF&#8221; button_bg_color=&#8221;#ffc400&#8243; button_border_color=&#8221;RGBA(255,255,255,0)&#8221; button_font=&#8221;|700|||||||&#8221; button_icon=&#8221;&#x3d;||divi||400&#8243; button_on_hover=&#8221;off&#8221; global_colors_info=&#8221;{}&#8221;][\/et_pb_button][\/et_pb_column][et_pb_column type=&#8221;1_4&#8243; _builder_version=&#8221;4.24.2&#8243; _module_preset=&#8221;default&#8221; global_colors_info=&#8221;{}&#8221;][et_pb_image src=&#8221;https:\/\/lightsteelblue-fish-559119.hostingersite.com\/cabines\/wp-content\/uploads\/2024\/03\/dio36.png-1.webp&#8221; title_text=&#8221;dio36.png&#8221; _builder_version=&#8221;4.24.2&#8243; _module_preset=&#8221;default&#8221; custom_margin=&#8221;116px||||false|false&#8221; custom_padding=&#8221;0px||45px||false|false&#8221; global_colors_info=&#8221;{}&#8221;][\/et_pb_image][et_pb_button button_url=&#8221;@ET-DC@eyJkeW5hbWljIjp0cnVlLCJjb250ZW50IjoicG9zdF9saW5rX3VybF9wcm9kdXRvIiwic2V0dGluZ3MiOnsicG9zdF9pZCI6IjEwMzY0NSJ9fQ==@&#8221; button_text=&#8221;DIO 36 FO&#8221; button_alignment=&#8221;center&#8221; _builder_version=&#8221;4.24.2&#8243; _dynamic_attributes=&#8221;button_url&#8221; _module_preset=&#8221;default&#8221; custom_button=&#8221;on&#8221; button_text_color=&#8221;#FFFFFF&#8221; button_bg_color=&#8221;#ffc400&#8243; button_border_color=&#8221;RGBA(255,255,255,0)&#8221; button_font=&#8221;|700|||||||&#8221; button_icon=&#8221;&#x3d;||divi||400&#8243; button_on_hover=&#8221;off&#8221; global_colors_info=&#8221;{}&#8221;][\/et_pb_button][\/et_pb_column][\/et_pb_row][et_pb_row column_structure=&#8221;1_4,1_4,1_4,1_4&#8243; _builder_version=&#8221;4.24.2&#8243; _module_preset=&#8221;default&#8221; custom_margin=&#8221;-93px||27px||false|false&#8221; custom_margin_tablet=&#8221;&#8221; custom_margin_phone=&#8221;-277px||||false|false&#8221; custom_margin_last_edited=&#8221;on|phone&#8221; custom_padding=&#8221;0px||||false|false&#8221; hover_enabled=&#8221;0&#8243; global_colors_info=&#8221;{}&#8221; sticky_enabled=&#8221;0&#8243;][et_pb_column type=&#8221;1_4&#8243; _builder_version=&#8221;4.24.2&#8243; _module_preset=&#8221;default&#8221; global_colors_info=&#8221;{}&#8221;][et_pb_image src=&#8221;https:\/\/lightsteelblue-fish-559119.hostingersite.com\/cabines\/wp-content\/uploads\/2024\/03\/diu72-b.jpg-1.webp&#8221; title_text=&#8221;diu72-b.jpg&#8221; _builder_version=&#8221;4.24.2&#8243; _module_preset=&#8221;default&#8221; custom_margin=&#8221;118px||||false|false&#8221; custom_padding=&#8221;||46px||false|false&#8221; global_colors_info=&#8221;{}&#8221;][\/et_pb_image][et_pb_button button_url=&#8221;@ET-DC@eyJkeW5hbWljIjp0cnVlLCJjb250ZW50IjoicG9zdF9saW5rX3VybF9wcm9kdXRvIiwic2V0dGluZ3MiOnsicG9zdF9pZCI6IjEwMzY0OSJ9fQ==@&#8221; button_text=&#8221;DIO 72 FO&#8221; button_alignment=&#8221;center&#8221; _builder_version=&#8221;4.24.2&#8243; _dynamic_attributes=&#8221;button_url&#8221; _module_preset=&#8221;default&#8221; custom_button=&#8221;on&#8221; button_text_color=&#8221;#FFFFFF&#8221; button_bg_color=&#8221;#ffc400&#8243; button_border_color=&#8221;RGBA(255,255,255,0)&#8221; button_font=&#8221;|700|||||||&#8221; button_icon=&#8221;&#x3d;||divi||400&#8243; button_on_hover=&#8221;off&#8221; global_colors_info=&#8221;{}&#8221;][\/et_pb_button][\/et_pb_column][et_pb_column type=&#8221;1_4&#8243; _builder_version=&#8221;4.24.2&#8243; _module_preset=&#8221;default&#8221; global_colors_info=&#8221;{}&#8221;][et_pb_image src=&#8221;https:\/\/lightsteelblue-fish-559119.hostingersite.com\/cabines\/wp-content\/uploads\/2024\/03\/SHELF-DGO-500&#215;300-1-1-1.png&#8221; title_text=&#8221;SHELF-DGO-500&#215;300-1-1&#8243; _builder_version=&#8221;4.24.2&#8243; _module_preset=&#8221;default&#8221; custom_margin=&#8221;116px||||false|false&#8221; custom_padding=&#8221;0px||45px||false|false&#8221; global_colors_info=&#8221;{}&#8221;][\/et_pb_image][et_pb_button button_url=&#8221;@ET-DC@eyJkeW5hbWljIjp0cnVlLCJjb250ZW50IjoicG9zdF9saW5rX3VybF9wcm9kdXRvIiwic2V0dGluZ3MiOnsicG9zdF9pZCI6IjEwMzY1MyJ9fQ==@&#8221; button_text=&#8221;DIO 144 FO&#8221; button_alignment=&#8221;center&#8221; _builder_version=&#8221;4.24.2&#8243; _dynamic_attributes=&#8221;button_url&#8221; _module_preset=&#8221;default&#8221; custom_button=&#8221;on&#8221; button_text_color=&#8221;#FFFFFF&#8221; button_bg_color=&#8221;#ffc400&#8243; button_border_color=&#8221;RGBA(255,255,255,0)&#8221; button_font=&#8221;|700|||||||&#8221; button_icon=&#8221;&#x3d;||divi||400&#8243; button_on_hover=&#8221;off&#8221; global_colors_info=&#8221;{}&#8221;][\/et_pb_button][\/et_pb_column][et_pb_column type=&#8221;1_4&#8243; _builder_version=&#8221;4.24.2&#8243; _module_preset=&#8221;default&#8221; global_colors_info=&#8221;{}&#8221;][\/et_pb_column][et_pb_column type=&#8221;1_4&#8243; _builder_version=&#8221;4.24.2&#8243; _module_preset=&#8221;default&#8221; global_colors_info=&#8221;{}&#8221;][\/et_pb_column][\/et_pb_row][\/et_pb_section]<\/p>\n","protected":false},"excerpt":{"rendered":"<p>Termina\u00e7\u00e3o de\u00a0Rede de Fibra\u00a0Nesta p\u00e1gina, voc\u00ea encontrar\u00e1 uma variedade de produtos de termina\u00e7\u00e3o de alta qualidade, incluindo Conectores, Pain\u00e9is de Termina\u00e7\u00e3o, Caixas de Emenda e muito mais.\u00a0 Nossos produtos de Termina\u00e7\u00e3o de Rede de Fibra\u00a0<\/p>\n","protected":false},"author":1,"featured_media":0,"parent":0,"menu_order":0,"comment_status":"closed","ping_status":"closed","template":"","meta":{"_acf_changed":false,"_et_pb_use_builder":"on","_et_pb_old_content":"","_et_gb_content_width":"","_joinchat":[],"footnotes":""},"class_list":["post-104237","page","type-page","status-publish","hentry"],"acf":[],"yoast_head":"<!-- This site is optimized with the Yoast SEO plugin v23.6 - https:\/\/yoast.com\/wordpress\/plugins\/seo\/ -->\n<title>Equipamentos para Termina\u00e7\u00e3o de Rede de Fibra<\/title>\n<meta name=\"description\" content=\"Produtos para termina\u00e7\u00e3o de rede de fibra Nilko, maior durabilidade com garantia e assistencia tecnica a prontid\u00e3o.\" \/>\n<meta name=\"robots\" content=\"index, follow, max-snippet:-1, max-image-preview:large, max-video-preview:-1\" \/>\n<link rel=\"canonical\" href=\"https:\/\/lightsteelblue-fish-559119.hostingersite.com\/cabines\/rede-de-fibra-de-terminacao\/\" \/>\n<meta property=\"og:locale\" content=\"pt_PT\" \/>\n<meta property=\"og:type\" content=\"article\" \/>\n<meta property=\"og:title\" content=\"Equipamentos para Termina\u00e7\u00e3o de Rede de Fibra\" \/>\n<meta property=\"og:description\" content=\"Produtos para termina\u00e7\u00e3o de rede de fibra Nilko, maior durabilidade com garantia e assistencia tecnica a prontid\u00e3o.\" \/>\n<meta property=\"og:url\" content=\"https:\/\/lightsteelblue-fish-559119.hostingersite.com\/cabines\/rede-de-fibra-de-terminacao\/\" \/>\n<meta property=\"og:site_name\" content=\"Nilko Cabines\" \/>\n<meta property=\"article:modified_time\" content=\"2024-06-11T14:37:56+00:00\" \/>\n<meta name=\"twitter:card\" content=\"summary_large_image\" \/>\n<meta name=\"twitter:label1\" content=\"Tempo estimado de leitura\" \/>\n\t<meta name=\"twitter:data1\" content=\"2 minutos\" \/>\n<script type=\"application\/ld+json\" class=\"yoast-schema-graph\">{\"@context\":\"https:\/\/schema.org\",\"@graph\":[{\"@type\":\"WebPage\",\"@id\":\"https:\/\/lightsteelblue-fish-559119.hostingersite.com\/cabines\/rede-de-fibra-de-terminacao\/\",\"url\":\"https:\/\/lightsteelblue-fish-559119.hostingersite.com\/cabines\/rede-de-fibra-de-terminacao\/\",\"name\":\"Equipamentos para Termina\u00e7\u00e3o de Rede de Fibra\",\"isPartOf\":{\"@id\":\"https:\/\/lightsteelblue-fish-559119.hostingersite.com\/cabines\/#website\"},\"datePublished\":\"2024-03-18T19:03:25+00:00\",\"dateModified\":\"2024-06-11T14:37:56+00:00\",\"description\":\"Produtos para termina\u00e7\u00e3o de rede de fibra Nilko, maior durabilidade com garantia e assistencia tecnica a prontid\u00e3o.\",\"breadcrumb\":{\"@id\":\"https:\/\/lightsteelblue-fish-559119.hostingersite.com\/cabines\/rede-de-fibra-de-terminacao\/#breadcrumb\"},\"inLanguage\":\"pt-PT\",\"potentialAction\":[{\"@type\":\"ReadAction\",\"target\":[\"https:\/\/lightsteelblue-fish-559119.hostingersite.com\/cabines\/rede-de-fibra-de-terminacao\/\"]}]},{\"@type\":\"BreadcrumbList\",\"@id\":\"https:\/\/lightsteelblue-fish-559119.hostingersite.com\/cabines\/rede-de-fibra-de-terminacao\/#breadcrumb\",\"itemListElement\":[{\"@type\":\"ListItem\",\"position\":1,\"name\":\"In\u00edcio\",\"item\":\"https:\/\/nilko.com.br\/cabines\/\"},{\"@type\":\"ListItem\",\"position\":2,\"name\":\"Equipamentos para Termina\u00e7\u00e3o de Rede de Fibra\"}]},{\"@type\":\"WebSite\",\"@id\":\"https:\/\/lightsteelblue-fish-559119.hostingersite.com\/cabines\/#website\",\"url\":\"https:\/\/lightsteelblue-fish-559119.hostingersite.com\/cabines\/\",\"name\":\"Nilko Cabines\",\"description\":\"Solu\u00e7\u00f5es para qualquer aplica\u00e7\u00e3o indoor e outdoor\",\"publisher\":{\"@id\":\"https:\/\/lightsteelblue-fish-559119.hostingersite.com\/cabines\/#organization\"},\"potentialAction\":[{\"@type\":\"SearchAction\",\"target\":{\"@type\":\"EntryPoint\",\"urlTemplate\":\"https:\/\/lightsteelblue-fish-559119.hostingersite.com\/cabines\/?s={search_term_string}\"},\"query-input\":{\"@type\":\"PropertyValueSpecification\",\"valueRequired\":true,\"valueName\":\"search_term_string\"}}],\"inLanguage\":\"pt-PT\"},{\"@type\":\"Organization\",\"@id\":\"https:\/\/lightsteelblue-fish-559119.hostingersite.com\/cabines\/#organization\",\"name\":\"Nilko Cabines\",\"url\":\"https:\/\/lightsteelblue-fish-559119.hostingersite.com\/cabines\/\",\"logo\":{\"@type\":\"ImageObject\",\"inLanguage\":\"pt-PT\",\"@id\":\"https:\/\/lightsteelblue-fish-559119.hostingersite.com\/cabines\/#\/schema\/logo\/image\/\",\"url\":\"https:\/\/lightsteelblue-fish-559119.hostingersite.com\/cabinesv3\/wp-content\/uploads\/2024\/03\/nilko-enclosure.png\",\"contentUrl\":\"https:\/\/lightsteelblue-fish-559119.hostingersite.com\/cabinesv3\/wp-content\/uploads\/2024\/03\/nilko-enclosure.png\",\"width\":125,\"height\":62,\"caption\":\"Nilko Cabines\"},\"image\":{\"@id\":\"https:\/\/lightsteelblue-fish-559119.hostingersite.com\/cabines\/#\/schema\/logo\/image\/\"}}]}<\/script>\n<!-- \/ Yoast SEO plugin. -->","yoast_head_json":{"title":"Equipamentos para Termina\u00e7\u00e3o de Rede de Fibra","description":"Produtos para termina\u00e7\u00e3o de rede de fibra Nilko, maior durabilidade com garantia e assistencia tecnica a prontid\u00e3o.","robots":{"index":"index","follow":"follow","max-snippet":"max-snippet:-1","max-image-preview":"max-image-preview:large","max-video-preview":"max-video-preview:-1"},"canonical":"https:\/\/lightsteelblue-fish-559119.hostingersite.com\/cabines\/rede-de-fibra-de-terminacao\/","og_locale":"pt_PT","og_type":"article","og_title":"Equipamentos para Termina\u00e7\u00e3o de Rede de Fibra","og_description":"Produtos para termina\u00e7\u00e3o de rede de fibra Nilko, maior durabilidade com garantia e assistencia tecnica a prontid\u00e3o.","og_url":"https:\/\/lightsteelblue-fish-559119.hostingersite.com\/cabines\/rede-de-fibra-de-terminacao\/","og_site_name":"Nilko Cabines","article_modified_time":"2024-06-11T14:37:56+00:00","twitter_card":"summary_large_image","twitter_misc":{"Tempo estimado de leitura":"2 minutos"},"schema":{"@context":"https:\/\/schema.org","@graph":[{"@type":"WebPage","@id":"https:\/\/lightsteelblue-fish-559119.hostingersite.com\/cabines\/rede-de-fibra-de-terminacao\/","url":"https:\/\/lightsteelblue-fish-559119.hostingersite.com\/cabines\/rede-de-fibra-de-terminacao\/","name":"Equipamentos para Termina\u00e7\u00e3o de Rede de Fibra","isPartOf":{"@id":"https:\/\/lightsteelblue-fish-559119.hostingersite.com\/cabines\/#website"},"datePublished":"2024-03-18T19:03:25+00:00","dateModified":"2024-06-11T14:37:56+00:00","description":"Produtos para termina\u00e7\u00e3o de rede de fibra Nilko, maior durabilidade com garantia e assistencia tecnica a prontid\u00e3o.","breadcrumb":{"@id":"https:\/\/lightsteelblue-fish-559119.hostingersite.com\/cabines\/rede-de-fibra-de-terminacao\/#breadcrumb"},"inLanguage":"pt-PT","potentialAction":[{"@type":"ReadAction","target":["https:\/\/lightsteelblue-fish-559119.hostingersite.com\/cabines\/rede-de-fibra-de-terminacao\/"]}]},{"@type":"BreadcrumbList","@id":"https:\/\/lightsteelblue-fish-559119.hostingersite.com\/cabines\/rede-de-fibra-de-terminacao\/#breadcrumb","itemListElement":[{"@type":"ListItem","position":1,"name":"In\u00edcio","item":"https:\/\/nilko.com.br\/cabines\/"},{"@type":"ListItem","position":2,"name":"Equipamentos para Termina\u00e7\u00e3o de Rede de Fibra"}]},{"@type":"WebSite","@id":"https:\/\/lightsteelblue-fish-559119.hostingersite.com\/cabines\/#website","url":"https:\/\/lightsteelblue-fish-559119.hostingersite.com\/cabines\/","name":"Nilko Cabines","description":"Solu\u00e7\u00f5es para qualquer aplica\u00e7\u00e3o indoor e outdoor","publisher":{"@id":"https:\/\/lightsteelblue-fish-559119.hostingersite.com\/cabines\/#organization"},"potentialAction":[{"@type":"SearchAction","target":{"@type":"EntryPoint","urlTemplate":"https:\/\/lightsteelblue-fish-559119.hostingersite.com\/cabines\/?s={search_term_string}"},"query-input":{"@type":"PropertyValueSpecification","valueRequired":true,"valueName":"search_term_string"}}],"inLanguage":"pt-PT"},{"@type":"Organization","@id":"https:\/\/lightsteelblue-fish-559119.hostingersite.com\/cabines\/#organization","name":"Nilko Cabines","url":"https:\/\/lightsteelblue-fish-559119.hostingersite.com\/cabines\/","logo":{"@type":"ImageObject","inLanguage":"pt-PT","@id":"https:\/\/lightsteelblue-fish-559119.hostingersite.com\/cabines\/#\/schema\/logo\/image\/","url":"https:\/\/lightsteelblue-fish-559119.hostingersite.com\/cabinesv3\/wp-content\/uploads\/2024\/03\/nilko-enclosure.png","contentUrl":"https:\/\/lightsteelblue-fish-559119.hostingersite.com\/cabinesv3\/wp-content\/uploads\/2024\/03\/nilko-enclosure.png","width":125,"height":62,"caption":"Nilko Cabines"},"image":{"@id":"https:\/\/lightsteelblue-fish-559119.hostingersite.com\/cabines\/#\/schema\/logo\/image\/"}}]}},"_links":{"self":[{"href":"https:\/\/nilko.com.br\/cabines\/wp-json\/wp\/v2\/pages\/104237","targetHints":{"allow":["GET"]}}],"collection":[{"href":"https:\/\/nilko.com.br\/cabines\/wp-json\/wp\/v2\/pages"}],"about":[{"href":"https:\/\/nilko.com.br\/cabines\/wp-json\/wp\/v2\/types\/page"}],"author":[{"embeddable":true,"href":"https:\/\/nilko.com.br\/cabines\/wp-json\/wp\/v2\/users\/1"}],"replies":[{"embeddable":true,"href":"https:\/\/nilko.com.br\/cabines\/wp-json\/wp\/v2\/comments?post=104237"}],"version-history":[{"count":11,"href":"https:\/\/nilko.com.br\/cabines\/wp-json\/wp\/v2\/pages\/104237\/revisions"}],"predecessor-version":[{"id":105021,"href":"https:\/\/nilko.com.br\/cabines\/wp-json\/wp\/v2\/pages\/104237\/revisions\/105021"}],"wp:attachment":[{"href":"https:\/\/nilko.com.br\/cabines\/wp-json\/wp\/v2\/media?parent=104237"}],"curies":[{"name":"wp","href":"https:\/\/api.w.org\/{rel}","templated":true}]}}