{"id":104222,"date":"2024-03-18T18:23:20","date_gmt":"2024-03-18T18:23:20","guid":{"rendered":"https:\/\/lightsteelblue-fish-559119.hostingersite.com\/cabines\/?page_id=104222"},"modified":"2024-06-04T15:14:23","modified_gmt":"2024-06-04T15:14:23","slug":"rede-de-fibra-de-organizacao-2","status":"publish","type":"page","link":"https:\/\/nilko.com.br\/cabines\/rede-de-fibra-de-organizacao-2\/","title":{"rendered":"Rede de Fibra de Organiza\u00e7\u00e3o"},"content":{"rendered":"<p>[et_pb_section fb_built=&#8221;1&#8243; _builder_version=&#8221;4.24.2&#8243; _module_preset=&#8221;default&#8221; background_image=&#8221;https:\/\/lightsteelblue-fish-559119.hostingersite.com\/cabines\/wp-content\/uploads\/2024\/03\/rede-de-fibra-de-organizacao.jpg&#8221; parallax=&#8221;on&#8221; background_pattern_horizontal_offset=&#8221;100%&#8221; background_pattern_vertical_offset=&#8221;26%&#8221; background_pattern_repeat=&#8221;space&#8221; custom_margin=&#8221;-49px||||false|false&#8221; custom_margin_tablet=&#8221;-49px||||false|false&#8221; custom_margin_phone=&#8221;-70px||||false|false&#8221; custom_margin_last_edited=&#8221;on|phone&#8221; custom_padding=&#8221;158px||181px||false|false&#8221; saved_tabs=&#8221;all&#8221; global_colors_info=&#8221;{}&#8221;][et_pb_row _builder_version=&#8221;4.24.2&#8243; _module_preset=&#8221;default&#8221; global_colors_info=&#8221;{}&#8221;][et_pb_column type=&#8221;4_4&#8243; _builder_version=&#8221;4.24.2&#8243; _module_preset=&#8221;default&#8221; global_colors_info=&#8221;{}&#8221;][\/et_pb_column][\/et_pb_row][\/et_pb_section][et_pb_section fb_built=&#8221;1&#8243; _builder_version=&#8221;4.24.2&#8243; _module_preset=&#8221;default&#8221; saved_tabs=&#8221;all&#8221; global_colors_info=&#8221;{}&#8221;][et_pb_row _builder_version=&#8221;4.24.2&#8243; _module_preset=&#8221;default&#8221; background_color=&#8221;#f7f7f7&#8243; custom_margin=&#8221;-91px||||false|false&#8221; border_radii=&#8221;on|14px|14px|14px|14px&#8221; global_colors_info=&#8221;{}&#8221;][et_pb_column type=&#8221;4_4&#8243; _builder_version=&#8221;4.24.2&#8243; _module_preset=&#8221;default&#8221; global_colors_info=&#8221;{}&#8221;][et_pb_text _builder_version=&#8221;4.24.2&#8243; _module_preset=&#8221;default&#8221; header_font=&#8221;|700|||||||&#8221; header_text_align=&#8221;center&#8221; header_text_color=&#8221;#00245B&#8221; header_font_size=&#8221;42px&#8221; global_colors_info=&#8221;{}&#8221;]<\/p>\n<h1><span>Rede de Fibra de Organiza\u00e7\u00e3o<\/span><\/h1>\n<p>[\/et_pb_text][\/et_pb_column][\/et_pb_row][et_pb_row column_structure=&#8221;3_5,2_5&#8243; _builder_version=&#8221;4.24.2&#8243; _module_preset=&#8221;default&#8221; global_colors_info=&#8221;{}&#8221;][et_pb_column type=&#8221;3_5&#8243; _builder_version=&#8221;4.24.2&#8243; _module_preset=&#8221;default&#8221; global_colors_info=&#8221;{}&#8221;][et_pb_text _builder_version=&#8221;4.24.2&#8243; _module_preset=&#8221;default&#8221; text_font_size=&#8221;16px&#8221; global_colors_info=&#8221;{}&#8221;]<\/p>\n<p><span>Os acess\u00f3rios de Rede de Fibra de organiza\u00e7\u00e3o oferecem solu\u00e7\u00f5es essenciais para a organiza\u00e7\u00e3o e armazenamento eficiente de cabos \u00f3pticos em sistemas de telecomunica\u00e7\u00f5es. A Bandeja de Acomoda\u00e7\u00e3o \u00e9 ideal para uso interno em racks, recomendada para armazenar o comprimento excedente dos cord\u00f5es \u00f3pticos, garantindo f\u00e1cil acesso e prote\u00e7\u00e3o contra danos. Com guias de fibras para garantir uma \u00f3tima performance da fibra \u00f3ptica, esta bandeja \u00e9 adequada para instala\u00e7\u00e3o em racks de 19&#8243; ou 23&#8243;. Al\u00e9m disso, \u00e9 resistente \u00e0 corros\u00e3o, proporcionando durabilidade em ambientes internos. O Shelf DGO e o Shelf Splitter s\u00e3o sub-bastidores \u00f3pticos projetados para acomodar cart\u00f5es DGOs e splitters, respectivamente, proporcionando organiza\u00e7\u00e3o e acesso frontal para at\u00e9 12 cart\u00f5es, com capacidade total de conex\u00f5es de fibra \u00f3ptica. Com abas de fixa\u00e7\u00e3o para racks de 19&#8243; e 23&#8243; e constru\u00e7\u00e3o robusta, esses acess\u00f3rios garantem uma distribui\u00e7\u00e3o eficiente e organizada de fibras \u00f3pticas em qualquer ambiente de rede.<\/span><\/p>\n<p>[\/et_pb_text][\/et_pb_column][et_pb_column type=&#8221;2_5&#8243; _builder_version=&#8221;4.24.2&#8243; _module_preset=&#8221;default&#8221; global_colors_info=&#8221;{}&#8221;][et_pb_image src=&#8221;https:\/\/lightsteelblue-fish-559119.hostingersite.com\/cabines\/wp-content\/uploads\/2024\/03\/nk019090-b001-1-500&#215;300-1-1.png&#8221; title_text=&#8221;nk019090-b001-1-500&#215;300-1&#8243; module_class=&#8221;zoooom&#8221; _builder_version=&#8221;4.24.2&#8243; _module_preset=&#8221;default&#8221; custom_margin=&#8221;21px||1px||false|false&#8221; global_colors_info=&#8221;{}&#8221;][\/et_pb_image][\/et_pb_column][\/et_pb_row][\/et_pb_section][et_pb_section fb_built=&#8221;1&#8243; _builder_version=&#8221;4.24.2&#8243; _module_preset=&#8221;default&#8221; custom_padding=&#8221;||4px|||&#8221; global_colors_info=&#8221;{}&#8221;][et_pb_row _builder_version=&#8221;4.24.2&#8243; _module_preset=&#8221;default&#8221; global_colors_info=&#8221;{}&#8221;][et_pb_column type=&#8221;4_4&#8243; _builder_version=&#8221;4.24.2&#8243; _module_preset=&#8221;default&#8221; global_colors_info=&#8221;{}&#8221;][et_pb_text module_id=&#8221;multiuso&#8221; _builder_version=&#8221;4.24.2&#8243; _module_preset=&#8221;default&#8221; header_2_text_color=&#8221;#00245B&#8221; header_2_font_size=&#8221;32px&#8221; hover_enabled=&#8221;0&#8243; global_colors_info=&#8221;{}&#8221; sticky_enabled=&#8221;0&#8243;]<\/p>\n<div class=\"dt-fancy-separator h2-size style-disabled\">\n<h2 class=\"dt-fancy-title\"><span>Nossos produtos de Rede de Fibra de Organiza\u00e7\u00e3o<\/span><\/h2>\n<\/div>\n<p>[\/et_pb_text][\/et_pb_column][\/et_pb_row][\/et_pb_section][et_pb_section fb_built=&#8221;1&#8243; _builder_version=&#8221;4.24.2&#8243; _module_preset=&#8221;default&#8221; custom_padding=&#8221;0px|||||&#8221; saved_tabs=&#8221;all&#8221; global_colors_info=&#8221;{}&#8221;][et_pb_row column_structure=&#8221;1_3,1_3,1_3&#8243; _builder_version=&#8221;4.24.2&#8243; _module_preset=&#8221;default&#8221; custom_margin=&#8221;-93px||27px||false|false&#8221; custom_margin_tablet=&#8221;&#8221; custom_margin_phone=&#8221;-277px||||false|false&#8221; custom_margin_last_edited=&#8221;on|phone&#8221; custom_padding=&#8221;0px||||false|false&#8221; global_colors_info=&#8221;{}&#8221;][et_pb_column type=&#8221;1_3&#8243; _builder_version=&#8221;4.24.2&#8243; _module_preset=&#8221;default&#8221; global_colors_info=&#8221;{}&#8221;][et_pb_image src=&#8221;https:\/\/lightsteelblue-fish-559119.hostingersite.com\/cabines\/wp-content\/uploads\/2024\/03\/SHELF-DGO-500&#215;300-1-1-1.png&#8221; title_text=&#8221;SHELF-DGO-500&#215;300-1-1&#8243; _builder_version=&#8221;4.24.2&#8243; _module_preset=&#8221;default&#8221; custom_margin=&#8221;129px||||false|false&#8221; custom_padding=&#8221;||43px||false|false&#8221; global_colors_info=&#8221;{}&#8221;][\/et_pb_image][et_pb_button button_url=&#8221;@ET-DC@eyJkeW5hbWljIjp0cnVlLCJjb250ZW50IjoicG9zdF9saW5rX3VybF9wcm9kdXRvIiwic2V0dGluZ3MiOnsicG9zdF9pZCI6IjEwMzYyNiJ9fQ==@&#8221; button_text=&#8221;Shelf DGO&#8221; button_alignment=&#8221;center&#8221; _builder_version=&#8221;4.24.2&#8243; _dynamic_attributes=&#8221;button_url&#8221; _module_preset=&#8221;default&#8221; custom_button=&#8221;on&#8221; button_text_color=&#8221;#FFFFFF&#8221; button_bg_color=&#8221;#ffc400&#8243; button_border_color=&#8221;RGBA(255,255,255,0)&#8221; button_font=&#8221;|700|||||||&#8221; button_icon=&#8221;&#x3d;||divi||400&#8243; button_on_hover=&#8221;off&#8221; global_colors_info=&#8221;{}&#8221;][\/et_pb_button][\/et_pb_column][et_pb_column type=&#8221;1_3&#8243; _builder_version=&#8221;4.24.2&#8243; _module_preset=&#8221;default&#8221; global_colors_info=&#8221;{}&#8221;][et_pb_image src=&#8221;https:\/\/lightsteelblue-fish-559119.hostingersite.com\/cabines\/wp-content\/uploads\/2024\/03\/nk019090-b005-3-500&#215;300-1-1.png&#8221; title_text=&#8221;nk019090-b005-3-500&#215;300-1&#8243; _builder_version=&#8221;4.24.2&#8243; _module_preset=&#8221;default&#8221; custom_margin=&#8221;111px||||false|false&#8221; custom_padding=&#8221;7px||48px||false|false&#8221; global_colors_info=&#8221;{}&#8221;][\/et_pb_image][et_pb_button button_url=&#8221;@ET-DC@eyJkeW5hbWljIjp0cnVlLCJjb250ZW50IjoicG9zdF9saW5rX3VybF9wcm9kdXRvIiwic2V0dGluZ3MiOnsicG9zdF9pZCI6IjEwMzYzMCJ9fQ==@&#8221; button_text=&#8221;Shelf Splitter&#8221; button_alignment=&#8221;center&#8221; _builder_version=&#8221;4.24.2&#8243; _dynamic_attributes=&#8221;button_url&#8221; _module_preset=&#8221;default&#8221; custom_button=&#8221;on&#8221; button_text_color=&#8221;#FFFFFF&#8221; button_bg_color=&#8221;#ffc400&#8243; button_border_color=&#8221;RGBA(255,255,255,0)&#8221; button_font=&#8221;|700|||||||&#8221; button_icon=&#8221;&#x3d;||divi||400&#8243; button_on_hover=&#8221;off&#8221; global_colors_info=&#8221;{}&#8221;][\/et_pb_button][\/et_pb_column][et_pb_column type=&#8221;1_3&#8243; _builder_version=&#8221;4.24.2&#8243; _module_preset=&#8221;default&#8221; global_colors_info=&#8221;{}&#8221;][et_pb_image src=&#8221;https:\/\/lightsteelblue-fish-559119.hostingersite.com\/cabines\/wp-content\/uploads\/2024\/03\/bandeja-acomodacao.png-1.webp&#8221; title_text=&#8221;bandeja-acomodacao.png&#8221; _builder_version=&#8221;4.24.2&#8243; _module_preset=&#8221;default&#8221; custom_margin=&#8221;118px||||false|false&#8221; custom_padding=&#8221;||46px||false|false&#8221; global_colors_info=&#8221;{}&#8221;][\/et_pb_image][et_pb_button button_url=&#8221;@ET-DC@eyJkeW5hbWljIjp0cnVlLCJjb250ZW50IjoicG9zdF9saW5rX3VybF9wcm9kdXRvIiwic2V0dGluZ3MiOnsicG9zdF9pZCI6IjEwMzYyMiJ9fQ==@&#8221; button_text=&#8221;Bandeja de Acomoda\u00e7\u00e3o&#8221; button_alignment=&#8221;center&#8221; _builder_version=&#8221;4.24.2&#8243; _dynamic_attributes=&#8221;button_url&#8221; _module_preset=&#8221;default&#8221; custom_button=&#8221;on&#8221; button_text_color=&#8221;#FFFFFF&#8221; button_bg_color=&#8221;#ffc400&#8243; button_border_color=&#8221;RGBA(255,255,255,0)&#8221; button_font=&#8221;|700|||||||&#8221; button_icon=&#8221;&#x3d;||divi||400&#8243; button_on_hover=&#8221;off&#8221; global_colors_info=&#8221;{}&#8221;][\/et_pb_button][\/et_pb_column][\/et_pb_row][\/et_pb_section]<\/p>\n","protected":false},"excerpt":{"rendered":"<p>Rede de Fibra de Organiza\u00e7\u00e3oOs acess\u00f3rios de Rede de Fibra de organiza\u00e7\u00e3o oferecem solu\u00e7\u00f5es essenciais para a organiza\u00e7\u00e3o e armazenamento eficiente de cabos \u00f3pticos em sistemas de telecomunica\u00e7\u00f5es. A Bandeja de Acomoda\u00e7\u00e3o \u00e9 ideal para uso interno em racks, recomendada para armazenar o comprimento excedente dos cord\u00f5es \u00f3pticos, garantindo f\u00e1cil acesso e prote\u00e7\u00e3o contra danos. [&hellip;]<\/p>\n","protected":false},"author":1,"featured_media":0,"parent":0,"menu_order":0,"comment_status":"closed","ping_status":"closed","template":"","meta":{"_acf_changed":false,"_et_pb_use_builder":"on","_et_pb_old_content":"","_et_gb_content_width":"","_joinchat":[],"footnotes":""},"class_list":["post-104222","page","type-page","status-publish","hentry"],"acf":[],"yoast_head":"<!-- This site is optimized with the Yoast SEO plugin v23.6 - https:\/\/yoast.com\/wordpress\/plugins\/seo\/ -->\n<title>Rede de Fibra de Organiza\u00e7\u00e3o - Nilko Cabines<\/title>\n<meta name=\"description\" content=\"Os acess\u00f3rios de Rede de Fibra de organiza\u00e7\u00e3o oferecen solu\u00e7\u00f5es essenciais para a organiza\u00e7\u00e3o e armazenamento eficiente de cabos \u00f3pticos em sistemas de telecomunica\u00e7\u00f5es.\" \/>\n<meta name=\"robots\" content=\"index, follow, max-snippet:-1, max-image-preview:large, max-video-preview:-1\" \/>\n<link rel=\"canonical\" href=\"https:\/\/lightsteelblue-fish-559119.hostingersite.com\/cabines\/rede-de-fibra-de-organizacao-2\/\" \/>\n<meta property=\"og:locale\" content=\"pt_PT\" \/>\n<meta property=\"og:type\" content=\"article\" \/>\n<meta property=\"og:title\" content=\"Rede de Fibra de Organiza\u00e7\u00e3o - Nilko Cabines\" \/>\n<meta property=\"og:description\" content=\"Os acess\u00f3rios de Rede de Fibra de organiza\u00e7\u00e3o oferecen solu\u00e7\u00f5es essenciais para a organiza\u00e7\u00e3o e armazenamento eficiente de cabos \u00f3pticos em sistemas de telecomunica\u00e7\u00f5es.\" \/>\n<meta property=\"og:url\" content=\"https:\/\/lightsteelblue-fish-559119.hostingersite.com\/cabines\/rede-de-fibra-de-organizacao-2\/\" \/>\n<meta property=\"og:site_name\" content=\"Nilko Cabines\" \/>\n<meta property=\"article:modified_time\" content=\"2024-06-04T15:14:23+00:00\" \/>\n<meta name=\"twitter:card\" content=\"summary_large_image\" \/>\n<meta name=\"twitter:label1\" content=\"Tempo estimado de leitura\" \/>\n\t<meta name=\"twitter:data1\" content=\"2 minutos\" \/>\n<script type=\"application\/ld+json\" class=\"yoast-schema-graph\">{\"@context\":\"https:\/\/schema.org\",\"@graph\":[{\"@type\":\"WebPage\",\"@id\":\"https:\/\/lightsteelblue-fish-559119.hostingersite.com\/cabines\/rede-de-fibra-de-organizacao-2\/\",\"url\":\"https:\/\/lightsteelblue-fish-559119.hostingersite.com\/cabines\/rede-de-fibra-de-organizacao-2\/\",\"name\":\"Rede de Fibra de Organiza\u00e7\u00e3o - Nilko Cabines\",\"isPartOf\":{\"@id\":\"https:\/\/lightsteelblue-fish-559119.hostingersite.com\/cabines\/#website\"},\"datePublished\":\"2024-03-18T18:23:20+00:00\",\"dateModified\":\"2024-06-04T15:14:23+00:00\",\"description\":\"Os acess\u00f3rios de Rede de Fibra de organiza\u00e7\u00e3o oferecen solu\u00e7\u00f5es essenciais para a organiza\u00e7\u00e3o e armazenamento eficiente de cabos \u00f3pticos em sistemas de telecomunica\u00e7\u00f5es.\",\"breadcrumb\":{\"@id\":\"https:\/\/lightsteelblue-fish-559119.hostingersite.com\/cabines\/rede-de-fibra-de-organizacao-2\/#breadcrumb\"},\"inLanguage\":\"pt-PT\",\"potentialAction\":[{\"@type\":\"ReadAction\",\"target\":[\"https:\/\/lightsteelblue-fish-559119.hostingersite.com\/cabines\/rede-de-fibra-de-organizacao-2\/\"]}]},{\"@type\":\"BreadcrumbList\",\"@id\":\"https:\/\/lightsteelblue-fish-559119.hostingersite.com\/cabines\/rede-de-fibra-de-organizacao-2\/#breadcrumb\",\"itemListElement\":[{\"@type\":\"ListItem\",\"position\":1,\"name\":\"In\u00edcio\",\"item\":\"https:\/\/nilko.com.br\/cabines\/\"},{\"@type\":\"ListItem\",\"position\":2,\"name\":\"Rede de Fibra de Organiza\u00e7\u00e3o\"}]},{\"@type\":\"WebSite\",\"@id\":\"https:\/\/lightsteelblue-fish-559119.hostingersite.com\/cabines\/#website\",\"url\":\"https:\/\/lightsteelblue-fish-559119.hostingersite.com\/cabines\/\",\"name\":\"Nilko Cabines\",\"description\":\"Solu\u00e7\u00f5es para qualquer aplica\u00e7\u00e3o indoor e outdoor\",\"publisher\":{\"@id\":\"https:\/\/lightsteelblue-fish-559119.hostingersite.com\/cabines\/#organization\"},\"potentialAction\":[{\"@type\":\"SearchAction\",\"target\":{\"@type\":\"EntryPoint\",\"urlTemplate\":\"https:\/\/lightsteelblue-fish-559119.hostingersite.com\/cabines\/?s={search_term_string}\"},\"query-input\":{\"@type\":\"PropertyValueSpecification\",\"valueRequired\":true,\"valueName\":\"search_term_string\"}}],\"inLanguage\":\"pt-PT\"},{\"@type\":\"Organization\",\"@id\":\"https:\/\/lightsteelblue-fish-559119.hostingersite.com\/cabines\/#organization\",\"name\":\"Nilko Cabines\",\"url\":\"https:\/\/lightsteelblue-fish-559119.hostingersite.com\/cabines\/\",\"logo\":{\"@type\":\"ImageObject\",\"inLanguage\":\"pt-PT\",\"@id\":\"https:\/\/lightsteelblue-fish-559119.hostingersite.com\/cabines\/#\/schema\/logo\/image\/\",\"url\":\"https:\/\/lightsteelblue-fish-559119.hostingersite.com\/cabinesv3\/wp-content\/uploads\/2024\/03\/nilko-enclosure.png\",\"contentUrl\":\"https:\/\/lightsteelblue-fish-559119.hostingersite.com\/cabinesv3\/wp-content\/uploads\/2024\/03\/nilko-enclosure.png\",\"width\":125,\"height\":62,\"caption\":\"Nilko Cabines\"},\"image\":{\"@id\":\"https:\/\/lightsteelblue-fish-559119.hostingersite.com\/cabines\/#\/schema\/logo\/image\/\"}}]}<\/script>\n<!-- \/ Yoast SEO plugin. -->","yoast_head_json":{"title":"Rede de Fibra de Organiza\u00e7\u00e3o - Nilko Cabines","description":"Os acess\u00f3rios de Rede de Fibra de organiza\u00e7\u00e3o oferecen solu\u00e7\u00f5es essenciais para a organiza\u00e7\u00e3o e armazenamento eficiente de cabos \u00f3pticos em sistemas de telecomunica\u00e7\u00f5es.","robots":{"index":"index","follow":"follow","max-snippet":"max-snippet:-1","max-image-preview":"max-image-preview:large","max-video-preview":"max-video-preview:-1"},"canonical":"https:\/\/lightsteelblue-fish-559119.hostingersite.com\/cabines\/rede-de-fibra-de-organizacao-2\/","og_locale":"pt_PT","og_type":"article","og_title":"Rede de Fibra de Organiza\u00e7\u00e3o - Nilko Cabines","og_description":"Os acess\u00f3rios de Rede de Fibra de organiza\u00e7\u00e3o oferecen solu\u00e7\u00f5es essenciais para a organiza\u00e7\u00e3o e armazenamento eficiente de cabos \u00f3pticos em sistemas de telecomunica\u00e7\u00f5es.","og_url":"https:\/\/lightsteelblue-fish-559119.hostingersite.com\/cabines\/rede-de-fibra-de-organizacao-2\/","og_site_name":"Nilko Cabines","article_modified_time":"2024-06-04T15:14:23+00:00","twitter_card":"summary_large_image","twitter_misc":{"Tempo estimado de leitura":"2 minutos"},"schema":{"@context":"https:\/\/schema.org","@graph":[{"@type":"WebPage","@id":"https:\/\/lightsteelblue-fish-559119.hostingersite.com\/cabines\/rede-de-fibra-de-organizacao-2\/","url":"https:\/\/lightsteelblue-fish-559119.hostingersite.com\/cabines\/rede-de-fibra-de-organizacao-2\/","name":"Rede de Fibra de Organiza\u00e7\u00e3o - Nilko Cabines","isPartOf":{"@id":"https:\/\/lightsteelblue-fish-559119.hostingersite.com\/cabines\/#website"},"datePublished":"2024-03-18T18:23:20+00:00","dateModified":"2024-06-04T15:14:23+00:00","description":"Os acess\u00f3rios de Rede de Fibra de organiza\u00e7\u00e3o oferecen solu\u00e7\u00f5es essenciais para a organiza\u00e7\u00e3o e armazenamento eficiente de cabos \u00f3pticos em sistemas de telecomunica\u00e7\u00f5es.","breadcrumb":{"@id":"https:\/\/lightsteelblue-fish-559119.hostingersite.com\/cabines\/rede-de-fibra-de-organizacao-2\/#breadcrumb"},"inLanguage":"pt-PT","potentialAction":[{"@type":"ReadAction","target":["https:\/\/lightsteelblue-fish-559119.hostingersite.com\/cabines\/rede-de-fibra-de-organizacao-2\/"]}]},{"@type":"BreadcrumbList","@id":"https:\/\/lightsteelblue-fish-559119.hostingersite.com\/cabines\/rede-de-fibra-de-organizacao-2\/#breadcrumb","itemListElement":[{"@type":"ListItem","position":1,"name":"In\u00edcio","item":"https:\/\/nilko.com.br\/cabines\/"},{"@type":"ListItem","position":2,"name":"Rede de Fibra de Organiza\u00e7\u00e3o"}]},{"@type":"WebSite","@id":"https:\/\/lightsteelblue-fish-559119.hostingersite.com\/cabines\/#website","url":"https:\/\/lightsteelblue-fish-559119.hostingersite.com\/cabines\/","name":"Nilko Cabines","description":"Solu\u00e7\u00f5es para qualquer aplica\u00e7\u00e3o indoor e outdoor","publisher":{"@id":"https:\/\/lightsteelblue-fish-559119.hostingersite.com\/cabines\/#organization"},"potentialAction":[{"@type":"SearchAction","target":{"@type":"EntryPoint","urlTemplate":"https:\/\/lightsteelblue-fish-559119.hostingersite.com\/cabines\/?s={search_term_string}"},"query-input":{"@type":"PropertyValueSpecification","valueRequired":true,"valueName":"search_term_string"}}],"inLanguage":"pt-PT"},{"@type":"Organization","@id":"https:\/\/lightsteelblue-fish-559119.hostingersite.com\/cabines\/#organization","name":"Nilko Cabines","url":"https:\/\/lightsteelblue-fish-559119.hostingersite.com\/cabines\/","logo":{"@type":"ImageObject","inLanguage":"pt-PT","@id":"https:\/\/lightsteelblue-fish-559119.hostingersite.com\/cabines\/#\/schema\/logo\/image\/","url":"https:\/\/lightsteelblue-fish-559119.hostingersite.com\/cabinesv3\/wp-content\/uploads\/2024\/03\/nilko-enclosure.png","contentUrl":"https:\/\/lightsteelblue-fish-559119.hostingersite.com\/cabinesv3\/wp-content\/uploads\/2024\/03\/nilko-enclosure.png","width":125,"height":62,"caption":"Nilko Cabines"},"image":{"@id":"https:\/\/lightsteelblue-fish-559119.hostingersite.com\/cabines\/#\/schema\/logo\/image\/"}}]}},"_links":{"self":[{"href":"https:\/\/nilko.com.br\/cabines\/wp-json\/wp\/v2\/pages\/104222","targetHints":{"allow":["GET"]}}],"collection":[{"href":"https:\/\/nilko.com.br\/cabines\/wp-json\/wp\/v2\/pages"}],"about":[{"href":"https:\/\/nilko.com.br\/cabines\/wp-json\/wp\/v2\/types\/page"}],"author":[{"embeddable":true,"href":"https:\/\/nilko.com.br\/cabines\/wp-json\/wp\/v2\/users\/1"}],"replies":[{"embeddable":true,"href":"https:\/\/nilko.com.br\/cabines\/wp-json\/wp\/v2\/comments?post=104222"}],"version-history":[{"count":5,"href":"https:\/\/nilko.com.br\/cabines\/wp-json\/wp\/v2\/pages\/104222\/revisions"}],"predecessor-version":[{"id":104964,"href":"https:\/\/nilko.com.br\/cabines\/wp-json\/wp\/v2\/pages\/104222\/revisions\/104964"}],"wp:attachment":[{"href":"https:\/\/nilko.com.br\/cabines\/wp-json\/wp\/v2\/media?parent=104222"}],"curies":[{"name":"wp","href":"https:\/\/api.w.org\/{rel}","templated":true}]}}