{"id":3,"date":"2025-08-18T18:21:26","date_gmt":"2025-08-18T18:21:26","guid":{"rendered":"https:\/\/navajowhite-rook-990861.hostingersite.com\/?page_id=3"},"modified":"2025-10-31T12:38:38","modified_gmt":"2025-10-31T12:38:38","slug":"politica-de-privacidade","status":"publish","type":"page","link":"https:\/\/nilko.com.br\/armarios\/politica-de-privacidade\/","title":{"rendered":"Pol\u00edtica de privacidade"},"content":{"rendered":"\t\t<div data-elementor-type=\"wp-page\" data-elementor-id=\"3\" class=\"elementor elementor-3\" data-elementor-post-type=\"page\">\n\t\t\t\t<div class=\"elementor-element elementor-element-f0d1faa e-flex e-con-boxed e-con e-parent\" data-id=\"f0d1faa\" data-element_type=\"container\" data-e-type=\"container\">\n\t\t\t\t\t<div class=\"e-con-inner\">\n\t\t<div class=\"elementor-element elementor-element-e8d03ee e-con-full e-flex e-con e-child\" data-id=\"e8d03ee\" data-element_type=\"container\" data-e-type=\"container\">\n\t\t<div class=\"elementor-element elementor-element-5961d48 e-con-full e-flex e-con e-child\" data-id=\"5961d48\" data-element_type=\"container\" data-e-type=\"container\">\n\t\t\t\t<div class=\"elementor-element elementor-element-cb5ebce elementor-widget-mobile__width-inherit elementor-widget elementor-widget-heading\" data-id=\"cb5ebce\" data-element_type=\"widget\" data-e-type=\"widget\" data-widget_type=\"heading.default\">\n\t\t\t\t\t<h2 class=\"elementor-heading-title elementor-size-default\">Pol\u00edtica de Privacidade<\/h2>\t\t\t\t<\/div>\n\t\t\t\t<\/div>\n\t\t\t\t<\/div>\n\t\t\t\t\t<\/div>\n\t\t\t\t<\/div>\n\t\t<div class=\"elementor-element elementor-element-d6f4a56 e-flex e-con-boxed e-con e-parent\" data-id=\"d6f4a56\" data-element_type=\"container\" data-e-type=\"container\">\n\t\t\t\t\t<div class=\"e-con-inner\">\n\t\t\t\t<div class=\"elementor-element elementor-element-4760aa51 elementor-widget elementor-widget-text-editor\" data-id=\"4760aa51\" data-element_type=\"widget\" data-e-type=\"widget\" data-widget_type=\"text-editor.default\">\n\t\t\t\t\t\t\t\t\t<p>A privacidade dos visitantes do nosso site \u00e9 muito importante para n\u00f3s, e estamos comprometidos em proteg\u00ea-la. Esta pol\u00edtica explica o que faremos com suas informa\u00e7\u00f5es pessoais.<\/p><p>Consentir com o uso de cookies de acordo com os termos desta pol\u00edtica quando voc\u00ea acessa nosso site pela primeira vez nos permite usar cookies toda vez que voc\u00ea acessa nosso site.<\/p><p>A Nilko n\u00e3o coleta informa\u00e7\u00f5es pessoais que possam identific\u00e1-lo (nome, endere\u00e7o, e-mail, n\u00famero de telefone) sem que voc\u00ea as forne\u00e7a voluntariamente. A Nilko pode solicitar informa\u00e7\u00f5es pessoais para responder as suas d\u00favidas; a fim de poder atender as requisi\u00e7\u00f5es de seus visitantes. A Nilko n\u00e3o vai compartilhar estas informa\u00e7\u00f5es pessoais com terceiros sem a sua permiss\u00e3o, exceto quando for necess\u00e1rio para atender sua requisi\u00e7\u00e3o ou responder suas d\u00favidas, atender a alguma lei espec\u00edfica que se aplique, uma ordem judicial ou um processo. Embora nenhum sistema seja 100% imune a ataques externos, a Nilko tomou todas as medidas comercialmente vi\u00e1veis para prevenir acesso n\u00e3o-autorizado e uso impr\u00f3prio da informa\u00e7\u00e3o pessoal de seus visitantes.<\/p><p><strong>Coleta de informa\u00e7\u00f5es pessoais<\/strong><br \/>Os seguintes tipos de informa\u00e7\u00f5es pessoais podem ser coletados, armazenados e usados:<\/p><ol><li style=\"list-style-type: none;\"><ol><li>informa\u00e7\u00f5es sobre suas visitas e uso deste site, incluindo fonte de refer\u00eancia, dura\u00e7\u00e3o da visita, visualiza\u00e7\u00f5es de p\u00e1gina e caminhos de navega\u00e7\u00e3o no site;<\/li><li>informa\u00e7\u00f5es sobre o seu computador, incluindo seu endere\u00e7o IP, localiza\u00e7\u00e3o geogr\u00e1fica, tipo e vers\u00e3o do navegador e sistema operacional;<\/li><li>informa\u00e7\u00f5es que voc\u00ea compartilha ao preencher formul\u00e1rios e\/ou chats \u2013 por exemplo, seu nome, cpf, e-mail, telefone, informa\u00e7\u00f5es educacionais e de emprego (em caso de envios de curr\u00edculos), entre outros;<\/li><li>informa\u00e7\u00f5es, como seu nome e endere\u00e7o de e-mail, que voc\u00ea digita para configurar assinaturas de nossos e-mails e\/ou newsletters;<\/li><li>informa\u00e7\u00f5es que voc\u00ea digita durante o uso dos servi\u00e7os em nosso site;<\/li><li>informa\u00e7\u00f5es geradas ao usar nosso site, incluindo quando, com que frequ\u00eancia e em que circunst\u00e2ncias voc\u00ea o utiliza;<\/li><li>informa\u00e7\u00f5es contidas em quaisquer comunica\u00e7\u00f5es que voc\u00ea nos envia por e-mail ou atrav\u00e9s de nosso site, incluindo o conte\u00fado e os metadados da comunica\u00e7\u00e3o;<\/li><li>qualquer outra informa\u00e7\u00e3o pessoal que voc\u00ea nos enviar.<\/li><\/ol><\/li><\/ol><p>Antes de nos divulgar informa\u00e7\u00f5es pessoais de outra pessoa ou empresa, voc\u00ea deve obter o consentimento da mesma para a divulga\u00e7\u00e3o e o processamento dessas informa\u00e7\u00f5es de acordo com esta pol\u00edtica.<\/p><p><strong>Uso de suas informa\u00e7\u00f5es pessoais<\/strong><br \/>As informa\u00e7\u00f5es pessoais que nos s\u00e3o enviadas por meio de nosso site ser\u00e3o usadas para os fins especificados nesta pol\u00edtica ou nas p\u00e1ginas relevantes do site. Podemos usar suas informa\u00e7\u00f5es pessoais para o seguinte:<\/p><ol><li style=\"list-style-type: none;\"><ol><li>personalizar nosso site para voc\u00ea;<\/li><li>administrar nosso site e nossos neg\u00f3cios;<\/li><li>possibilitar o uso dos servi\u00e7os dispon\u00edveis em nosso site;<\/li><li>enviar or\u00e7amentos solicitados atrav\u00e9s do nosso site;<\/li><li>entrar em contato via telefone, caso voc\u00ea tenha sido solicitado;<\/li><li>enviar comunica\u00e7\u00f5es comerciais que n\u00e3o sejam de marketing;<\/li><li>enviar notifica\u00e7\u00f5es por e-mail solicitadas especificamente por voc\u00ea;<\/li><li>enviar nossa newsletter por e-mail, caso voc\u00ea a tenha solicitado (voc\u00ea pode nos informar a qualquer momento se n\u00e3o quiser mais receber a newsletter);<\/li><li>enviar comunica\u00e7\u00f5es de marketing relacionadas aos nossos neg\u00f3cios que acreditamos ser do seu interesse, por correio ou, onde voc\u00ea especificamente concordou com isso, por e-mail ou tecnologia semelhante (voc\u00ea pode nos informar a qualquer momento se n\u00e3o mais quiser mais receber comunica\u00e7\u00f5es de marketing);<\/li><li>fornecer a terceiros informa\u00e7\u00f5es estat\u00edsticas sobre nossos usu\u00e1rios (mas esses terceiros n\u00e3o poder\u00e3o identificar nenhum usu\u00e1rio individual a partir dessas informa\u00e7\u00f5es);<\/li><li>lidar com perguntas e reclama\u00e7\u00f5es feitas por voc\u00ea;<\/li><li>manter nosso site seguro e evitar fraudes;<\/li><li>verificar a conformidade com os termos e condi\u00e7\u00f5es que regem o uso do nosso site (incluindo o monitoramento de mensagens enviadas por meio do servi\u00e7o de chat do nosso site); e<\/li><\/ol><\/li><\/ol><p>Sem seu consentimento expresso, n\u00e3o forneceremos suas informa\u00e7\u00f5es pessoais a terceiros para fins de marketing direto por parte deles ou de terceiros.<\/p><p><strong>Divulga\u00e7\u00e3o de informa\u00e7\u00f5es pessoais<\/strong><br \/>Podemos divulgar suas informa\u00e7\u00f5es pessoais a qualquer um de nossos funcion\u00e1rios, consultores, revendedores, representantes, fornecedores ou subcontratados conforme razoavelmente necess\u00e1rio para os fins estabelecidos nesta pol\u00edtica.<\/p><p>Podemos divulgar suas informa\u00e7\u00f5es pessoais a qualquer membro de nosso grupo de empresas conforme razoavelmente necess\u00e1rio para os fins estabelecidos nesta pol\u00edtica.<\/p><p>Podemos divulgar suas informa\u00e7\u00f5es pessoais:<\/p><ol><li style=\"list-style-type: none;\"><ol><li>em rela\u00e7\u00e3o a qualquer processo judicial em andamento ou potencial;<\/li><li>na medida em que somos obrigados a faz\u00ea-lo por lei;<\/li><li>para estabelecer, exercer ou defender nossos direitos legais (incluindo fornecer informa\u00e7\u00f5es a terceiros para fins de preven\u00e7\u00e3o de fraudes);<\/li><li>para revendedores, representantes ou vendedores locais que possam responder solicita\u00e7\u00f5es de or\u00e7amentos e condi\u00e7\u00f5es comerciais; e<\/li><\/ol><\/li><\/ol><p>Exceto conforme estabelecido nesta pol\u00edtica, n\u00e3o forneceremos suas informa\u00e7\u00f5es pessoais a terceiros.<\/p><p><strong>Transfer\u00eancias internacionais de dados<\/strong><\/p><ol><li>As informa\u00e7\u00f5es que coletamos podem ser armazenadas, processadas e transferidas entre qualquer um dos pa\u00edses em que operamos, a fim de nos permitir usar as informa\u00e7\u00f5es de acordo com esta pol\u00edtica.<\/li><li>Voc\u00ea concorda expressamente com as transfer\u00eancias de informa\u00e7\u00f5es pessoais descritas nesta se\u00e7\u00e3o.<\/li><\/ol><p>Reten\u00e7\u00e3o de informa\u00e7\u00f5es pessoais<\/p><ol><li>Esta se\u00e7\u00e3o define nossas pol\u00edticas e procedimentos de reten\u00e7\u00e3o de dados, projetados para ajudar a garantir o cumprimento de nossas obriga\u00e7\u00f5es legais em rela\u00e7\u00e3o \u00e0 reten\u00e7\u00e3o e exclus\u00e3o de informa\u00e7\u00f5es pessoais.<\/li><li>As informa\u00e7\u00f5es pessoais que processamos para qualquer prop\u00f3sito n\u00e3o devem ser mantidas por mais de 12 meses;<\/li><li>N\u00e3o obstante as outras disposi\u00e7\u00f5es desta se\u00e7\u00e3o, reteremos documentos (incluindo documentos eletr\u00f4nicos) que contenham dados pessoais:<\/li><li>na medida em que somos obrigados a faz\u00ea-lo por lei;<\/li><li>se acreditarmos que os documentos podem ser relevantes para qualquer processo judicial em andamento ou potencial; e<\/li><li>para estabelecer, exercer ou defender nossos direitos legais (incluindo fornecer informa\u00e7\u00f5es a terceiros para fins de preven\u00e7\u00e3o de fraudes e redu\u00e7\u00e3o do risco de cr\u00e9dito).<\/li><\/ol><p><strong><br \/>Seguran\u00e7a de suas informa\u00e7\u00f5es pessoais<\/strong><\/p><ol><li>Tomaremos as devidas precau\u00e7\u00f5es t\u00e9cnicas e organizacionais para evitar a perda, mau uso ou altera\u00e7\u00e3o de suas informa\u00e7\u00f5es pessoais.<\/li><li>Armazenaremos todas as suas informa\u00e7\u00f5es pessoais fornecidas em nossos servidores seguros.<\/li><li>Voc\u00ea reconhece que a transmiss\u00e3o de informa\u00e7\u00f5es pela internet \u00e9 inerentemente insegura e que n\u00e3o podemos garantir a seguran\u00e7a dos dados enviados pela internet.<\/li><\/ol><p><strong><br \/>Altera\u00e7\u00f5es<\/strong><br \/>Podemos atualizar esta pol\u00edtica periodicamente, atrav\u00e9s da publica\u00e7\u00e3o de uma nova vers\u00e3o em nosso site. Voc\u00ea deve verificar esta p\u00e1gina ocasionalmente para garantir que compreende quaisquer altera\u00e7\u00f5es nesta pol\u00edtica.<\/p><p><strong>Seus direitos<\/strong><br \/>Voc\u00ea pode nos instruir a fornecer qualquer informa\u00e7\u00e3o pessoal que detenhamos sobre voc\u00ea; o fornecimento dessas informa\u00e7\u00f5es estar\u00e1 sujeito ao seguinte:<\/p><ol><li>Enviar solicita\u00e7\u00e3o para o e-mail\u00a0<a href=\"mailto:nilko@nilko.com.br\" target=\"_blank\" rel=\"noopener\" data-fpl-component=\"primitive\">nilko@nilko.com.br<\/a>;<\/li><li>fornecimento de evid\u00eancia apropriada de sua identidade para esse objetivo;<\/li><\/ol><p><strong>Sites de terceiros<\/strong><br \/>Nosso site inclui links para e detalhes de sites de terceiros. N\u00e3o temos controle sobre e n\u00e3o somos respons\u00e1veis pelas pol\u00edticas e pr\u00e1ticas de privacidade de terceiros.<\/p><p><strong>Atualiza\u00e7\u00e3o de informa\u00e7\u00f5es<\/strong><br \/>Informe-nos se as informa\u00e7\u00f5es pessoais que mantemos sobre voc\u00ea precisam ser corrigidas ou atualizadas.<\/p><p><strong>Cookies<\/strong><br \/>Nosso site usa cookies. Um cookie \u00e9 um arquivo que cont\u00e9m um identificador (uma sequ\u00eancia de letras e n\u00fameros) que \u00e9 enviado por um servidor da web para um navegador e armazenado pelo navegador. O identificador \u00e9 ent\u00e3o enviado de volta ao servidor toda vez que o navegador solicita uma p\u00e1gina do servidor. Os cookies podem ser cookies \u201cpersistentes\u201d ou cookies \u201cde sess\u00e3o\u201d: um cookie persistente ser\u00e1 armazenado por um navegador e permanecer\u00e1 v\u00e1lido at\u00e9 a data de vencimento definida, a menos que seja exclu\u00eddo pelo usu\u00e1rio antes da data de vencimento; um cookie de sess\u00e3o, por outro lado, expirar\u00e1 no final da sess\u00e3o do usu\u00e1rio, quando o navegador for fechado. Os cookies normalmente n\u00e3o cont\u00eam nenhuma informa\u00e7\u00e3o que identifique pessoalmente um usu\u00e1rio, mas as informa\u00e7\u00f5es pessoais que armazenamos sobre voc\u00ea podem estar vinculadas \u00e0s informa\u00e7\u00f5es armazenadas e obtidas a partir de cookies.<\/p><p>Os nomes dos cookies que usamos em nosso site e os prop\u00f3sitos para os quais s\u00e3o usados est\u00e3o descritos abaixo:<\/p><ol><li>usamos o Google Analytics e o Google Ads em nosso site para reconhecer um computador quando um usu\u00e1rio acessa o site, rastrear usu\u00e1rios enquanto eles navegam no site, melhorar a usabilidade do site, analisar o uso do site, coletar informa\u00e7\u00f5es demogr\u00e1ficas, origem do tr\u00e1fego, administrar o site, evitar fraudes e melhorar a seguran\u00e7a do site, segmentar an\u00fancios que podem ser de interesse particular para usu\u00e1rios espec\u00edficos;<\/li><\/ol><p>A maioria dos navegadores permite que voc\u00ea se recuse a aceitar cookies \u2013 por exemplo:<\/p><ol><li>no Internet Explorer (vers\u00e3o 10), voc\u00ea pode bloquear cookies usando as configura\u00e7\u00f5es dispon\u00edveis de cancelamento de manipula\u00e7\u00e3o de cookies clicando em \u201cFerramentas\u201d, \u201cOp\u00e7\u00f5es da Internet\u201d \u201cPrivacidade\u201d e \u201cAvan\u00e7ado\u201d;<\/li><li>no Firefox (vers\u00e3o 24), voc\u00ea pode bloquear todos os cookies clicando em \u201cFerramentas\u201d, \u201cOp\u00e7\u00f5es\u201d, \u201cPrivacidade\u201d, selecionando \u201cUsar configura\u00e7\u00f5es personalizadas para o hist\u00f3rico\u201d no menu suspenso e desmarcando \u201cAceitar cookies de sites\u201d ; e<\/li><li>no Chrome (vers\u00e3o 29), voc\u00ea pode bloquear todos os cookies acessando o menu \u201cPersonalizar e controlar\u201d e clicando em \u201cConfigura\u00e7\u00f5es\u201d, \u201cAvan\u00e7ado\u201d e \u201cConfigura\u00e7\u00f5es do site\u201d e, em seguida, selecionando \u201cBloquear cookies de terceiros\u201d na se\u00e7\u00e3o \u201cCookies e dados do site\u201d.<\/li><\/ol><p>O bloqueio de todos os cookies causar\u00e1 um impacto negativo na usabilidade de muitos sites. Se voc\u00ea bloquear os cookies, n\u00e3o poder\u00e1 usar todos os recursos em nosso site.<\/p><p>Voc\u00ea pode excluir os cookies que j\u00e1 est\u00e3o armazenados no seu computador \u2013 por exemplo:<\/p><ol><li>no Internet Explorer (vers\u00e3o 10), voc\u00ea deve excluir os arquivos de cookies manualmente (confira instru\u00e7\u00f5es para faz\u00ea-lo em\u00a0<a href=\"http:\/\/support.microsoft.com\/kb\/278835\" target=\"_blank\" rel=\"noopener\" data-fpl-component=\"primitive\">http:\/\/support.microsoft.com\/kb\/278835<\/a>);<\/li><li>no Firefox (vers\u00e3o 24), voc\u00ea pode excluir os cookies clicando em \u201cFerramentas\u201d, \u201cOp\u00e7\u00f5es\u201d, \u201cPrivacidade\u201d, selecionando \u201cUsar configura\u00e7\u00f5es personalizadas para o hist\u00f3rico\u201d, clicando em \u201cMostrar cookies\u201d e, ent\u00e3o, em \u201cRemover todos os cookies\u201d; e<\/li><li>no Chrome (vers\u00e3o 29), voc\u00ea pode excluir todos os cookies acessando o menu \u201cPersonalizar e controlar\u201d e clicando em \u201cConfigura\u00e7\u00f5es\u201d, \u201cAvan\u00e7ado\u201d, \u201cLimpar dados de navega\u00e7\u00e3o\u201d e, em seguida, selecionando \u201cExcluir cookies e outros dados de sites e plugins\u201d antes de clicar em \u201cLimpar dados de navega\u00e7\u00e3o\u201d.<\/li><\/ol><p>A exclus\u00e3o de cookies causar\u00e1 um impacto negativo na usabilidade de muitos sites.<\/p>\t\t\t\t\t\t\t\t<\/div>\n\t\t\t\t\t<\/div>\n\t\t\t\t<\/div>\n\t\t\t\t<\/div>\n\t\t","protected":false},"excerpt":{"rendered":"<p>Pol\u00edtica de Privacidade A privacidade dos visitantes do nosso site \u00e9 muito importante para n\u00f3s, e estamos comprometidos em proteg\u00ea-la. Esta pol\u00edtica explica o que faremos com suas informa\u00e7\u00f5es pessoais. Consentir com o uso de cookies de acordo com os termos desta pol\u00edtica quando voc\u00ea acessa nosso site pela primeira vez nos permite usar cookies [&hellip;]<\/p>\n","protected":false},"author":1,"featured_media":0,"parent":0,"menu_order":0,"comment_status":"closed","ping_status":"closed","template":"","meta":{"_monsterinsights_skip_tracking":false,"_monsterinsights_sitenote_active":false,"_monsterinsights_sitenote_note":"","_monsterinsights_sitenote_category":0,"iawp_total_views":1,"footnotes":""},"class_list":["post-3","page","type-page","status-publish","hentry"],"_links":{"self":[{"href":"https:\/\/nilko.com.br\/armarios\/wp-json\/wp\/v2\/pages\/3","targetHints":{"allow":["GET"]}}],"collection":[{"href":"https:\/\/nilko.com.br\/armarios\/wp-json\/wp\/v2\/pages"}],"about":[{"href":"https:\/\/nilko.com.br\/armarios\/wp-json\/wp\/v2\/types\/page"}],"author":[{"embeddable":true,"href":"https:\/\/nilko.com.br\/armarios\/wp-json\/wp\/v2\/users\/1"}],"replies":[{"embeddable":true,"href":"https:\/\/nilko.com.br\/armarios\/wp-json\/wp\/v2\/comments?post=3"}],"version-history":[{"count":0,"href":"https:\/\/nilko.com.br\/armarios\/wp-json\/wp\/v2\/pages\/3\/revisions"}],"wp:attachment":[{"href":"https:\/\/nilko.com.br\/armarios\/wp-json\/wp\/v2\/media?parent=3"}],"curies":[{"name":"wp","href":"https:\/\/api.w.org\/{rel}","templated":true}]}}