{"id":23,"date":"2025-08-18T18:27:30","date_gmt":"2025-08-18T18:27:30","guid":{"rendered":"https:\/\/navajowhite-rook-990861.hostingersite.com\/?page_id=23"},"modified":"2025-10-31T12:43:46","modified_gmt":"2025-10-31T12:43:46","slug":"politica-de-qualidade","status":"publish","type":"page","link":"https:\/\/nilko.com.br\/armarios\/politica-de-qualidade\/","title":{"rendered":"Pol\u00edtica de qualidade"},"content":{"rendered":"\t\t<div data-elementor-type=\"wp-page\" data-elementor-id=\"23\" class=\"elementor elementor-23\" data-elementor-post-type=\"page\">\n\t\t\t\t<div class=\"elementor-element elementor-element-9aa9266 e-flex e-con-boxed e-con e-parent\" data-id=\"9aa9266\" data-element_type=\"container\" data-e-type=\"container\">\n\t\t\t\t\t<div class=\"e-con-inner\">\n\t\t<div class=\"elementor-element elementor-element-a3d752c e-con-full e-flex e-con e-child\" data-id=\"a3d752c\" data-element_type=\"container\" data-e-type=\"container\">\n\t\t<div class=\"elementor-element elementor-element-8e79216 e-con-full e-flex e-con e-child\" data-id=\"8e79216\" data-element_type=\"container\" data-e-type=\"container\">\n\t\t\t\t<div class=\"elementor-element elementor-element-deac53e elementor-widget-mobile__width-inherit elementor-widget elementor-widget-heading\" data-id=\"deac53e\" data-element_type=\"widget\" data-e-type=\"widget\" data-widget_type=\"heading.default\">\n\t\t\t\t\t<h2 class=\"elementor-heading-title elementor-size-default\">Pol\u00edtica de Qualidade<\/h2>\t\t\t\t<\/div>\n\t\t\t\t<\/div>\n\t\t\t\t<\/div>\n\t\t\t\t\t<\/div>\n\t\t\t\t<\/div>\n\t\t<div class=\"elementor-element elementor-element-a9ba424 e-flex e-con-boxed e-con e-parent\" data-id=\"a9ba424\" data-element_type=\"container\" data-e-type=\"container\">\n\t\t\t\t\t<div class=\"e-con-inner\">\n\t\t\t\t<div class=\"elementor-element elementor-element-218b835 elementor-widget__width-initial elementor-widget-mobile__width-inherit elementor-widget elementor-widget-text-editor\" data-id=\"218b835\" data-element_type=\"widget\" data-e-type=\"widget\" data-widget_type=\"text-editor.default\">\n\t\t\t\t\t\t\t\t\t<p>Atender as expectativas de seus clientes e interessados ao conceber, construir e fornecer produtos, servi\u00e7os e solu\u00e7\u00f5es confi\u00e1veis e de qualidade em metalurgia e inje\u00e7\u00e3o pl\u00e1stica.<br \/><br \/>Melhorar de forma cont\u00ednua seus processos, produtos e Sistema de Gest\u00e3o da Qualidade e seus requisitos aplic\u00e1veis, atrav\u00e9s da gest\u00e3o por indicadores e estrat\u00e9gia da organiza\u00e7\u00e3o.<br \/><br \/>Melhorar de forma cont\u00ednua o Sistema de Gest\u00e3o Ambiental, atuando de forma respons\u00e1vel, preservando o meio ambiente e prevenindo a polui\u00e7\u00e3o, al\u00e9m de utilizar recursos de forma consciente, atendendo a requisitos legais e outros requisitos aplic\u00e1veis.<br \/><br \/>Revis\u00e3o 07 \u2013 16\/12\/2024<\/p>\t\t\t\t\t\t\t\t<\/div>\n\t\t\t\t<div class=\"elementor-element elementor-element-a2005e7 elementor-widget-mobile__width-inherit elementor-widget elementor-widget-image\" data-id=\"a2005e7\" data-element_type=\"widget\" data-e-type=\"widget\" data-widget_type=\"image.default\">\n\t\t\t\t\t\t\t\t\t\t\t\t\t\t\t<img decoding=\"async\" width=\"187\" height=\"188\" src=\"https:\/\/nilko.com.br\/armarios\/wp-content\/uploads\/2025\/08\/selo-nilko.svg\" class=\"attachment-full size-full wp-image-245\" alt=\"selo nilko\" title=\"\">\t\t\t\t\t\t\t\t\t\t\t\t\t\t\t<\/div>\n\t\t\t\t\t<\/div>\n\t\t\t\t<\/div>\n\t\t\t\t<\/div>\n\t\t","protected":false},"excerpt":{"rendered":"<p>Pol\u00edtica de Qualidade Atender as expectativas de seus clientes e interessados ao conceber, construir e fornecer produtos, servi\u00e7os e solu\u00e7\u00f5es confi\u00e1veis e de qualidade em metalurgia e inje\u00e7\u00e3o pl\u00e1stica. Melhorar de forma cont\u00ednua seus processos, produtos e Sistema de Gest\u00e3o da Qualidade e seus requisitos aplic\u00e1veis, atrav\u00e9s da gest\u00e3o por indicadores e estrat\u00e9gia da organiza\u00e7\u00e3o. [&hellip;]<\/p>\n","protected":false},"author":1,"featured_media":0,"parent":0,"menu_order":0,"comment_status":"closed","ping_status":"closed","template":"","meta":{"_monsterinsights_skip_tracking":false,"_monsterinsights_sitenote_active":false,"_monsterinsights_sitenote_note":"","_monsterinsights_sitenote_category":0,"iawp_total_views":2,"footnotes":""},"class_list":["post-23","page","type-page","status-publish","hentry"],"_links":{"self":[{"href":"https:\/\/nilko.com.br\/armarios\/wp-json\/wp\/v2\/pages\/23","targetHints":{"allow":["GET"]}}],"collection":[{"href":"https:\/\/nilko.com.br\/armarios\/wp-json\/wp\/v2\/pages"}],"about":[{"href":"https:\/\/nilko.com.br\/armarios\/wp-json\/wp\/v2\/types\/page"}],"author":[{"embeddable":true,"href":"https:\/\/nilko.com.br\/armarios\/wp-json\/wp\/v2\/users\/1"}],"replies":[{"embeddable":true,"href":"https:\/\/nilko.com.br\/armarios\/wp-json\/wp\/v2\/comments?post=23"}],"version-history":[{"count":0,"href":"https:\/\/nilko.com.br\/armarios\/wp-json\/wp\/v2\/pages\/23\/revisions"}],"wp:attachment":[{"href":"https:\/\/nilko.com.br\/armarios\/wp-json\/wp\/v2\/media?parent=23"}],"curies":[{"name":"wp","href":"https:\/\/api.w.org\/{rel}","templated":true}]}}